{"id":13787,"date":"2024-03-21T17:43:22","date_gmt":"2024-03-21T17:43:22","guid":{"rendered":"https:\/\/limamentor.com\/kaffeefahrt\/"},"modified":"2025-04-29T16:59:58","modified_gmt":"2025-04-29T16:59:58","slug":"kaffeefahrt","status":"publish","type":"page","link":"https:\/\/limamentor.com\/de\/kaffeefahrt\/","title":{"rendered":"Kaffeefahrt"},"content":{"rendered":"\t\t<div data-elementor-type=\"wp-page\" data-elementor-id=\"13787\" class=\"elementor elementor-13787 elementor-11657\" data-elementor-post-type=\"page\">\n\t\t\t\t\t\t<div class=\"elementor-section elementor-top-section elementor-element elementor-element-1ba3212 elementor-section-height-min-height elementor-section-stretched elementor-section-boxed elementor-section-height-default elementor-section-items-middle\" data-id=\"1ba3212\" data-element_type=\"section\" data-e-type=\"section\" data-settings=\"{&quot;stretch_section&quot;:&quot;section-stretched&quot;,&quot;background_background&quot;:&quot;classic&quot;}\">\n\t\t\t\t\t\t\t<div class=\"elementor-background-overlay\"><\/div>\n\t\t\t\t\t\t\t<div class=\"elementor-container elementor-column-gap-no\">\n\t\t\t\t\t<div class=\"elementor-column elementor-col-100 elementor-top-column elementor-element elementor-element-76e3509 animated-fast elementor-invisible\" data-id=\"76e3509\" data-element_type=\"column\" data-e-type=\"column\" data-settings=\"{&quot;animation&quot;:&quot;opal-move-up&quot;,&quot;animation_delay&quot;:250}\">\n\t\t\t<div class=\"elementor-widget-wrap elementor-element-populated\">\n\t\t\t\t\t\t<div class=\"elementor-element elementor-element-18969a1 elementor-widget elementor-widget-heading\" data-id=\"18969a1\" data-element_type=\"widget\" data-e-type=\"widget\" data-widget_type=\"heading.default\">\n\t\t\t\t<div class=\"elementor-widget-container\">\n\t\t\t\t\t<h2 class=\"elementor-heading-title elementor-size-default\">Kaffeefahrt<\/h2>\t\t\t\t<\/div>\n\t\t\t\t<\/div>\n\t\t\t\t\t<\/div>\n\t\t<\/div>\n\t\t\t\t\t<\/div>\n\t\t<\/div>\n\t\t\t\t<div class=\"elementor-section elementor-top-section elementor-element elementor-element-0a9a6f3 elementor-section-stretched elementor-section-content-middle elementor-section-boxed elementor-section-height-default elementor-section-height-default\" data-id=\"0a9a6f3\" data-element_type=\"section\" data-e-type=\"section\" data-settings=\"{&quot;stretch_section&quot;:&quot;section-stretched&quot;,&quot;background_background&quot;:&quot;classic&quot;}\">\n\t\t\t\t\t\t<div class=\"elementor-container elementor-column-gap-no\">\n\t\t\t\t\t<div class=\"elementor-column elementor-col-50 elementor-top-column elementor-element elementor-element-8ac8314 elementor-hidden-phone\" data-id=\"8ac8314\" data-element_type=\"column\" data-e-type=\"column\" data-settings=\"{&quot;background_background&quot;:&quot;classic&quot;}\">\n\t\t\t<div class=\"elementor-widget-wrap elementor-element-populated\">\n\t\t\t\t\t\t<div class=\"elementor-element elementor-element-1afe0e9 elementor-widget elementor-widget-image\" data-id=\"1afe0e9\" data-element_type=\"widget\" data-e-type=\"widget\" data-widget_type=\"image.default\">\n\t\t\t\t<div class=\"elementor-widget-container\">\n\t\t\t\t\t\t\t\t\t\t\t\t\t\t\t<img decoding=\"async\" width=\"768\" height=\"580\" src=\"https:\/\/limamentor.com\/wp-content\/uploads\/2024\/04\/pagina-nueva-005-768x580.jpeg\" class=\"attachment-triply-post-grid size-triply-post-grid wp-image-13794\" alt=\"\" \/>\t\t\t\t\t\t\t\t\t\t\t\t\t\t\t<\/div>\n\t\t\t\t<\/div>\n\t\t\t\t\t<\/div>\n\t\t<\/div>\n\t\t\t\t<div class=\"elementor-column elementor-col-50 elementor-top-column elementor-element elementor-element-208b2bf\" data-id=\"208b2bf\" data-element_type=\"column\" data-e-type=\"column\">\n\t\t\t<div class=\"elementor-widget-wrap elementor-element-populated\">\n\t\t\t\t\t\t<div class=\"elementor-element elementor-element-a123a2f elementor-widget__width-initial animated-fast elementor-invisible elementor-widget elementor-widget-text-editor\" data-id=\"a123a2f\" data-element_type=\"widget\" data-e-type=\"widget\" data-settings=\"{&quot;_animation&quot;:&quot;opal-move-up&quot;}\" data-widget_type=\"text-editor.default\">\n\t\t\t\t<div class=\"elementor-widget-container\">\n\t\t\t\t\t\t\t\t\t<p>Peru gilt als eines der wenigen L\u00e4nder, die den besten Bio-Kaffee der Welt anbieten. Jaen liegt durchschnittlich 800 m \u00fcber dem Meeresspiegel, fast an der Grenze zu Ecuador und bietet ein perfektes Klima und ideale Bedingungen f\u00fcr Kaffee- und Kakaoplantagen, denn in dieser Gegend befinden sich die besten Kaffeeproduzenten Perus.<\/p><p>Auf dieser Reise k\u00f6nnen Sie von den zertifizierten Erzeugern lernen, ihre Techniken und Verfahren kennenlernen und ihre T\u00e4tigkeit miterleben. Au\u00dferdem ist diese Gegend ber\u00fchmt f\u00fcr ihre Wasserf\u00e4lle, von denen Sie einen mit der M\u00f6glichkeit einer Seilrutsche besuchen werden. Au\u00dferdem ein Nationalreservat zum Schutz der in der Region endemischen Flora und Fauna. Eine Reise, die Ihre Sinne und Ihr Bewusstsein wecken wird.<\/p><p><strong>Preis:<\/strong><\/p><p>US$777 pro Person, basierend auf einer Gruppe von 4 Personen und Doppelunterbringung in der besten Unterkunft in jeder Stadt.<\/p><p>US$ 888 pro Person, basierend auf einer Gruppe von 2 Personen und Doppelunterbringung in der besten Unterkunft in jeder Stadt.<\/p><p><strong>Dauer:<\/strong> 5 Tage.<\/p><p><em><strong>Wir k\u00f6nnen\u00a0<a href=\"https:\/\/www.limamentor.com\/tailor-made-tours\/\">ma\u00dfgeschneider<\/a>t\u00a0diese Tour und passen den Preis je nach Anzahl der Teilnehmer an.<\/strong><\/em><\/p><p><em>**Sie k\u00f6nnen die Tour bis zu 12 Stunden vorher ohne Stornogeb\u00fchren stornieren.<\/em><br \/><em>*Kinder unter 12 Jahren erhalten 50% Rabatt.<\/em><br \/><em>*An den wichtigsten Feiertagen: 1. Januar, Gr\u00fcndonnerstag, Karfreitag, 1. Mai, 28. Juli, 29. Juli, 24. Dezember, 25. Dezember, 31. Dezember fallen zus\u00e4tzliche Kosten von 50% an.<\/em><\/p>\t\t\t\t\t\t\t\t<\/div>\n\t\t\t\t<\/div>\n\t\t\t\t\t<\/div>\n\t\t<\/div>\n\t\t\t\t\t<\/div>\n\t\t<\/div>\n\t\t\t\t<div class=\"elementor-section elementor-top-section elementor-element elementor-element-ba6278f elementor-section-stretched elementor-section-content-middle elementor-section-boxed elementor-section-height-default elementor-section-height-default\" data-id=\"ba6278f\" data-element_type=\"section\" data-e-type=\"section\" data-settings=\"{&quot;stretch_section&quot;:&quot;section-stretched&quot;,&quot;background_background&quot;:&quot;classic&quot;}\">\n\t\t\t\t\t\t<div class=\"elementor-container elementor-column-gap-no\">\n\t\t\t\t\t<div class=\"elementor-column elementor-col-50 elementor-top-column elementor-element elementor-element-749d72c\" data-id=\"749d72c\" data-element_type=\"column\" data-e-type=\"column\">\n\t\t\t<div class=\"elementor-widget-wrap elementor-element-populated\">\n\t\t\t\t\t\t<div class=\"elementor-element elementor-element-fc0b558 elementor-widget__width-initial animated-fast elementor-invisible elementor-widget elementor-widget-heading\" data-id=\"fc0b558\" data-element_type=\"widget\" data-e-type=\"widget\" data-settings=\"{&quot;_animation&quot;:&quot;opal-move-up&quot;}\" data-widget_type=\"heading.default\">\n\t\t\t\t<div class=\"elementor-widget-container\">\n\t\t\t\t\t<h2 class=\"elementor-heading-title elementor-size-default\">Reiseplan<\/h2>\t\t\t\t<\/div>\n\t\t\t\t<\/div>\n\t\t\t\t<div class=\"elementor-element elementor-element-b485cc7 elementor-widget__width-initial animated-fast elementor-invisible elementor-widget elementor-widget-text-editor\" data-id=\"b485cc7\" data-element_type=\"widget\" data-e-type=\"widget\" data-settings=\"{&quot;_animation&quot;:&quot;opal-move-up&quot;}\" data-widget_type=\"text-editor.default\">\n\t\t\t\t<div class=\"elementor-widget-container\">\n\t\t\t\t\t\t\t\t\t<h3>Tag 1<\/h3>\n<div>\n<div>Morgens Flug Lima\/Jaen (1 Stunde Dauer). Transfer zu Ihrem Hotel in Jaen und Entspannung f\u00fcr den Rest des Vormittags. Abholung zum Mittagessen in einem lokalen Restaurant. Am Nachmittag besuchen wir zun\u00e4chst ein Familienprojekt, das Imker ist und Ihnen zeigt, wie sie nat\u00fcrlichen, unverf\u00e4lschten und unverarbeiteten Honig produzieren. Verkostung von verschiedenen Honigsorten mit unterschiedlichen medizinischen Zwecken. Zur\u00fcck zum Hotel. Gelegenheit, einen der besten Toaster und Caf\u00e9s in der Gegend zu besuchen. \u00dcbernachtung in Jaen.<\/div>\n<\/div>\n<div> <\/div>\n<div>\n<h3>Tag 2<\/h3>\n<div>\n<p>Morgens fahren Sie zur Finca Los Pinos und machen einen Spaziergang durch die Kaffeeplantagen, gef\u00fchrt von einem der Verantwortlichen dieses nachhaltigen Projekts, das biologischen Kaffee haupts\u00e4chlich f\u00fcr den Export anbietet. Verkostung des Kaffees. Gleich neben diesem Projekt besuchen wir die Finca San Antonio, wo Sie Plantagen mit verschiedenen endemischen Fr\u00fcchten, Kakao und nat\u00fcrlich Kaffee sehen werden. Lernen Sie die handwerkliche Methode des Toastens und Mahlens. Mittagessen in Los Pinos und Transfer nach San Ignacio f\u00fcr einen freien Nachmittag. \u00dcbernachtung in San Ignacio.<\/p>\n<div>\n<h3 style=\"margin-bottom: 0.540791em;\">Tag 3<\/h3>\n<p><span style=\"color: var( --e-global-color-text ); font-family: var( --e-global-typography-text-font-family ), Sans-serif; font-weight: var( --e-global-typography-text-font-weight );\">Fahrt zum Tabaconas Namballe National Sanctuary. Auf dieser 2-st\u00fcndigen Fahrt genie\u00dfen Sie den Blick auf Wasserw\u00e4nde, Kaffeeplantagen, T\u00e4ler und Aufforstungsgebiete. Sobald Sie angekommen sind, werden Sie haupts\u00e4chlich Orchideen und V\u00f6gel beobachten. Dieses Schutzgebiet dient vor allem dem Schutz von Blumen, V\u00f6geln und gro\u00dfen S\u00e4ugetieren wie den Tapiren und Brillenb\u00e4ren, die Sie mit etwas Gl\u00fcck vielleicht beobachten k\u00f6nnen. Mittagessen und R\u00fcckfahrt. Heute ist ein langer Tag, denn es ist ein 11-st\u00fcndiger Ausflug. \u00dcbernachtung in San Ignacio.  <\/span><\/p>\n<h3>Tag 4<\/h3>\n<div class=\"timeline__item\">\n<div class=\"timeline__item__content padding-left\">\n<div class=\"timeline__item__description\">Fahren Sie zum ber\u00fchmtesten Wasserfall der Region im Bezirk Huarango (fast 2 Stunden Fahrt). Wandern Sie durch einen wundersch\u00f6nen Nebelwald, um zum Wasserfall &#8220;Bella Encantadora&#8221; zu gelangen. Sie haben die M\u00f6glichkeit, eine Seilrutsche \u00fcber den Wasserfall zu nehmen. Mittagessen in einem lokalen Restaurant und Besuch der &#8220;Laguna Azul&#8221;, einer wundersch\u00f6nen Lagune in der Gegend. Zur\u00fcck nach San Ignacio und \u00dcbernachtung.<\/div>\n<\/div>\n<\/div>\n<div class=\"timeline__item\"> <\/div>\n<\/div>\n<\/div>\n<div>\n<h3 style=\"margin-bottom: 0.540791em;\">Tag 5<\/h3>\n<p><span style=\"color: var( --e-global-color-text ); font-family: var( --e-global-typography-text-font-family ), Sans-serif; font-weight: var( --e-global-typography-text-font-weight );\">Fahren Sie fast 2 Stunden bis zum Flughafen Shumba in Jaen.<\/span><\/p>\n<\/div>\n<div>\n<div>\n<div>\n<div style=\"color: #333333; font-family: Oxygen; font-size: 15px; background-color: #ffffff;\"> <\/div>\n<\/div>\n<\/div>\n<\/div>\n<\/div>\n\t\t\t\t\t\t\t\t<\/div>\n\t\t\t\t<\/div>\n\t\t\t\t\t<\/div>\n\t\t<\/div>\n\t\t\t\t<div class=\"elementor-column elementor-col-50 elementor-top-column elementor-element elementor-element-5f7b493 elementor-hidden-phone\" data-id=\"5f7b493\" data-element_type=\"column\" data-e-type=\"column\" data-settings=\"{&quot;background_background&quot;:&quot;classic&quot;}\">\n\t\t\t<div class=\"elementor-widget-wrap elementor-element-populated\">\n\t\t\t\t\t\t<div class=\"elementor-element elementor-element-4b94255 elementor-widget elementor-widget-image\" data-id=\"4b94255\" data-element_type=\"widget\" data-e-type=\"widget\" data-widget_type=\"image.default\">\n\t\t\t\t<div class=\"elementor-widget-container\">\n\t\t\t\t\t\t\t\t\t\t\t\t\t\t\t<img decoding=\"async\" width=\"1000\" height=\"580\" src=\"https:\/\/limamentor.com\/wp-content\/uploads\/2024\/04\/pagina-nueva-004.jpeg\" class=\"attachment-full size-full wp-image-13793\" alt=\"\" srcset=\"https:\/\/limamentor.com\/wp-content\/uploads\/2024\/04\/pagina-nueva-004.jpeg 1000w, https:\/\/limamentor.com\/wp-content\/uploads\/2024\/04\/pagina-nueva-004-300x174.jpeg 300w, https:\/\/limamentor.com\/wp-content\/uploads\/2024\/04\/pagina-nueva-004-768x445.jpeg 768w, https:\/\/limamentor.com\/wp-content\/uploads\/2024\/04\/pagina-nueva-004-776x450.jpeg 776w\" sizes=\"(max-width: 1000px) 100vw, 1000px\" \/>\t\t\t\t\t\t\t\t\t\t\t\t\t\t\t<\/div>\n\t\t\t\t<\/div>\n\t\t\t\t\t<\/div>\n\t\t<\/div>\n\t\t\t\t\t<\/div>\n\t\t<\/div>\n\t\t\t\t<\/div>\n\t\t","protected":false},"excerpt":{"rendered":"<p>Kaffeefahrt Peru gilt als eines der wenigen L\u00e4nder, die den besten Bio-Kaffee der Welt anbieten. Jaen liegt durchschnittlich 800 m \u00fcber dem Meeresspiegel, fast an der Grenze zu Ecuador und bietet ein perfektes Klima und ideale Bedingungen f\u00fcr Kaffee- und Kakaoplantagen, denn in dieser Gegend befinden sich die besten Kaffeeproduzenten Perus. Auf dieser Reise k\u00f6nnen [&hellip;]<\/p>\n","protected":false},"author":1,"featured_media":0,"parent":0,"menu_order":0,"comment_status":"closed","ping_status":"closed","template":"elementor_header_footer","meta":{"nf_dc_page":"","inline_featured_image":false,"footnotes":""},"class_list":["post-13787","page","type-page","status-publish","hentry"],"yoast_head":"<!-- This site is optimized with the Yoast SEO plugin v27.4 - https:\/\/yoast.com\/product\/yoast-seo-wordpress\/ -->\n<title>Kaffeefahrt | Lima Mentor<\/title>\n<meta name=\"robots\" content=\"index, follow, max-snippet:-1, max-image-preview:large, max-video-preview:-1\" \/>\n<link rel=\"canonical\" href=\"https:\/\/limamentor.com\/coffee-trip\/\" \/>\n<meta property=\"og:locale\" content=\"de_DE\" \/>\n<meta property=\"og:type\" content=\"article\" \/>\n<meta property=\"og:title\" content=\"Kaffeefahrt | Lima Mentor\" \/>\n<meta property=\"og:description\" content=\"Kaffeefahrt Peru gilt als eines der wenigen L\u00e4nder, die den besten Bio-Kaffee der Welt anbieten. Jaen liegt durchschnittlich 800 m \u00fcber dem Meeresspiegel, fast an der Grenze zu Ecuador und bietet ein perfektes Klima und ideale Bedingungen f\u00fcr Kaffee- und Kakaoplantagen, denn in dieser Gegend befinden sich die besten Kaffeeproduzenten Perus. Auf dieser Reise k\u00f6nnen [&hellip;]\" \/>\n<meta property=\"og:url\" content=\"https:\/\/limamentor.com\/coffee-trip\/\" \/>\n<meta property=\"og:site_name\" content=\"Lima Mentor\" \/>\n<meta property=\"article:publisher\" content=\"https:\/\/www.facebook.com\/limamentor\/?locale=es_LA\" \/>\n<meta property=\"article:modified_time\" content=\"2025-04-29T16:59:58+00:00\" \/>\n<meta property=\"og:image\" content=\"https:\/\/limamentor.com\/wp-content\/uploads\/2024\/04\/pagina-nueva-005.jpeg\" \/>\n\t<meta property=\"og:image:width\" content=\"1000\" \/>\n\t<meta property=\"og:image:height\" content=\"580\" \/>\n\t<meta property=\"og:image:type\" content=\"image\/jpeg\" \/>\n<meta name=\"twitter:card\" content=\"summary_large_image\" \/>\n<meta name=\"twitter:label1\" content=\"Gesch\u00e4tzte Lesezeit\" \/>\n\t<meta name=\"twitter:data1\" content=\"4\u00a0Minuten\" \/>\n<script type=\"application\/ld+json\" class=\"yoast-schema-graph\">{\"@context\":\"https:\\\/\\\/schema.org\",\"@graph\":[{\"@type\":\"WebPage\",\"@id\":\"https:\\\/\\\/limamentor.com\\\/coffee-trip\\\/\",\"url\":\"https:\\\/\\\/limamentor.com\\\/coffee-trip\\\/\",\"name\":\"Kaffeefahrt | Lima Mentor\",\"isPartOf\":{\"@id\":\"https:\\\/\\\/limamentor.com\\\/es\\\/#website\"},\"primaryImageOfPage\":{\"@id\":\"https:\\\/\\\/limamentor.com\\\/coffee-trip\\\/#primaryimage\"},\"image\":{\"@id\":\"https:\\\/\\\/limamentor.com\\\/coffee-trip\\\/#primaryimage\"},\"thumbnailUrl\":\"https:\\\/\\\/limamentor.com\\\/wp-content\\\/uploads\\\/2024\\\/04\\\/pagina-nueva-005-768x580.jpeg\",\"datePublished\":\"2024-03-21T17:43:22+00:00\",\"dateModified\":\"2025-04-29T16:59:58+00:00\",\"breadcrumb\":{\"@id\":\"https:\\\/\\\/limamentor.com\\\/coffee-trip\\\/#breadcrumb\"},\"inLanguage\":\"de\",\"potentialAction\":[{\"@type\":\"ReadAction\",\"target\":[\"https:\\\/\\\/limamentor.com\\\/coffee-trip\\\/\"]}]},{\"@type\":\"ImageObject\",\"inLanguage\":\"de\",\"@id\":\"https:\\\/\\\/limamentor.com\\\/coffee-trip\\\/#primaryimage\",\"url\":\"https:\\\/\\\/limamentor.com\\\/wp-content\\\/uploads\\\/2024\\\/04\\\/pagina-nueva-005-768x580.jpeg\",\"contentUrl\":\"https:\\\/\\\/limamentor.com\\\/wp-content\\\/uploads\\\/2024\\\/04\\\/pagina-nueva-005-768x580.jpeg\"},{\"@type\":\"BreadcrumbList\",\"@id\":\"https:\\\/\\\/limamentor.com\\\/coffee-trip\\\/#breadcrumb\",\"itemListElement\":[{\"@type\":\"ListItem\",\"position\":1,\"name\":\"Home\",\"item\":\"https:\\\/\\\/limamentor.com\\\/\"},{\"@type\":\"ListItem\",\"position\":2,\"name\":\"Kaffeefahrt\"}]},{\"@type\":\"WebSite\",\"@id\":\"https:\\\/\\\/limamentor.com\\\/es\\\/#website\",\"url\":\"https:\\\/\\\/limamentor.com\\\/es\\\/\",\"name\":\"Lima Mentor authentic experiences for you\",\"description\":\"LIMA MENTOR WEB\",\"publisher\":{\"@id\":\"https:\\\/\\\/limamentor.com\\\/es\\\/#organization\"},\"alternateName\":\"Sharing with you the best of the city of Lima, its sights, its culture and its tastes.\",\"potentialAction\":[{\"@type\":\"SearchAction\",\"target\":{\"@type\":\"EntryPoint\",\"urlTemplate\":\"https:\\\/\\\/limamentor.com\\\/es\\\/?s={search_term_string}\"},\"query-input\":{\"@type\":\"PropertyValueSpecification\",\"valueRequired\":true,\"valueName\":\"search_term_string\"}}],\"inLanguage\":\"de\"},{\"@type\":\"Organization\",\"@id\":\"https:\\\/\\\/limamentor.com\\\/es\\\/#organization\",\"name\":\"Lima Mentor\",\"alternateName\":\"Sharing with you the best of the city of Lima, its sights, its culture and its tastes.\",\"url\":\"https:\\\/\\\/limamentor.com\\\/es\\\/\",\"logo\":{\"@type\":\"ImageObject\",\"inLanguage\":\"de\",\"@id\":\"https:\\\/\\\/limamentor.com\\\/es\\\/#\\\/schema\\\/logo\\\/image\\\/\",\"url\":\"https:\\\/\\\/limamentor.com\\\/wp-content\\\/uploads\\\/2024\\\/03\\\/cropped-limamentorlogo.png\",\"contentUrl\":\"https:\\\/\\\/limamentor.com\\\/wp-content\\\/uploads\\\/2024\\\/03\\\/cropped-limamentorlogo.png\",\"width\":318,\"height\":92,\"caption\":\"Lima Mentor\"},\"image\":{\"@id\":\"https:\\\/\\\/limamentor.com\\\/es\\\/#\\\/schema\\\/logo\\\/image\\\/\"},\"sameAs\":[\"https:\\\/\\\/www.facebook.com\\\/limamentor\\\/?locale=es_LA\",\"https:\\\/\\\/www.instagram.com\\\/limamentor\\\/\"]}]}<\/script>\n<!-- \/ Yoast SEO plugin. -->","yoast_head_json":{"title":"Kaffeefahrt | Lima Mentor","robots":{"index":"index","follow":"follow","max-snippet":"max-snippet:-1","max-image-preview":"max-image-preview:large","max-video-preview":"max-video-preview:-1"},"canonical":"https:\/\/limamentor.com\/coffee-trip\/","og_locale":"de_DE","og_type":"article","og_title":"Kaffeefahrt | Lima Mentor","og_description":"Kaffeefahrt Peru gilt als eines der wenigen L\u00e4nder, die den besten Bio-Kaffee der Welt anbieten. Jaen liegt durchschnittlich 800 m \u00fcber dem Meeresspiegel, fast an der Grenze zu Ecuador und bietet ein perfektes Klima und ideale Bedingungen f\u00fcr Kaffee- und Kakaoplantagen, denn in dieser Gegend befinden sich die besten Kaffeeproduzenten Perus. Auf dieser Reise k\u00f6nnen [&hellip;]","og_url":"https:\/\/limamentor.com\/coffee-trip\/","og_site_name":"Lima Mentor","article_publisher":"https:\/\/www.facebook.com\/limamentor\/?locale=es_LA","article_modified_time":"2025-04-29T16:59:58+00:00","og_image":[{"width":1000,"height":580,"url":"https:\/\/limamentor.com\/wp-content\/uploads\/2024\/04\/pagina-nueva-005.jpeg","type":"image\/jpeg"}],"twitter_card":"summary_large_image","twitter_misc":{"Gesch\u00e4tzte Lesezeit":"4\u00a0Minuten"},"schema":{"@context":"https:\/\/schema.org","@graph":[{"@type":"WebPage","@id":"https:\/\/limamentor.com\/coffee-trip\/","url":"https:\/\/limamentor.com\/coffee-trip\/","name":"Kaffeefahrt | Lima Mentor","isPartOf":{"@id":"https:\/\/limamentor.com\/es\/#website"},"primaryImageOfPage":{"@id":"https:\/\/limamentor.com\/coffee-trip\/#primaryimage"},"image":{"@id":"https:\/\/limamentor.com\/coffee-trip\/#primaryimage"},"thumbnailUrl":"https:\/\/limamentor.com\/wp-content\/uploads\/2024\/04\/pagina-nueva-005-768x580.jpeg","datePublished":"2024-03-21T17:43:22+00:00","dateModified":"2025-04-29T16:59:58+00:00","breadcrumb":{"@id":"https:\/\/limamentor.com\/coffee-trip\/#breadcrumb"},"inLanguage":"de","potentialAction":[{"@type":"ReadAction","target":["https:\/\/limamentor.com\/coffee-trip\/"]}]},{"@type":"ImageObject","inLanguage":"de","@id":"https:\/\/limamentor.com\/coffee-trip\/#primaryimage","url":"https:\/\/limamentor.com\/wp-content\/uploads\/2024\/04\/pagina-nueva-005-768x580.jpeg","contentUrl":"https:\/\/limamentor.com\/wp-content\/uploads\/2024\/04\/pagina-nueva-005-768x580.jpeg"},{"@type":"BreadcrumbList","@id":"https:\/\/limamentor.com\/coffee-trip\/#breadcrumb","itemListElement":[{"@type":"ListItem","position":1,"name":"Home","item":"https:\/\/limamentor.com\/"},{"@type":"ListItem","position":2,"name":"Kaffeefahrt"}]},{"@type":"WebSite","@id":"https:\/\/limamentor.com\/es\/#website","url":"https:\/\/limamentor.com\/es\/","name":"Lima Mentor authentic experiences for you","description":"LIMA MENTOR WEB","publisher":{"@id":"https:\/\/limamentor.com\/es\/#organization"},"alternateName":"Sharing with you the best of the city of Lima, its sights, its culture and its tastes.","potentialAction":[{"@type":"SearchAction","target":{"@type":"EntryPoint","urlTemplate":"https:\/\/limamentor.com\/es\/?s={search_term_string}"},"query-input":{"@type":"PropertyValueSpecification","valueRequired":true,"valueName":"search_term_string"}}],"inLanguage":"de"},{"@type":"Organization","@id":"https:\/\/limamentor.com\/es\/#organization","name":"Lima Mentor","alternateName":"Sharing with you the best of the city of Lima, its sights, its culture and its tastes.","url":"https:\/\/limamentor.com\/es\/","logo":{"@type":"ImageObject","inLanguage":"de","@id":"https:\/\/limamentor.com\/es\/#\/schema\/logo\/image\/","url":"https:\/\/limamentor.com\/wp-content\/uploads\/2024\/03\/cropped-limamentorlogo.png","contentUrl":"https:\/\/limamentor.com\/wp-content\/uploads\/2024\/03\/cropped-limamentorlogo.png","width":318,"height":92,"caption":"Lima Mentor"},"image":{"@id":"https:\/\/limamentor.com\/es\/#\/schema\/logo\/image\/"},"sameAs":["https:\/\/www.facebook.com\/limamentor\/?locale=es_LA","https:\/\/www.instagram.com\/limamentor\/"]}]}},"_links":{"self":[{"href":"https:\/\/limamentor.com\/de\/wp-json\/wp\/v2\/pages\/13787","targetHints":{"allow":["GET"]}}],"collection":[{"href":"https:\/\/limamentor.com\/de\/wp-json\/wp\/v2\/pages"}],"about":[{"href":"https:\/\/limamentor.com\/de\/wp-json\/wp\/v2\/types\/page"}],"author":[{"embeddable":true,"href":"https:\/\/limamentor.com\/de\/wp-json\/wp\/v2\/users\/1"}],"replies":[{"embeddable":true,"href":"https:\/\/limamentor.com\/de\/wp-json\/wp\/v2\/comments?post=13787"}],"version-history":[{"count":4,"href":"https:\/\/limamentor.com\/de\/wp-json\/wp\/v2\/pages\/13787\/revisions"}],"predecessor-version":[{"id":14659,"href":"https:\/\/limamentor.com\/de\/wp-json\/wp\/v2\/pages\/13787\/revisions\/14659"}],"wp:attachment":[{"href":"https:\/\/limamentor.com\/de\/wp-json\/wp\/v2\/media?parent=13787"}],"curies":[{"name":"wp","href":"https:\/\/api.w.org\/{rel}","templated":true}]}}