{"id":13864,"date":"2024-03-21T17:00:19","date_gmt":"2024-03-21T17:00:19","guid":{"rendered":"https:\/\/limamentor.com\/amazonas-rueckzug\/"},"modified":"2025-04-29T17:00:07","modified_gmt":"2025-04-29T17:00:07","slug":"amazonas-rueckzug","status":"publish","type":"page","link":"https:\/\/limamentor.com\/de\/amazonas-rueckzug\/","title":{"rendered":"Amazonas R\u00fcckzug"},"content":{"rendered":"\t\t<div data-elementor-type=\"wp-page\" data-elementor-id=\"13864\" class=\"elementor elementor-13864 elementor-11652\" data-elementor-post-type=\"page\">\n\t\t\t\t\t\t<div class=\"elementor-section elementor-top-section elementor-element elementor-element-1ba3212 elementor-section-height-min-height elementor-section-stretched elementor-section-boxed elementor-section-height-default elementor-section-items-middle\" data-id=\"1ba3212\" data-element_type=\"section\" data-e-type=\"section\" data-settings=\"{&quot;stretch_section&quot;:&quot;section-stretched&quot;,&quot;background_background&quot;:&quot;classic&quot;}\">\n\t\t\t\t\t\t\t<div class=\"elementor-background-overlay\"><\/div>\n\t\t\t\t\t\t\t<div class=\"elementor-container elementor-column-gap-no\">\n\t\t\t\t\t<div class=\"elementor-column elementor-col-100 elementor-top-column elementor-element elementor-element-76e3509 animated-fast elementor-invisible\" data-id=\"76e3509\" data-element_type=\"column\" data-e-type=\"column\" data-settings=\"{&quot;animation&quot;:&quot;opal-move-up&quot;,&quot;animation_delay&quot;:250}\">\n\t\t\t<div class=\"elementor-widget-wrap elementor-element-populated\">\n\t\t\t\t\t\t<div class=\"elementor-element elementor-element-18969a1 elementor-widget elementor-widget-heading\" data-id=\"18969a1\" data-element_type=\"widget\" data-e-type=\"widget\" data-widget_type=\"heading.default\">\n\t\t\t\t<div class=\"elementor-widget-container\">\n\t\t\t\t\t<h2 class=\"elementor-heading-title elementor-size-default\">Amazonas R\u00fcckzug<\/h2>\t\t\t\t<\/div>\n\t\t\t\t<\/div>\n\t\t\t\t\t<\/div>\n\t\t<\/div>\n\t\t\t\t\t<\/div>\n\t\t<\/div>\n\t\t\t\t<div class=\"elementor-section elementor-top-section elementor-element elementor-element-0a9a6f3 elementor-section-stretched elementor-section-content-middle elementor-section-boxed elementor-section-height-default elementor-section-height-default\" data-id=\"0a9a6f3\" data-element_type=\"section\" data-e-type=\"section\" data-settings=\"{&quot;stretch_section&quot;:&quot;section-stretched&quot;,&quot;background_background&quot;:&quot;classic&quot;}\">\n\t\t\t\t\t\t<div class=\"elementor-container elementor-column-gap-no\">\n\t\t\t\t\t<div class=\"elementor-column elementor-col-50 elementor-top-column elementor-element elementor-element-8ac8314 elementor-hidden-phone\" data-id=\"8ac8314\" data-element_type=\"column\" data-e-type=\"column\" data-settings=\"{&quot;background_background&quot;:&quot;classic&quot;}\">\n\t\t\t<div class=\"elementor-widget-wrap elementor-element-populated\">\n\t\t\t\t\t\t<div class=\"elementor-element elementor-element-1afe0e9 elementor-widget elementor-widget-image\" data-id=\"1afe0e9\" data-element_type=\"widget\" data-e-type=\"widget\" data-widget_type=\"image.default\">\n\t\t\t\t<div class=\"elementor-widget-container\">\n\t\t\t\t\t\t\t\t\t\t\t\t\t\t\t<img decoding=\"async\" src=\"https:\/\/limamentor.com\/wp-content\/uploads\/2024\/04\/IMG-20240319-WA0050-500x500.jpg\" title=\"IMG-20240319-WA0050\" alt=\"IMG-20240319-WA0050\" loading=\"lazy\" \/>\t\t\t\t\t\t\t\t\t\t\t\t\t\t\t<\/div>\n\t\t\t\t<\/div>\n\t\t\t\t\t<\/div>\n\t\t<\/div>\n\t\t\t\t<div class=\"elementor-column elementor-col-50 elementor-top-column elementor-element elementor-element-208b2bf\" data-id=\"208b2bf\" data-element_type=\"column\" data-e-type=\"column\">\n\t\t\t<div class=\"elementor-widget-wrap elementor-element-populated\">\n\t\t\t\t\t\t<div class=\"elementor-element elementor-element-a123a2f elementor-widget__width-initial animated-fast elementor-invisible elementor-widget elementor-widget-text-editor\" data-id=\"a123a2f\" data-element_type=\"widget\" data-e-type=\"widget\" data-settings=\"{&quot;_animation&quot;:&quot;opal-move-up&quot;}\" data-widget_type=\"text-editor.default\">\n\t\t\t\t<div class=\"elementor-widget-container\">\n\t\t\t\t\t\t\t\t\t<p>Unser Projekt in Iquitos, die Amaca Eco Station, begann als wunderbare Idee w\u00e4hrend der Krise von 2020, damit Besucher aus aller Welt den Dschungel von Peru genie\u00dfen k\u00f6nnen. Unser Ziel ist es, unsere Umwelt zu sch\u00fctzen und gemeinsam mit der lokalen Gemeinschaft Arbeitsm\u00f6glichkeiten zu schaffen und den Reichtum dieser Flora und Fauna zu sch\u00e4tzen.<\/p><p>Wir bieten zwei Malocas, oder typische Bauten, f\u00fcr kurze und lange Aufenthalte, gebaut mit trockenem Laub als Dach und lokalem legalem Holz, mit dem Komfort von Elektrizit\u00e4t, Wifi, Arbeitsbereich, K\u00fcche und allen Einrichtungen, die Sie brauchen.<\/p><p>Wir freuen uns, Sie zu diesem Abenteuer einzuladen, bei dem Sie auch mit dem Fahrrad die Lagunen erkunden und neue Landschaften entdecken k\u00f6nnen, auf einem Naturpfad wandern und die Flora und Fauna beobachten k\u00f6nnen und sich einen Moment in unserer speziellen Maloca f\u00fcr Zeremonien, Meditation, \u00dcbungen und\/oder einfach zum Entspannen in unseren H\u00e4ngematten nehmen k\u00f6nnen.<\/p><p>Link: <a style=\"font-family: var( --e-global-typography-text-font-family ), Sans-serif; font-weight: var( --e-global-typography-text-font-weight );\" href=\"http:\/\/www.amacaecostation.com\" target=\"_blank\" rel=\"noopener\">www.amacaecostation.com<\/a><\/p>\t\t\t\t\t\t\t\t<\/div>\n\t\t\t\t<\/div>\n\t\t\t\t<div class=\"elementor-element elementor-element-221219a elementor-mobile-align-center animated-fast elementor-invisible elementor-widget elementor-widget-button\" data-id=\"221219a\" data-element_type=\"widget\" data-e-type=\"widget\" data-settings=\"{&quot;_animation&quot;:&quot;opal-move-up&quot;}\" data-widget_type=\"button.default\">\n\t\t\t\t<div class=\"elementor-widget-container\">\n\t\t\t\t\t\t\t\t\t<div class=\"elementor-button-wrapper\">\n\t\t\t\t\t<a class=\"elementor-button elementor-button-link elementor-size-sm\" href=\"http:\/\/www.amacaecostation.com\">\n\t\t\t\t\t\t<span class=\"elementor-button-content-wrapper\">\n\t\t\t\t\t\t<span class=\"elementor-button-icon\">\n\t\t\t\t<i aria-hidden=\"true\" class=\"triply-icon- triply-icon-long-arrow-right\"><\/i>\t\t\t<\/span>\n\t\t\t\t\t\t\t\t\t<span class=\"elementor-button-text\">Amaca \u00d6ko-Station<\/span>\n\t\t\t\t\t<\/span>\n\t\t\t\t\t<\/a>\n\t\t\t\t<\/div>\n\t\t\t\t\t\t\t\t<\/div>\n\t\t\t\t<\/div>\n\t\t\t\t\t<\/div>\n\t\t<\/div>\n\t\t\t\t\t<\/div>\n\t\t<\/div>\n\t\t\t\t<\/div>\n\t\t","protected":false},"excerpt":{"rendered":"<p>Amazonas R\u00fcckzug Unser Projekt in Iquitos, die Amaca Eco Station, begann als wunderbare Idee w\u00e4hrend der Krise von 2020, damit Besucher aus aller Welt den Dschungel von Peru genie\u00dfen k\u00f6nnen. Unser Ziel ist es, unsere Umwelt zu sch\u00fctzen und gemeinsam mit der lokalen Gemeinschaft Arbeitsm\u00f6glichkeiten zu schaffen und den Reichtum dieser Flora und Fauna zu [&hellip;]<\/p>\n","protected":false},"author":1,"featured_media":0,"parent":0,"menu_order":0,"comment_status":"closed","ping_status":"closed","template":"elementor_header_footer","meta":{"nf_dc_page":"","inline_featured_image":false,"footnotes":""},"class_list":["post-13864","page","type-page","status-publish","hentry"],"yoast_head":"<!-- This site is optimized with the Yoast SEO plugin v27.4 - https:\/\/yoast.com\/product\/yoast-seo-wordpress\/ -->\n<title>Amazonas R\u00fcckzug | Lima Mentor<\/title>\n<meta name=\"robots\" content=\"index, follow, max-snippet:-1, max-image-preview:large, max-video-preview:-1\" \/>\n<link rel=\"canonical\" href=\"https:\/\/limamentor.com\/amazon-retreat\/\" \/>\n<meta property=\"og:locale\" content=\"de_DE\" \/>\n<meta property=\"og:type\" content=\"article\" \/>\n<meta property=\"og:title\" content=\"Amazonas R\u00fcckzug | Lima Mentor\" \/>\n<meta property=\"og:description\" content=\"Amazonas R\u00fcckzug Unser Projekt in Iquitos, die Amaca Eco Station, begann als wunderbare Idee w\u00e4hrend der Krise von 2020, damit Besucher aus aller Welt den Dschungel von Peru genie\u00dfen k\u00f6nnen. Unser Ziel ist es, unsere Umwelt zu sch\u00fctzen und gemeinsam mit der lokalen Gemeinschaft Arbeitsm\u00f6glichkeiten zu schaffen und den Reichtum dieser Flora und Fauna zu [&hellip;]\" \/>\n<meta property=\"og:url\" content=\"https:\/\/limamentor.com\/amazon-retreat\/\" \/>\n<meta property=\"og:site_name\" content=\"Lima Mentor\" \/>\n<meta property=\"article:publisher\" content=\"https:\/\/www.facebook.com\/limamentor\/?locale=es_LA\" \/>\n<meta property=\"article:modified_time\" content=\"2025-04-29T17:00:07+00:00\" \/>\n<meta property=\"og:image\" content=\"https:\/\/limamentor.com\/wp-content\/uploads\/2024\/04\/IMG-20240319-WA0050-500x500.jpg\" \/>\n<meta name=\"twitter:card\" content=\"summary_large_image\" \/>\n<meta name=\"twitter:label1\" content=\"Gesch\u00e4tzte Lesezeit\" \/>\n\t<meta name=\"twitter:data1\" content=\"2\u00a0Minuten\" \/>\n<script type=\"application\/ld+json\" class=\"yoast-schema-graph\">{\"@context\":\"https:\\\/\\\/schema.org\",\"@graph\":[{\"@type\":\"WebPage\",\"@id\":\"https:\\\/\\\/limamentor.com\\\/amazon-retreat\\\/\",\"url\":\"https:\\\/\\\/limamentor.com\\\/amazon-retreat\\\/\",\"name\":\"Amazonas R\u00fcckzug | Lima Mentor\",\"isPartOf\":{\"@id\":\"https:\\\/\\\/limamentor.com\\\/es\\\/#website\"},\"primaryImageOfPage\":{\"@id\":\"https:\\\/\\\/limamentor.com\\\/amazon-retreat\\\/#primaryimage\"},\"image\":{\"@id\":\"https:\\\/\\\/limamentor.com\\\/amazon-retreat\\\/#primaryimage\"},\"thumbnailUrl\":\"https:\\\/\\\/limamentor.com\\\/wp-content\\\/uploads\\\/2024\\\/04\\\/IMG-20240319-WA0050-500x500.jpg\",\"datePublished\":\"2024-03-21T17:00:19+00:00\",\"dateModified\":\"2025-04-29T17:00:07+00:00\",\"breadcrumb\":{\"@id\":\"https:\\\/\\\/limamentor.com\\\/amazon-retreat\\\/#breadcrumb\"},\"inLanguage\":\"de\",\"potentialAction\":[{\"@type\":\"ReadAction\",\"target\":[\"https:\\\/\\\/limamentor.com\\\/amazon-retreat\\\/\"]}]},{\"@type\":\"ImageObject\",\"inLanguage\":\"de\",\"@id\":\"https:\\\/\\\/limamentor.com\\\/amazon-retreat\\\/#primaryimage\",\"url\":\"https:\\\/\\\/limamentor.com\\\/wp-content\\\/uploads\\\/2024\\\/04\\\/IMG-20240319-WA0050-500x500.jpg\",\"contentUrl\":\"https:\\\/\\\/limamentor.com\\\/wp-content\\\/uploads\\\/2024\\\/04\\\/IMG-20240319-WA0050-500x500.jpg\"},{\"@type\":\"BreadcrumbList\",\"@id\":\"https:\\\/\\\/limamentor.com\\\/amazon-retreat\\\/#breadcrumb\",\"itemListElement\":[{\"@type\":\"ListItem\",\"position\":1,\"name\":\"Home\",\"item\":\"https:\\\/\\\/limamentor.com\\\/\"},{\"@type\":\"ListItem\",\"position\":2,\"name\":\"Amazonas R\u00fcckzug\"}]},{\"@type\":\"WebSite\",\"@id\":\"https:\\\/\\\/limamentor.com\\\/es\\\/#website\",\"url\":\"https:\\\/\\\/limamentor.com\\\/es\\\/\",\"name\":\"Lima Mentor authentic experiences for you\",\"description\":\"LIMA MENTOR WEB\",\"publisher\":{\"@id\":\"https:\\\/\\\/limamentor.com\\\/es\\\/#organization\"},\"alternateName\":\"Sharing with you the best of the city of Lima, its sights, its culture and its tastes.\",\"potentialAction\":[{\"@type\":\"SearchAction\",\"target\":{\"@type\":\"EntryPoint\",\"urlTemplate\":\"https:\\\/\\\/limamentor.com\\\/es\\\/?s={search_term_string}\"},\"query-input\":{\"@type\":\"PropertyValueSpecification\",\"valueRequired\":true,\"valueName\":\"search_term_string\"}}],\"inLanguage\":\"de\"},{\"@type\":\"Organization\",\"@id\":\"https:\\\/\\\/limamentor.com\\\/es\\\/#organization\",\"name\":\"Lima Mentor\",\"alternateName\":\"Sharing with you the best of the city of Lima, its sights, its culture and its tastes.\",\"url\":\"https:\\\/\\\/limamentor.com\\\/es\\\/\",\"logo\":{\"@type\":\"ImageObject\",\"inLanguage\":\"de\",\"@id\":\"https:\\\/\\\/limamentor.com\\\/es\\\/#\\\/schema\\\/logo\\\/image\\\/\",\"url\":\"https:\\\/\\\/limamentor.com\\\/wp-content\\\/uploads\\\/2024\\\/03\\\/cropped-limamentorlogo.png\",\"contentUrl\":\"https:\\\/\\\/limamentor.com\\\/wp-content\\\/uploads\\\/2024\\\/03\\\/cropped-limamentorlogo.png\",\"width\":318,\"height\":92,\"caption\":\"Lima Mentor\"},\"image\":{\"@id\":\"https:\\\/\\\/limamentor.com\\\/es\\\/#\\\/schema\\\/logo\\\/image\\\/\"},\"sameAs\":[\"https:\\\/\\\/www.facebook.com\\\/limamentor\\\/?locale=es_LA\",\"https:\\\/\\\/www.instagram.com\\\/limamentor\\\/\"]}]}<\/script>\n<!-- \/ Yoast SEO plugin. -->","yoast_head_json":{"title":"Amazonas R\u00fcckzug | Lima Mentor","robots":{"index":"index","follow":"follow","max-snippet":"max-snippet:-1","max-image-preview":"max-image-preview:large","max-video-preview":"max-video-preview:-1"},"canonical":"https:\/\/limamentor.com\/amazon-retreat\/","og_locale":"de_DE","og_type":"article","og_title":"Amazonas R\u00fcckzug | Lima Mentor","og_description":"Amazonas R\u00fcckzug Unser Projekt in Iquitos, die Amaca Eco Station, begann als wunderbare Idee w\u00e4hrend der Krise von 2020, damit Besucher aus aller Welt den Dschungel von Peru genie\u00dfen k\u00f6nnen. Unser Ziel ist es, unsere Umwelt zu sch\u00fctzen und gemeinsam mit der lokalen Gemeinschaft Arbeitsm\u00f6glichkeiten zu schaffen und den Reichtum dieser Flora und Fauna zu [&hellip;]","og_url":"https:\/\/limamentor.com\/amazon-retreat\/","og_site_name":"Lima Mentor","article_publisher":"https:\/\/www.facebook.com\/limamentor\/?locale=es_LA","article_modified_time":"2025-04-29T17:00:07+00:00","og_image":[{"url":"https:\/\/limamentor.com\/wp-content\/uploads\/2024\/04\/IMG-20240319-WA0050-500x500.jpg","type":"","width":"","height":""}],"twitter_card":"summary_large_image","twitter_misc":{"Gesch\u00e4tzte Lesezeit":"2\u00a0Minuten"},"schema":{"@context":"https:\/\/schema.org","@graph":[{"@type":"WebPage","@id":"https:\/\/limamentor.com\/amazon-retreat\/","url":"https:\/\/limamentor.com\/amazon-retreat\/","name":"Amazonas R\u00fcckzug | Lima Mentor","isPartOf":{"@id":"https:\/\/limamentor.com\/es\/#website"},"primaryImageOfPage":{"@id":"https:\/\/limamentor.com\/amazon-retreat\/#primaryimage"},"image":{"@id":"https:\/\/limamentor.com\/amazon-retreat\/#primaryimage"},"thumbnailUrl":"https:\/\/limamentor.com\/wp-content\/uploads\/2024\/04\/IMG-20240319-WA0050-500x500.jpg","datePublished":"2024-03-21T17:00:19+00:00","dateModified":"2025-04-29T17:00:07+00:00","breadcrumb":{"@id":"https:\/\/limamentor.com\/amazon-retreat\/#breadcrumb"},"inLanguage":"de","potentialAction":[{"@type":"ReadAction","target":["https:\/\/limamentor.com\/amazon-retreat\/"]}]},{"@type":"ImageObject","inLanguage":"de","@id":"https:\/\/limamentor.com\/amazon-retreat\/#primaryimage","url":"https:\/\/limamentor.com\/wp-content\/uploads\/2024\/04\/IMG-20240319-WA0050-500x500.jpg","contentUrl":"https:\/\/limamentor.com\/wp-content\/uploads\/2024\/04\/IMG-20240319-WA0050-500x500.jpg"},{"@type":"BreadcrumbList","@id":"https:\/\/limamentor.com\/amazon-retreat\/#breadcrumb","itemListElement":[{"@type":"ListItem","position":1,"name":"Home","item":"https:\/\/limamentor.com\/"},{"@type":"ListItem","position":2,"name":"Amazonas R\u00fcckzug"}]},{"@type":"WebSite","@id":"https:\/\/limamentor.com\/es\/#website","url":"https:\/\/limamentor.com\/es\/","name":"Lima Mentor authentic experiences for you","description":"LIMA MENTOR WEB","publisher":{"@id":"https:\/\/limamentor.com\/es\/#organization"},"alternateName":"Sharing with you the best of the city of Lima, its sights, its culture and its tastes.","potentialAction":[{"@type":"SearchAction","target":{"@type":"EntryPoint","urlTemplate":"https:\/\/limamentor.com\/es\/?s={search_term_string}"},"query-input":{"@type":"PropertyValueSpecification","valueRequired":true,"valueName":"search_term_string"}}],"inLanguage":"de"},{"@type":"Organization","@id":"https:\/\/limamentor.com\/es\/#organization","name":"Lima Mentor","alternateName":"Sharing with you the best of the city of Lima, its sights, its culture and its tastes.","url":"https:\/\/limamentor.com\/es\/","logo":{"@type":"ImageObject","inLanguage":"de","@id":"https:\/\/limamentor.com\/es\/#\/schema\/logo\/image\/","url":"https:\/\/limamentor.com\/wp-content\/uploads\/2024\/03\/cropped-limamentorlogo.png","contentUrl":"https:\/\/limamentor.com\/wp-content\/uploads\/2024\/03\/cropped-limamentorlogo.png","width":318,"height":92,"caption":"Lima Mentor"},"image":{"@id":"https:\/\/limamentor.com\/es\/#\/schema\/logo\/image\/"},"sameAs":["https:\/\/www.facebook.com\/limamentor\/?locale=es_LA","https:\/\/www.instagram.com\/limamentor\/"]}]}},"_links":{"self":[{"href":"https:\/\/limamentor.com\/de\/wp-json\/wp\/v2\/pages\/13864","targetHints":{"allow":["GET"]}}],"collection":[{"href":"https:\/\/limamentor.com\/de\/wp-json\/wp\/v2\/pages"}],"about":[{"href":"https:\/\/limamentor.com\/de\/wp-json\/wp\/v2\/types\/page"}],"author":[{"embeddable":true,"href":"https:\/\/limamentor.com\/de\/wp-json\/wp\/v2\/users\/1"}],"replies":[{"embeddable":true,"href":"https:\/\/limamentor.com\/de\/wp-json\/wp\/v2\/comments?post=13864"}],"version-history":[{"count":5,"href":"https:\/\/limamentor.com\/de\/wp-json\/wp\/v2\/pages\/13864\/revisions"}],"predecessor-version":[{"id":14662,"href":"https:\/\/limamentor.com\/de\/wp-json\/wp\/v2\/pages\/13864\/revisions\/14662"}],"wp:attachment":[{"href":"https:\/\/limamentor.com\/de\/wp-json\/wp\/v2\/media?parent=13864"}],"curies":[{"name":"wp","href":"https:\/\/api.w.org\/{rel}","templated":true}]}}