{"id":14776,"date":"2025-05-08T16:13:32","date_gmt":"2025-05-08T16:13:32","guid":{"rendered":"https:\/\/limamentor.com\/?page_id=14776"},"modified":"2025-05-08T16:13:32","modified_gmt":"2025-05-08T16:13:32","slug":"bedingungen-konditionen-2","status":"publish","type":"page","link":"https:\/\/limamentor.com\/de\/bedingungen-konditionen-2\/","title":{"rendered":"Bedingungen  Konditionen"},"content":{"rendered":"\t\t<div data-elementor-type=\"wp-page\" data-elementor-id=\"14776\" class=\"elementor elementor-14776 elementor-14775\" data-elementor-post-type=\"page\">\n\t\t\t\t<div class=\"elementor-element elementor-element-4879ca7f e-flex e-con-boxed e-con e-parent\" data-id=\"4879ca7f\" data-element_type=\"container\" data-e-type=\"container\">\n\t\t\t\t\t<div class=\"e-con-inner\">\n\t\t\t\t<div class=\"elementor-element elementor-element-75125104 elementor-widget elementor-widget-text-editor\" data-id=\"75125104\" data-element_type=\"widget\" data-e-type=\"widget\" data-widget_type=\"text-editor.default\">\n\t\t\t\t<div class=\"elementor-widget-container\">\n\t\t\t\t\t\t\t\t\t<h1><strong>ZAHLUNGS- UND STORNIERUNGSBEDINGUNGEN<\/strong><\/h1><h2><strong>ALLGEMEINES<\/strong><\/h2><p>Etwaige Preiserh\u00f6hungen f\u00fcr Zug- und Flugtickets sowie Eintrittsgelder zwischen dem Best\u00e4tigungsdatum und den Reisedaten werden an den Kunden weitergegeben.\nBitte haben Sie Verst\u00e4ndnis daf\u00fcr, dass abenteuerliche Reisen mit gewissen Gefahren verbunden sind, die Sie auf eigenes Risiko akzeptieren m\u00fcssen.\nDas Unternehmen haftet nicht f\u00fcr Krankheiten, Verletzungen oder Todesf\u00e4lle, die Sie w\u00e4hrend eines Trekkings oder eines Teils des Urlaubs erleiden, und es haftet auch nicht f\u00fcr unversicherte Verluste an Ihrem Eigentum.\nWir empfehlen Ihnen daher dringend, eine Reiser\u00fccktrittsversicherung abzuschlie\u00dfen.   <\/p><ol><li><h3><strong>PAYMENTS<\/strong><\/h3><\/li><\/ol><p>PASST: Eine Anzahlung von $300 pro Passagier ist bei Best\u00e4tigung Ihrer Reise zu leisten, um die Zugpl\u00e4tze\/Inka-Pfad\/Machu Picchu-Eintrittsgeb\u00fchren zu buchen und im Voraus zu bezahlen.\nWenn Sie auch Flugtickets bei uns buchen, ben\u00f6tigen wir auch den Gesamtbetrag der Flugticketpreise.\nWenn Sie eine Amazonas-Kreuzfahrt buchen, ben\u00f6tigen wir au\u00dferdem eine weitere Anzahlung von $500 pro Passagier.\nDie Restzahlung muss eingegangen sein     <strong>bis sp\u00e4testens 30 Tage vor Beginn der Reise.\nDie Restzahlung f\u00fcr die Amazonas-Kreuzfahrt muss 90 Tage vor Beginn der Kreuzfahrt eingegangen sein. <\/strong>.\nBookings made within 30 days of travel require full payment on confirmation. <\/p><p>GRUPPEN: Bei der Best\u00e4tigung Ihrer Reise ist eine Anzahlung in H\u00f6he von $150 pro Passagier zu leisten, um die Zugpl\u00e4tze und die Genehmigungen f\u00fcr den Inkapfad zu buchen und im Voraus zu bezahlen.\nWenn Sie auch Flugtickets bei uns buchen, ben\u00f6tigen wir auch den Gesamtbetrag der Flugticketpreise.\nDie endg\u00fcltige Zahlung muss <strong>sp\u00e4testens 60 Tage vor<\/strong> Reisebeginn eingegangen sein.\nBei Buchungen, die innerhalb von 60 Tagen vor Reisebeginn get\u00e4tigt werden, muss der Gesamtbetrag bei der Best\u00e4tigung bezahlt werden.   <\/p><ol start=\"2\"><li><h3><strong>STORNIERUNGEN UND \u00c4NDERUNGEN<\/strong><\/h3><\/li><\/ol><p>Lima Mentor wird sich bem\u00fchen, Ihnen zu helfen, wenn Sie Ihre Arrangements in der Planungsphase Ihrer Reise und im Verlauf Ihres Urlaubs \u00e4ndern m\u00f6chten.\nAllerdings werden alle neuen Kosten, die den neu ben\u00f6tigten Leistungen entsprechen, an Sie weitergegeben und es gibt keine R\u00fcckerstattung f\u00fcr nicht in Anspruch genommene Leistungen. <\/p><p>Wenn Sie sich w\u00e4hrend der Reise entscheiden, einen Teil oder die gesamte Reise zu stornieren oder die gesamte Route zu \u00e4ndern, gibt es keine R\u00fcckerstattung.\nNachfolgend finden Sie eine Tabelle mit den Prozents\u00e4tzen, die im Falle einer Stornierung durch Sie erstattet werden. <\/p><p>PASST<\/p><table><tbody><tr><td width=\"133\"><strong>Tage vor Reiseantritt<\/strong><\/td><td width=\"299\"><strong>% zur Erstattung<\/strong><\/td><\/tr><tr><td width=\"133\">Mehr als 30 Tage<\/td><td width=\"299\">100% abz\u00fcglich der Verwaltungskosten f\u00fcr die Erstattung der Fahrkarten<\/td><\/tr><tr><td width=\"133\">Zwischen 30 und 15 Tagen<\/td><td width=\"299\">50%<\/td><\/tr><tr><td width=\"133\">Weniger als 15 Tage<\/td><td width=\"299\">0%<\/td><\/tr><\/tbody><\/table><p>GRUPPEN<\/p><table><tbody><tr><td width=\"133\"><strong>Tage vor Reiseantritt<\/strong><\/td><td width=\"299\"><strong>% zur Erstattung<\/strong><\/td><\/tr><tr><td width=\"133\">Mehr als 60 Tage<\/td><td width=\"299\">100% abz\u00fcglich der Verwaltungskosten f\u00fcr die Erstattung der Zugfahrkarten<\/td><\/tr><tr><td width=\"133\">Zwischen 60 und 30 Tagen<\/td><td width=\"299\">50%<\/td><\/tr><tr><td width=\"133\">Zwischen 30 und 15 Tagen<\/td><td width=\"299\">25%<\/td><\/tr><tr><td width=\"133\">Weniger als 15 Tage<\/td><td width=\"299\">0%<\/td><\/tr><\/tbody><\/table><p>*Die Eintrittsgeb\u00fchren f\u00fcr den Inkapfad werden nicht erstattet.<\/p><p>In sehr seltenen F\u00e4llen kann es vorkommen, dass Lima Mentor eine best\u00e4tigte Reise vor Ihrer Abreise \u00e4ndern muss.\nWenn die \u00c4nderung erheblich ist (d.h. wenn es sich um eine \u00c4nderung der Flugzeit um mehr als 12 Stunden, einen Wechsel des Flughafens   [except between airports serving the same city](z.B. eine \u00c4nderung des Reiseziels oder ein Wechsel zu einem niedrigeren Unterkunftsstandard), wird Lima Mentor Sie so schnell wie m\u00f6glich informieren und Ihnen zwei M\u00f6glichkeiten anbieten: die Reise oder einen Teil der Reise zu stornieren und eine vollst\u00e4ndige und unverz\u00fcgliche R\u00fcckerstattung der nicht in Anspruch genommenen Leistungen zu erhalten oder die Alternative zu akzeptieren und im Falle eines Wechsels zu einem niedrigeren Unterkunftsstandard eine R\u00fcckerstattung des Differenzbetrags zwischen nicht in Anspruch genommener und niedrigerer Unterkunft zu erhalten.<\/p><p><em>H\u00f6here Gewalt <\/em>bedeutet ungew\u00f6hnliche und unvorhersehbare Umst\u00e4nde, die au\u00dferhalb der Kontrolle des Unternehmens liegen und deren Folgen weder das Unternehmen noch seine Zulieferer vermeiden konnten, einschlie\u00dflich, aber nicht beschr\u00e4nkt auf Krieg, Kriegsgefahr, Aufruhr, Unruhen, terroristische Aktivit\u00e4ten (tats\u00e4chlich oder angedroht), Arbeitskampf, technische Probleme mit Transportmitteln, Maschinen oder Ger\u00e4ten, Stromausfall, Natur- oder Nuklearkatastrophen, Feuer, \u00dcberschwemmung, D\u00fcrre, ung\u00fcnstige Wetterbedingungen und Wasserstand der Fl\u00fcsse.\nWenn Lima Mentor aufgrund h\u00f6herer Gewalt einen Teil Ihres Urlaubs nicht mehr durchf\u00fchren kann und alternative Vorkehrungen getroffen werden m\u00fcssen, gehen die Kosten f\u00fcr diese Vorkehrungen zu Lasten der Reisenden.\nLima Mentor bietet unter keinen Umst\u00e4nden R\u00fcckerstattungen f\u00fcr Stornierungen im Falle von &#8220;h\u00f6herer Gewalt&#8221; an.  <\/p>\t\t\t\t\t\t\t\t<\/div>\n\t\t\t\t<\/div>\n\t\t\t\t\t<\/div>\n\t\t\t\t<\/div>\n\t\t\t\t<\/div>\n\t\t","protected":false},"excerpt":{"rendered":"<p>ZAHLUNGS- UND STORNIERUNGSBEDINGUNGEN ALLGEMEINES Etwaige Preiserh\u00f6hungen f\u00fcr Zug- und Flugtickets sowie Eintrittsgelder zwischen dem Best\u00e4tigungsdatum und den Reisedaten werden an den Kunden weitergegeben. Bitte haben Sie Verst\u00e4ndnis daf\u00fcr, dass abenteuerliche Reisen mit gewissen Gefahren verbunden sind, die Sie auf eigenes Risiko akzeptieren m\u00fcssen. Das Unternehmen haftet nicht f\u00fcr Krankheiten, Verletzungen oder Todesf\u00e4lle, die Sie w\u00e4hrend [&hellip;]<\/p>\n","protected":false},"author":5,"featured_media":0,"parent":0,"menu_order":0,"comment_status":"closed","ping_status":"closed","template":"elementor_header_footer","meta":{"nf_dc_page":"","inline_featured_image":false,"footnotes":""},"class_list":["post-14776","page","type-page","status-publish","hentry"],"yoast_head":"<!-- This site is optimized with the Yoast SEO plugin v27.4 - https:\/\/yoast.com\/product\/yoast-seo-wordpress\/ -->\n<title>Bedingungen Konditionen | Lima Mentor<\/title>\n<meta name=\"robots\" content=\"index, follow, max-snippet:-1, max-image-preview:large, max-video-preview:-1\" \/>\n<link rel=\"canonical\" href=\"https:\/\/limamentor.com\/de\/bedingungen-konditionen-2\/\" \/>\n<meta property=\"og:locale\" content=\"de_DE\" \/>\n<meta property=\"og:type\" content=\"article\" \/>\n<meta property=\"og:title\" content=\"Bedingungen Konditionen | Lima Mentor\" \/>\n<meta property=\"og:description\" content=\"ZAHLUNGS- UND STORNIERUNGSBEDINGUNGEN ALLGEMEINES Etwaige Preiserh\u00f6hungen f\u00fcr Zug- und Flugtickets sowie Eintrittsgelder zwischen dem Best\u00e4tigungsdatum und den Reisedaten werden an den Kunden weitergegeben. Bitte haben Sie Verst\u00e4ndnis daf\u00fcr, dass abenteuerliche Reisen mit gewissen Gefahren verbunden sind, die Sie auf eigenes Risiko akzeptieren m\u00fcssen. Das Unternehmen haftet nicht f\u00fcr Krankheiten, Verletzungen oder Todesf\u00e4lle, die Sie w\u00e4hrend [&hellip;]\" \/>\n<meta property=\"og:url\" content=\"https:\/\/limamentor.com\/de\/bedingungen-konditionen-2\/\" \/>\n<meta property=\"og:site_name\" content=\"Lima Mentor\" \/>\n<meta property=\"article:publisher\" content=\"https:\/\/www.facebook.com\/limamentor\/?locale=es_LA\" \/>\n<meta property=\"og:image\" content=\"https:\/\/limamentor.com\/wp-content\/uploads\/2024\/03\/cropped-limamentorlogo.png\" \/>\n\t<meta property=\"og:image:width\" content=\"318\" \/>\n\t<meta property=\"og:image:height\" content=\"92\" \/>\n\t<meta property=\"og:image:type\" content=\"image\/png\" \/>\n<meta name=\"twitter:card\" content=\"summary_large_image\" \/>\n<meta name=\"twitter:label1\" content=\"Gesch\u00e4tzte Lesezeit\" \/>\n\t<meta name=\"twitter:data1\" content=\"3\u00a0Minuten\" \/>\n<script type=\"application\/ld+json\" class=\"yoast-schema-graph\">{\"@context\":\"https:\\\/\\\/schema.org\",\"@graph\":[{\"@type\":\"WebPage\",\"@id\":\"https:\\\/\\\/limamentor.com\\\/de\\\/bedingungen-konditionen-2\\\/\",\"url\":\"https:\\\/\\\/limamentor.com\\\/de\\\/bedingungen-konditionen-2\\\/\",\"name\":\"Bedingungen Konditionen | Lima Mentor\",\"isPartOf\":{\"@id\":\"https:\\\/\\\/limamentor.com\\\/es\\\/#website\"},\"datePublished\":\"2025-05-08T16:13:32+00:00\",\"breadcrumb\":{\"@id\":\"https:\\\/\\\/limamentor.com\\\/de\\\/bedingungen-konditionen-2\\\/#breadcrumb\"},\"inLanguage\":\"de\",\"potentialAction\":[{\"@type\":\"ReadAction\",\"target\":[\"https:\\\/\\\/limamentor.com\\\/de\\\/bedingungen-konditionen-2\\\/\"]}]},{\"@type\":\"BreadcrumbList\",\"@id\":\"https:\\\/\\\/limamentor.com\\\/de\\\/bedingungen-konditionen-2\\\/#breadcrumb\",\"itemListElement\":[{\"@type\":\"ListItem\",\"position\":1,\"name\":\"Home\",\"item\":\"https:\\\/\\\/limamentor.com\\\/\"},{\"@type\":\"ListItem\",\"position\":2,\"name\":\"Bedingungen Konditionen\"}]},{\"@type\":\"WebSite\",\"@id\":\"https:\\\/\\\/limamentor.com\\\/es\\\/#website\",\"url\":\"https:\\\/\\\/limamentor.com\\\/es\\\/\",\"name\":\"Lima Mentor authentic experiences for you\",\"description\":\"LIMA MENTOR WEB\",\"publisher\":{\"@id\":\"https:\\\/\\\/limamentor.com\\\/es\\\/#organization\"},\"alternateName\":\"Sharing with you the best of the city of Lima, its sights, its culture and its tastes.\",\"potentialAction\":[{\"@type\":\"SearchAction\",\"target\":{\"@type\":\"EntryPoint\",\"urlTemplate\":\"https:\\\/\\\/limamentor.com\\\/es\\\/?s={search_term_string}\"},\"query-input\":{\"@type\":\"PropertyValueSpecification\",\"valueRequired\":true,\"valueName\":\"search_term_string\"}}],\"inLanguage\":\"de\"},{\"@type\":\"Organization\",\"@id\":\"https:\\\/\\\/limamentor.com\\\/es\\\/#organization\",\"name\":\"Lima Mentor\",\"alternateName\":\"Sharing with you the best of the city of Lima, its sights, its culture and its tastes.\",\"url\":\"https:\\\/\\\/limamentor.com\\\/es\\\/\",\"logo\":{\"@type\":\"ImageObject\",\"inLanguage\":\"de\",\"@id\":\"https:\\\/\\\/limamentor.com\\\/es\\\/#\\\/schema\\\/logo\\\/image\\\/\",\"url\":\"https:\\\/\\\/limamentor.com\\\/wp-content\\\/uploads\\\/2024\\\/03\\\/cropped-limamentorlogo.png\",\"contentUrl\":\"https:\\\/\\\/limamentor.com\\\/wp-content\\\/uploads\\\/2024\\\/03\\\/cropped-limamentorlogo.png\",\"width\":318,\"height\":92,\"caption\":\"Lima Mentor\"},\"image\":{\"@id\":\"https:\\\/\\\/limamentor.com\\\/es\\\/#\\\/schema\\\/logo\\\/image\\\/\"},\"sameAs\":[\"https:\\\/\\\/www.facebook.com\\\/limamentor\\\/?locale=es_LA\",\"https:\\\/\\\/www.instagram.com\\\/limamentor\\\/\"]}]}<\/script>\n<!-- \/ Yoast SEO plugin. -->","yoast_head_json":{"title":"Bedingungen Konditionen | Lima Mentor","robots":{"index":"index","follow":"follow","max-snippet":"max-snippet:-1","max-image-preview":"max-image-preview:large","max-video-preview":"max-video-preview:-1"},"canonical":"https:\/\/limamentor.com\/de\/bedingungen-konditionen-2\/","og_locale":"de_DE","og_type":"article","og_title":"Bedingungen Konditionen | Lima Mentor","og_description":"ZAHLUNGS- UND STORNIERUNGSBEDINGUNGEN ALLGEMEINES Etwaige Preiserh\u00f6hungen f\u00fcr Zug- und Flugtickets sowie Eintrittsgelder zwischen dem Best\u00e4tigungsdatum und den Reisedaten werden an den Kunden weitergegeben. Bitte haben Sie Verst\u00e4ndnis daf\u00fcr, dass abenteuerliche Reisen mit gewissen Gefahren verbunden sind, die Sie auf eigenes Risiko akzeptieren m\u00fcssen. Das Unternehmen haftet nicht f\u00fcr Krankheiten, Verletzungen oder Todesf\u00e4lle, die Sie w\u00e4hrend [&hellip;]","og_url":"https:\/\/limamentor.com\/de\/bedingungen-konditionen-2\/","og_site_name":"Lima Mentor","article_publisher":"https:\/\/www.facebook.com\/limamentor\/?locale=es_LA","og_image":[{"width":318,"height":92,"url":"https:\/\/limamentor.com\/wp-content\/uploads\/2024\/03\/cropped-limamentorlogo.png","type":"image\/png"}],"twitter_card":"summary_large_image","twitter_misc":{"Gesch\u00e4tzte Lesezeit":"3\u00a0Minuten"},"schema":{"@context":"https:\/\/schema.org","@graph":[{"@type":"WebPage","@id":"https:\/\/limamentor.com\/de\/bedingungen-konditionen-2\/","url":"https:\/\/limamentor.com\/de\/bedingungen-konditionen-2\/","name":"Bedingungen Konditionen | Lima Mentor","isPartOf":{"@id":"https:\/\/limamentor.com\/es\/#website"},"datePublished":"2025-05-08T16:13:32+00:00","breadcrumb":{"@id":"https:\/\/limamentor.com\/de\/bedingungen-konditionen-2\/#breadcrumb"},"inLanguage":"de","potentialAction":[{"@type":"ReadAction","target":["https:\/\/limamentor.com\/de\/bedingungen-konditionen-2\/"]}]},{"@type":"BreadcrumbList","@id":"https:\/\/limamentor.com\/de\/bedingungen-konditionen-2\/#breadcrumb","itemListElement":[{"@type":"ListItem","position":1,"name":"Home","item":"https:\/\/limamentor.com\/"},{"@type":"ListItem","position":2,"name":"Bedingungen Konditionen"}]},{"@type":"WebSite","@id":"https:\/\/limamentor.com\/es\/#website","url":"https:\/\/limamentor.com\/es\/","name":"Lima Mentor authentic experiences for you","description":"LIMA MENTOR WEB","publisher":{"@id":"https:\/\/limamentor.com\/es\/#organization"},"alternateName":"Sharing with you the best of the city of Lima, its sights, its culture and its tastes.","potentialAction":[{"@type":"SearchAction","target":{"@type":"EntryPoint","urlTemplate":"https:\/\/limamentor.com\/es\/?s={search_term_string}"},"query-input":{"@type":"PropertyValueSpecification","valueRequired":true,"valueName":"search_term_string"}}],"inLanguage":"de"},{"@type":"Organization","@id":"https:\/\/limamentor.com\/es\/#organization","name":"Lima Mentor","alternateName":"Sharing with you the best of the city of Lima, its sights, its culture and its tastes.","url":"https:\/\/limamentor.com\/es\/","logo":{"@type":"ImageObject","inLanguage":"de","@id":"https:\/\/limamentor.com\/es\/#\/schema\/logo\/image\/","url":"https:\/\/limamentor.com\/wp-content\/uploads\/2024\/03\/cropped-limamentorlogo.png","contentUrl":"https:\/\/limamentor.com\/wp-content\/uploads\/2024\/03\/cropped-limamentorlogo.png","width":318,"height":92,"caption":"Lima Mentor"},"image":{"@id":"https:\/\/limamentor.com\/es\/#\/schema\/logo\/image\/"},"sameAs":["https:\/\/www.facebook.com\/limamentor\/?locale=es_LA","https:\/\/www.instagram.com\/limamentor\/"]}]}},"_links":{"self":[{"href":"https:\/\/limamentor.com\/de\/wp-json\/wp\/v2\/pages\/14776","targetHints":{"allow":["GET"]}}],"collection":[{"href":"https:\/\/limamentor.com\/de\/wp-json\/wp\/v2\/pages"}],"about":[{"href":"https:\/\/limamentor.com\/de\/wp-json\/wp\/v2\/types\/page"}],"author":[{"embeddable":true,"href":"https:\/\/limamentor.com\/de\/wp-json\/wp\/v2\/users\/5"}],"replies":[{"embeddable":true,"href":"https:\/\/limamentor.com\/de\/wp-json\/wp\/v2\/comments?post=14776"}],"version-history":[{"count":1,"href":"https:\/\/limamentor.com\/de\/wp-json\/wp\/v2\/pages\/14776\/revisions"}],"predecessor-version":[{"id":14780,"href":"https:\/\/limamentor.com\/de\/wp-json\/wp\/v2\/pages\/14776\/revisions\/14780"}],"wp:attachment":[{"href":"https:\/\/limamentor.com\/de\/wp-json\/wp\/v2\/media?parent=14776"}],"curies":[{"name":"wp","href":"https:\/\/api.w.org\/{rel}","templated":true}]}}