{"id":12269,"date":"2024-03-21T17:43:22","date_gmt":"2024-03-21T17:43:22","guid":{"rendered":"https:\/\/limamentor.com\/viaje-de-cafe\/"},"modified":"2025-04-29T16:21:48","modified_gmt":"2025-04-29T16:21:48","slug":"viaje-de-cafe","status":"publish","type":"page","link":"https:\/\/limamentor.com\/es\/viaje-de-cafe\/","title":{"rendered":"Viaje de caf\u00e9"},"content":{"rendered":"\t\t<div data-elementor-type=\"wp-page\" data-elementor-id=\"12269\" class=\"elementor elementor-12269 elementor-11657\" data-elementor-post-type=\"page\">\n\t\t\t\t\t\t<div class=\"elementor-section elementor-top-section elementor-element elementor-element-1ba3212 elementor-section-height-min-height elementor-section-stretched elementor-section-boxed elementor-section-height-default elementor-section-items-middle\" data-id=\"1ba3212\" data-element_type=\"section\" data-e-type=\"section\" data-settings=\"{&quot;stretch_section&quot;:&quot;section-stretched&quot;,&quot;background_background&quot;:&quot;classic&quot;}\">\n\t\t\t\t\t\t\t<div class=\"elementor-background-overlay\"><\/div>\n\t\t\t\t\t\t\t<div class=\"elementor-container elementor-column-gap-no\">\n\t\t\t\t\t<div class=\"elementor-column elementor-col-100 elementor-top-column elementor-element elementor-element-76e3509 animated-fast elementor-invisible\" data-id=\"76e3509\" data-element_type=\"column\" data-e-type=\"column\" data-settings=\"{&quot;animation&quot;:&quot;opal-move-up&quot;,&quot;animation_delay&quot;:250}\">\n\t\t\t<div class=\"elementor-widget-wrap elementor-element-populated\">\n\t\t\t\t\t\t<div class=\"elementor-element elementor-element-18969a1 elementor-widget elementor-widget-heading\" data-id=\"18969a1\" data-element_type=\"widget\" data-e-type=\"widget\" data-widget_type=\"heading.default\">\n\t\t\t\t<div class=\"elementor-widget-container\">\n\t\t\t\t\t<h2 class=\"elementor-heading-title elementor-size-default\">Viaje de caf\u00e9<\/h2>\t\t\t\t<\/div>\n\t\t\t\t<\/div>\n\t\t\t\t\t<\/div>\n\t\t<\/div>\n\t\t\t\t\t<\/div>\n\t\t<\/div>\n\t\t\t\t<div class=\"elementor-section elementor-top-section elementor-element elementor-element-0a9a6f3 elementor-section-stretched elementor-section-content-middle elementor-section-boxed elementor-section-height-default elementor-section-height-default\" data-id=\"0a9a6f3\" data-element_type=\"section\" data-e-type=\"section\" data-settings=\"{&quot;stretch_section&quot;:&quot;section-stretched&quot;,&quot;background_background&quot;:&quot;classic&quot;}\">\n\t\t\t\t\t\t<div class=\"elementor-container elementor-column-gap-no\">\n\t\t\t\t\t<div class=\"elementor-column elementor-col-50 elementor-top-column elementor-element elementor-element-8ac8314 elementor-hidden-phone\" data-id=\"8ac8314\" data-element_type=\"column\" data-e-type=\"column\" data-settings=\"{&quot;background_background&quot;:&quot;classic&quot;}\">\n\t\t\t<div class=\"elementor-widget-wrap elementor-element-populated\">\n\t\t\t\t\t\t<div class=\"elementor-element elementor-element-1afe0e9 elementor-widget elementor-widget-image\" data-id=\"1afe0e9\" data-element_type=\"widget\" data-e-type=\"widget\" data-widget_type=\"image.default\">\n\t\t\t\t<div class=\"elementor-widget-container\">\n\t\t\t\t\t\t\t\t\t\t\t\t\t\t\t<img decoding=\"async\" width=\"768\" height=\"580\" src=\"https:\/\/limamentor.com\/wp-content\/uploads\/2024\/04\/pagina-nueva-005-768x580.jpeg\" class=\"attachment-triply-post-grid size-triply-post-grid wp-image-12218\" alt=\"\" \/>\t\t\t\t\t\t\t\t\t\t\t\t\t\t\t<\/div>\n\t\t\t\t<\/div>\n\t\t\t\t\t<\/div>\n\t\t<\/div>\n\t\t\t\t<div class=\"elementor-column elementor-col-50 elementor-top-column elementor-element elementor-element-208b2bf\" data-id=\"208b2bf\" data-element_type=\"column\" data-e-type=\"column\">\n\t\t\t<div class=\"elementor-widget-wrap elementor-element-populated\">\n\t\t\t\t\t\t<div class=\"elementor-element elementor-element-a123a2f elementor-widget__width-initial animated-fast elementor-invisible elementor-widget elementor-widget-text-editor\" data-id=\"a123a2f\" data-element_type=\"widget\" data-e-type=\"widget\" data-settings=\"{&quot;_animation&quot;:&quot;opal-move-up&quot;}\" data-widget_type=\"text-editor.default\">\n\t\t\t\t<div class=\"elementor-widget-container\">\n\t\t\t\t\t\t\t\t\t<p>Per\u00fa est\u00e1 considerado uno de los pocos pa\u00edses que ofrecen caf\u00e9s ecol\u00f3gicos mejor valorados del mundo. Ja\u00e9n est\u00e1 situada a una media de 800 m sobre el nivel del mar, casi lindando con Ecuador, con un clima y unas caracter\u00edsticas perfectas para las plantaciones de caf\u00e9 y cacao, siendo la zona que re\u00fane a los mejores productores de caf\u00e9 de Per\u00fa.<\/p><p>En este viaje podr\u00e1s aprender de los productores certificados conociendo sus t\u00e9cnicas y procedimientos y experimentando con ellos su actividad. Adem\u00e1s, esta zona es famosa por sus cascadas, visitar\u00e1s una de ellas con la posibilidad de hacer tirolesa. As\u00ed como una Reserva Nacional que protege la flora y la fauna end\u00e9micas de la zona. Un viaje que despertar\u00e1 tus sentidos y tu conciencia.<\/p><p><strong>Precio:<\/strong><\/p><p>777 US$ por persona, en base a un grupo de 4 y alojamiento doble en el mejor alojamiento de cada ciudad.<\/p><p>888 US$ por persona, en base a un grupo de 2 personas y alojamiento doble en el mejor alojamiento de cada ciudad.<\/p><p><strong>Duraci\u00f3n:<\/strong> 5 d\u00edas.<\/p><p><em><strong>Podemos\u00a0<a href=\"https:\/\/www.limamentor.com\/tailor-made-tours\/\">hacer a medida<\/a>\u00a0este recorrido y ajustar el precio en funci\u00f3n del n\u00famero de participantes.<\/strong><\/em><\/p><p><em>**Puedes cancelar el viaje hasta 12 horas antes sin gastos de cancelaci\u00f3n.<\/em><br \/><em>*Los menores de 12 a\u00f1os tienen un 50% de descuento<\/em><br \/><em>*En Fiestas Mayores: 1 de Enero, Jueves Santo, Viernes Santo, 1 de Mayo, 28 de Julio, 29 de Julio, 24 de Diciembre, 25 de Diciembre, 31 de Diciembre tienen un coste adicional del 50%.<\/em><\/p>\t\t\t\t\t\t\t\t<\/div>\n\t\t\t\t<\/div>\n\t\t\t\t\t<\/div>\n\t\t<\/div>\n\t\t\t\t\t<\/div>\n\t\t<\/div>\n\t\t\t\t<div class=\"elementor-section elementor-top-section elementor-element elementor-element-ba6278f elementor-section-stretched elementor-section-content-middle elementor-section-boxed elementor-section-height-default elementor-section-height-default\" data-id=\"ba6278f\" data-element_type=\"section\" data-e-type=\"section\" data-settings=\"{&quot;stretch_section&quot;:&quot;section-stretched&quot;,&quot;background_background&quot;:&quot;classic&quot;}\">\n\t\t\t\t\t\t<div class=\"elementor-container elementor-column-gap-no\">\n\t\t\t\t\t<div class=\"elementor-column elementor-col-50 elementor-top-column elementor-element elementor-element-749d72c\" data-id=\"749d72c\" data-element_type=\"column\" data-e-type=\"column\">\n\t\t\t<div class=\"elementor-widget-wrap elementor-element-populated\">\n\t\t\t\t\t\t<div class=\"elementor-element elementor-element-fc0b558 elementor-widget__width-initial animated-fast elementor-invisible elementor-widget elementor-widget-heading\" data-id=\"fc0b558\" data-element_type=\"widget\" data-e-type=\"widget\" data-settings=\"{&quot;_animation&quot;:&quot;opal-move-up&quot;}\" data-widget_type=\"heading.default\">\n\t\t\t\t<div class=\"elementor-widget-container\">\n\t\t\t\t\t<h2 class=\"elementor-heading-title elementor-size-default\">Itinerario<\/h2>\t\t\t\t<\/div>\n\t\t\t\t<\/div>\n\t\t\t\t<div class=\"elementor-element elementor-element-b485cc7 elementor-widget__width-initial animated-fast elementor-invisible elementor-widget elementor-widget-text-editor\" data-id=\"b485cc7\" data-element_type=\"widget\" data-e-type=\"widget\" data-settings=\"{&quot;_animation&quot;:&quot;opal-move-up&quot;}\" data-widget_type=\"text-editor.default\">\n\t\t\t\t<div class=\"elementor-widget-container\">\n\t\t\t\t\t\t\t\t\t<h3>D\u00eda 1<\/h3>\n<div>\n<div>Vuelo por la ma\u00f1ana Lima\/Ja\u00e9n (1 hora de duraci\u00f3n). Traslado a tu hotel en Ja\u00e9n y rel\u00e1jate el resto de la ma\u00f1ana. Recogida para comer en un restaurante local. Por la tarde, nuestra primera visita ser\u00e1 a un proyecto familiar de apicultores que te mostrar\u00e1n c\u00f3mo producen miel natural, no adulterada ni procesada. Degustaci\u00f3n de diferentes mieles con distintos fines medicinales. De vuelta al hotel. Oportunidad de visitar uno de los mejores tostadores y cafeter\u00edas de la zona. Pasa la noche en Ja\u00e9n.<\/div>\n<\/div>\n<div> <\/div>\n<div>\n<h3>D\u00eda 2<\/h3>\n<div>\n<p>Salida por la ma\u00f1ana para dirigirnos a la Finca Los Pinos, paseo por sus cafetales guiados por uno de los responsables de este proyecto sostenible de ofrecer caf\u00e9 org\u00e1nico principalmente para la exportaci\u00f3n. Degustaci\u00f3n de su caf\u00e9. Justo al lado de este proyecto, visitamos la Finca San Antonio, donde observar\u00e1s plantaciones de diferentes frutas end\u00e9micas, cacao y, por supuesto, caf\u00e9. Aprende la forma artesanal de tostar y moler. Almuerzo en Los Pinos y traslado a San Ignacio para pasar la tarde libre. Pasa la noche en San Ignacio.<\/p>\n<div>\n<h3 style=\"margin-bottom: 0.540791em;\">D\u00eda 3<\/h3>\n<p><span style=\"color: var( --e-global-color-text ); font-family: var( --e-global-typography-text-font-family ), Sans-serif; font-weight: var( --e-global-typography-text-font-weight );\">Conduce hasta el Santuario Nacional de Tabaconas Namballe. En este trayecto de 2 horas, disfrutar\u00e1s de vistas de murallas de agua, plantaciones de caf\u00e9, valles y zonas de reforestaci\u00f3n. Una vez llegues, caminar\u00e1s principalmente para observar orqu\u00eddeas y aves. Este santuario se centra principalmente en la protecci\u00f3n de las flores, las aves y los grandes mam\u00edferos, como los tapires y los osos de anteojos, que con suerte podr\u00e1s observar. Comida y regreso. Hoy es un d\u00eda largo, ya que se trata de una excursi\u00f3n de 11 horas. Pasa la noche en San Ignacio.  <\/span><\/p>\n<h3>D\u00eda 4<\/h3>\n<div class=\"timeline__item\">\n<div class=\"timeline__item__content padding-left\">\n<div class=\"timeline__item__description\">Salida para visitar la catarata m\u00e1s famosa de la zona, situada en el distrito de Huarango (casi 2 horas en coche). Camina por un hermoso bosque nuboso para llegar junto a la cascada &#8220;Bella Encantadora&#8221;. Opci\u00f3n de hacer una incre\u00edble tirolina sobre la cascada. Almuerza en un restaurante local y visita la &#8220;Laguna Azul&#8221;, una hermosa laguna de la zona. Regreso a San Ignacio y alojamiento.<\/div>\n<\/div>\n<\/div>\n<div class=\"timeline__item\"> <\/div>\n<\/div>\n<\/div>\n<div>\n<h3 style=\"margin-bottom: 0.540791em;\">D\u00eda 5<\/h3>\n<p><span style=\"color: var( --e-global-color-text ); font-family: var( --e-global-typography-text-font-family ), Sans-serif; font-weight: var( --e-global-typography-text-font-weight );\">Conduce durante casi 2 horas para llegar al aeropuerto de Shumba en Ja\u00e9n.<\/span><\/p>\n<\/div>\n<div>\n<div>\n<div>\n<div style=\"color: #333333; font-family: Oxygen; font-size: 15px; background-color: #ffffff;\"> <\/div>\n<\/div>\n<\/div>\n<\/div>\n<\/div>\n\t\t\t\t\t\t\t\t<\/div>\n\t\t\t\t<\/div>\n\t\t\t\t\t<\/div>\n\t\t<\/div>\n\t\t\t\t<div class=\"elementor-column elementor-col-50 elementor-top-column elementor-element elementor-element-5f7b493 elementor-hidden-phone\" data-id=\"5f7b493\" data-element_type=\"column\" data-e-type=\"column\" data-settings=\"{&quot;background_background&quot;:&quot;classic&quot;}\">\n\t\t\t<div class=\"elementor-widget-wrap elementor-element-populated\">\n\t\t\t\t\t\t<div class=\"elementor-element elementor-element-4b94255 elementor-widget elementor-widget-image\" data-id=\"4b94255\" data-element_type=\"widget\" data-e-type=\"widget\" data-widget_type=\"image.default\">\n\t\t\t\t<div class=\"elementor-widget-container\">\n\t\t\t\t\t\t\t\t\t\t\t\t\t\t\t<img decoding=\"async\" width=\"1000\" height=\"580\" src=\"https:\/\/limamentor.com\/wp-content\/uploads\/2024\/04\/pagina-nueva-004.jpeg\" class=\"attachment-full size-full wp-image-12217\" alt=\"\" srcset=\"https:\/\/limamentor.com\/wp-content\/uploads\/2024\/04\/pagina-nueva-004.jpeg 1000w, https:\/\/limamentor.com\/wp-content\/uploads\/2024\/04\/pagina-nueva-004-300x174.jpeg 300w, https:\/\/limamentor.com\/wp-content\/uploads\/2024\/04\/pagina-nueva-004-768x445.jpeg 768w, https:\/\/limamentor.com\/wp-content\/uploads\/2024\/04\/pagina-nueva-004-776x450.jpeg 776w\" sizes=\"(max-width: 1000px) 100vw, 1000px\" \/>\t\t\t\t\t\t\t\t\t\t\t\t\t\t\t<\/div>\n\t\t\t\t<\/div>\n\t\t\t\t\t<\/div>\n\t\t<\/div>\n\t\t\t\t\t<\/div>\n\t\t<\/div>\n\t\t\t\t<\/div>\n\t\t","protected":false},"excerpt":{"rendered":"<p>Viaje de caf\u00e9 Per\u00fa est\u00e1 considerado uno de los pocos pa\u00edses que ofrecen caf\u00e9s ecol\u00f3gicos mejor valorados del mundo. Ja\u00e9n est\u00e1 situada a una media de 800 m sobre el nivel del mar, casi lindando con Ecuador, con un clima y unas caracter\u00edsticas perfectas para las plantaciones de caf\u00e9 y cacao, siendo la zona que [&hellip;]<\/p>\n","protected":false},"author":1,"featured_media":0,"parent":0,"menu_order":0,"comment_status":"closed","ping_status":"closed","template":"elementor_header_footer","meta":{"nf_dc_page":"","inline_featured_image":false,"footnotes":""},"class_list":["post-12269","page","type-page","status-publish","hentry"],"yoast_head":"<!-- This site is optimized with the Yoast SEO plugin v27.4 - https:\/\/yoast.com\/product\/yoast-seo-wordpress\/ -->\n<title>Viaje de caf\u00e9 | Lima Mentor<\/title>\n<meta name=\"robots\" content=\"index, follow, max-snippet:-1, max-image-preview:large, max-video-preview:-1\" \/>\n<link rel=\"canonical\" href=\"https:\/\/limamentor.com\/coffee-trip\/\" \/>\n<meta property=\"og:locale\" content=\"es_ES\" \/>\n<meta property=\"og:type\" content=\"article\" \/>\n<meta property=\"og:title\" content=\"Viaje de caf\u00e9 | Lima Mentor\" \/>\n<meta property=\"og:description\" content=\"Viaje de caf\u00e9 Per\u00fa est\u00e1 considerado uno de los pocos pa\u00edses que ofrecen caf\u00e9s ecol\u00f3gicos mejor valorados del mundo. Ja\u00e9n est\u00e1 situada a una media de 800 m sobre el nivel del mar, casi lindando con Ecuador, con un clima y unas caracter\u00edsticas perfectas para las plantaciones de caf\u00e9 y cacao, siendo la zona que [&hellip;]\" \/>\n<meta property=\"og:url\" content=\"https:\/\/limamentor.com\/coffee-trip\/\" \/>\n<meta property=\"og:site_name\" content=\"Lima Mentor\" \/>\n<meta property=\"article:publisher\" content=\"https:\/\/www.facebook.com\/limamentor\/?locale=es_LA\" \/>\n<meta property=\"article:modified_time\" content=\"2025-04-29T16:21:48+00:00\" \/>\n<meta property=\"og:image\" content=\"https:\/\/limamentor.com\/wp-content\/uploads\/2024\/04\/pagina-nueva-005.jpeg\" \/>\n\t<meta property=\"og:image:width\" content=\"1000\" \/>\n\t<meta property=\"og:image:height\" content=\"580\" \/>\n\t<meta property=\"og:image:type\" content=\"image\/jpeg\" \/>\n<meta name=\"twitter:card\" content=\"summary_large_image\" \/>\n<meta name=\"twitter:label1\" content=\"Tiempo de lectura\" \/>\n\t<meta name=\"twitter:data1\" content=\"4 minutos\" \/>\n<script type=\"application\/ld+json\" class=\"yoast-schema-graph\">{\"@context\":\"https:\\\/\\\/schema.org\",\"@graph\":[{\"@type\":\"WebPage\",\"@id\":\"https:\\\/\\\/limamentor.com\\\/coffee-trip\\\/\",\"url\":\"https:\\\/\\\/limamentor.com\\\/coffee-trip\\\/\",\"name\":\"Viaje de caf\u00e9 | Lima Mentor\",\"isPartOf\":{\"@id\":\"https:\\\/\\\/limamentor.com\\\/es\\\/#website\"},\"primaryImageOfPage\":{\"@id\":\"https:\\\/\\\/limamentor.com\\\/coffee-trip\\\/#primaryimage\"},\"image\":{\"@id\":\"https:\\\/\\\/limamentor.com\\\/coffee-trip\\\/#primaryimage\"},\"thumbnailUrl\":\"https:\\\/\\\/limamentor.com\\\/wp-content\\\/uploads\\\/2024\\\/04\\\/pagina-nueva-005-768x580.jpeg\",\"datePublished\":\"2024-03-21T17:43:22+00:00\",\"dateModified\":\"2025-04-29T16:21:48+00:00\",\"breadcrumb\":{\"@id\":\"https:\\\/\\\/limamentor.com\\\/coffee-trip\\\/#breadcrumb\"},\"inLanguage\":\"es\",\"potentialAction\":[{\"@type\":\"ReadAction\",\"target\":[\"https:\\\/\\\/limamentor.com\\\/coffee-trip\\\/\"]}]},{\"@type\":\"ImageObject\",\"inLanguage\":\"es\",\"@id\":\"https:\\\/\\\/limamentor.com\\\/coffee-trip\\\/#primaryimage\",\"url\":\"https:\\\/\\\/limamentor.com\\\/wp-content\\\/uploads\\\/2024\\\/04\\\/pagina-nueva-005-768x580.jpeg\",\"contentUrl\":\"https:\\\/\\\/limamentor.com\\\/wp-content\\\/uploads\\\/2024\\\/04\\\/pagina-nueva-005-768x580.jpeg\"},{\"@type\":\"BreadcrumbList\",\"@id\":\"https:\\\/\\\/limamentor.com\\\/coffee-trip\\\/#breadcrumb\",\"itemListElement\":[{\"@type\":\"ListItem\",\"position\":1,\"name\":\"Home\",\"item\":\"https:\\\/\\\/limamentor.com\\\/\"},{\"@type\":\"ListItem\",\"position\":2,\"name\":\"Viaje de caf\u00e9\"}]},{\"@type\":\"WebSite\",\"@id\":\"https:\\\/\\\/limamentor.com\\\/es\\\/#website\",\"url\":\"https:\\\/\\\/limamentor.com\\\/es\\\/\",\"name\":\"Lima Mentor authentic experiences for you\",\"description\":\"LIMA MENTOR WEB\",\"publisher\":{\"@id\":\"https:\\\/\\\/limamentor.com\\\/es\\\/#organization\"},\"alternateName\":\"Sharing with you the best of the city of Lima, its sights, its culture and its tastes.\",\"potentialAction\":[{\"@type\":\"SearchAction\",\"target\":{\"@type\":\"EntryPoint\",\"urlTemplate\":\"https:\\\/\\\/limamentor.com\\\/es\\\/?s={search_term_string}\"},\"query-input\":{\"@type\":\"PropertyValueSpecification\",\"valueRequired\":true,\"valueName\":\"search_term_string\"}}],\"inLanguage\":\"es\"},{\"@type\":\"Organization\",\"@id\":\"https:\\\/\\\/limamentor.com\\\/es\\\/#organization\",\"name\":\"Lima Mentor\",\"alternateName\":\"Sharing with you the best of the city of Lima, its sights, its culture and its tastes.\",\"url\":\"https:\\\/\\\/limamentor.com\\\/es\\\/\",\"logo\":{\"@type\":\"ImageObject\",\"inLanguage\":\"es\",\"@id\":\"https:\\\/\\\/limamentor.com\\\/es\\\/#\\\/schema\\\/logo\\\/image\\\/\",\"url\":\"https:\\\/\\\/limamentor.com\\\/wp-content\\\/uploads\\\/2024\\\/03\\\/cropped-limamentorlogo.png\",\"contentUrl\":\"https:\\\/\\\/limamentor.com\\\/wp-content\\\/uploads\\\/2024\\\/03\\\/cropped-limamentorlogo.png\",\"width\":318,\"height\":92,\"caption\":\"Lima Mentor\"},\"image\":{\"@id\":\"https:\\\/\\\/limamentor.com\\\/es\\\/#\\\/schema\\\/logo\\\/image\\\/\"},\"sameAs\":[\"https:\\\/\\\/www.facebook.com\\\/limamentor\\\/?locale=es_LA\",\"https:\\\/\\\/www.instagram.com\\\/limamentor\\\/\"]}]}<\/script>\n<!-- \/ Yoast SEO plugin. -->","yoast_head_json":{"title":"Viaje de caf\u00e9 | Lima Mentor","robots":{"index":"index","follow":"follow","max-snippet":"max-snippet:-1","max-image-preview":"max-image-preview:large","max-video-preview":"max-video-preview:-1"},"canonical":"https:\/\/limamentor.com\/coffee-trip\/","og_locale":"es_ES","og_type":"article","og_title":"Viaje de caf\u00e9 | Lima Mentor","og_description":"Viaje de caf\u00e9 Per\u00fa est\u00e1 considerado uno de los pocos pa\u00edses que ofrecen caf\u00e9s ecol\u00f3gicos mejor valorados del mundo. Ja\u00e9n est\u00e1 situada a una media de 800 m sobre el nivel del mar, casi lindando con Ecuador, con un clima y unas caracter\u00edsticas perfectas para las plantaciones de caf\u00e9 y cacao, siendo la zona que [&hellip;]","og_url":"https:\/\/limamentor.com\/coffee-trip\/","og_site_name":"Lima Mentor","article_publisher":"https:\/\/www.facebook.com\/limamentor\/?locale=es_LA","article_modified_time":"2025-04-29T16:21:48+00:00","og_image":[{"width":1000,"height":580,"url":"https:\/\/limamentor.com\/wp-content\/uploads\/2024\/04\/pagina-nueva-005.jpeg","type":"image\/jpeg"}],"twitter_card":"summary_large_image","twitter_misc":{"Tiempo de lectura":"4 minutos"},"schema":{"@context":"https:\/\/schema.org","@graph":[{"@type":"WebPage","@id":"https:\/\/limamentor.com\/coffee-trip\/","url":"https:\/\/limamentor.com\/coffee-trip\/","name":"Viaje de caf\u00e9 | Lima Mentor","isPartOf":{"@id":"https:\/\/limamentor.com\/es\/#website"},"primaryImageOfPage":{"@id":"https:\/\/limamentor.com\/coffee-trip\/#primaryimage"},"image":{"@id":"https:\/\/limamentor.com\/coffee-trip\/#primaryimage"},"thumbnailUrl":"https:\/\/limamentor.com\/wp-content\/uploads\/2024\/04\/pagina-nueva-005-768x580.jpeg","datePublished":"2024-03-21T17:43:22+00:00","dateModified":"2025-04-29T16:21:48+00:00","breadcrumb":{"@id":"https:\/\/limamentor.com\/coffee-trip\/#breadcrumb"},"inLanguage":"es","potentialAction":[{"@type":"ReadAction","target":["https:\/\/limamentor.com\/coffee-trip\/"]}]},{"@type":"ImageObject","inLanguage":"es","@id":"https:\/\/limamentor.com\/coffee-trip\/#primaryimage","url":"https:\/\/limamentor.com\/wp-content\/uploads\/2024\/04\/pagina-nueva-005-768x580.jpeg","contentUrl":"https:\/\/limamentor.com\/wp-content\/uploads\/2024\/04\/pagina-nueva-005-768x580.jpeg"},{"@type":"BreadcrumbList","@id":"https:\/\/limamentor.com\/coffee-trip\/#breadcrumb","itemListElement":[{"@type":"ListItem","position":1,"name":"Home","item":"https:\/\/limamentor.com\/"},{"@type":"ListItem","position":2,"name":"Viaje de caf\u00e9"}]},{"@type":"WebSite","@id":"https:\/\/limamentor.com\/es\/#website","url":"https:\/\/limamentor.com\/es\/","name":"Lima Mentor authentic experiences for you","description":"LIMA MENTOR WEB","publisher":{"@id":"https:\/\/limamentor.com\/es\/#organization"},"alternateName":"Sharing with you the best of the city of Lima, its sights, its culture and its tastes.","potentialAction":[{"@type":"SearchAction","target":{"@type":"EntryPoint","urlTemplate":"https:\/\/limamentor.com\/es\/?s={search_term_string}"},"query-input":{"@type":"PropertyValueSpecification","valueRequired":true,"valueName":"search_term_string"}}],"inLanguage":"es"},{"@type":"Organization","@id":"https:\/\/limamentor.com\/es\/#organization","name":"Lima Mentor","alternateName":"Sharing with you the best of the city of Lima, its sights, its culture and its tastes.","url":"https:\/\/limamentor.com\/es\/","logo":{"@type":"ImageObject","inLanguage":"es","@id":"https:\/\/limamentor.com\/es\/#\/schema\/logo\/image\/","url":"https:\/\/limamentor.com\/wp-content\/uploads\/2024\/03\/cropped-limamentorlogo.png","contentUrl":"https:\/\/limamentor.com\/wp-content\/uploads\/2024\/03\/cropped-limamentorlogo.png","width":318,"height":92,"caption":"Lima Mentor"},"image":{"@id":"https:\/\/limamentor.com\/es\/#\/schema\/logo\/image\/"},"sameAs":["https:\/\/www.facebook.com\/limamentor\/?locale=es_LA","https:\/\/www.instagram.com\/limamentor\/"]}]}},"_links":{"self":[{"href":"https:\/\/limamentor.com\/es\/wp-json\/wp\/v2\/pages\/12269","targetHints":{"allow":["GET"]}}],"collection":[{"href":"https:\/\/limamentor.com\/es\/wp-json\/wp\/v2\/pages"}],"about":[{"href":"https:\/\/limamentor.com\/es\/wp-json\/wp\/v2\/types\/page"}],"author":[{"embeddable":true,"href":"https:\/\/limamentor.com\/es\/wp-json\/wp\/v2\/users\/1"}],"replies":[{"embeddable":true,"href":"https:\/\/limamentor.com\/es\/wp-json\/wp\/v2\/comments?post=12269"}],"version-history":[{"count":7,"href":"https:\/\/limamentor.com\/es\/wp-json\/wp\/v2\/pages\/12269\/revisions"}],"predecessor-version":[{"id":14650,"href":"https:\/\/limamentor.com\/es\/wp-json\/wp\/v2\/pages\/12269\/revisions\/14650"}],"wp:attachment":[{"href":"https:\/\/limamentor.com\/es\/wp-json\/wp\/v2\/media?parent=12269"}],"curies":[{"name":"wp","href":"https:\/\/api.w.org\/{rel}","templated":true}]}}