{"id":12281,"date":"2024-03-07T14:44:42","date_gmt":"2024-03-07T14:44:42","guid":{"rendered":"https:\/\/limamentor.com\/condiciones-generales\/"},"modified":"2024-04-22T01:13:26","modified_gmt":"2024-04-22T01:13:26","slug":"condiciones-generales","status":"publish","type":"page","link":"https:\/\/limamentor.com\/es\/condiciones-generales\/","title":{"rendered":"Condiciones generales"},"content":{"rendered":"\t\t<div data-elementor-type=\"wp-page\" data-elementor-id=\"12281\" class=\"elementor elementor-12281 elementor-12\" data-elementor-post-type=\"page\">\n\t\t\t\t<div class=\"elementor-element elementor-element-4879ca7f e-flex e-con-boxed e-con e-parent\" data-id=\"4879ca7f\" data-element_type=\"container\" data-e-type=\"container\">\n\t\t\t\t\t<div class=\"e-con-inner\">\n\t\t\t\t<div class=\"elementor-element elementor-element-75125104 elementor-widget elementor-widget-text-editor\" data-id=\"75125104\" data-element_type=\"widget\" data-e-type=\"widget\" data-widget_type=\"text-editor.default\">\n\t\t\t\t<div class=\"elementor-widget-container\">\n\t\t\t\t\t\t\t\t\t<h1><strong>POL\u00cdTICAS DE PAGO Y CANCELACI\u00d3N<\/strong><\/h1>\n<h2><strong>GENERAL<\/strong><\/h2>\n<p>Cualquier aumento del precio del tren, los billetes de avi\u00f3n y las entradas entre la fecha de confirmaci\u00f3n y las fechas del viaje se repercutir\u00e1 al cliente. Por favor, comprende que las vacaciones de aventura entra\u00f1an ciertos peligros que debes aceptar bajo tu propia responsabilidad. La Empresa no ser\u00e1 responsable de ninguna enfermedad, lesi\u00f3n o muerte sufrida durante una excursi\u00f3n o cualquier parte de las vacaciones, ni de ninguna p\u00e9rdida no asegurada de tus bienes. Por eso, te recomendamos encarecidamente que contrates un seguro de viaje de cancelaci\u00f3n.<\/p>\n<ol>\n<li>\n<h3><strong>PAGOS<\/strong><\/h3>\n<\/li>\n<\/ol>\n<p>FIANZAS: Deber\u00e1s abonar un dep\u00f3sito de 300 $ por pasajero en el momento de la confirmaci\u00f3n de tu viaje para reservar y pagar por adelantado los asientos del tren\/las entradas al Camino Inca\/Machu Picchu. Si tambi\u00e9n reservas billetes de avi\u00f3n con nosotros, tambi\u00e9n te pedimos el importe total de los precios de los billetes de avi\u00f3n. Si reservas un crucero por el Amazonas, tambi\u00e9n exigimos otro dep\u00f3sito de 500 $ por pasajero. Debe recibirse el pago final  <strong>a m\u00e1s tardar 30 d\u00edas antes del inicio del viaje. El pago final del crucero por el Amazonas debe recibirse 90 d\u00edas antes del inicio del crucero<\/strong>. Las reservas realizadas dentro de los 30 d\u00edas anteriores al viaje requieren el pago completo en el momento de la confirmaci\u00f3n.<\/p>\n<p>GRUPOS: Al confirmar tu viaje, deber\u00e1s abonar un dep\u00f3sito de 150 $ por pasajero para reservar y pagar por adelantado los asientos del tren y los permisos para el Camino Inca. Si tambi\u00e9n reservas billetes de avi\u00f3n con nosotros, tambi\u00e9n te pedimos el importe total de los precios de los billetes de avi\u00f3n. El pago final debe recibirse a <strong>m\u00e1s tardar 60 d\u00edas antes<\/strong> del inicio del viaje. Las reservas realizadas dentro de los 60 d\u00edas anteriores al viaje requieren el pago completo en el momento de la confirmaci\u00f3n.<\/p>\n<ol start=\"2\">\n<li>\n<h3><strong>ANULACIONES Y CAMBIOS<\/strong><\/h3>\n<\/li>\n<\/ol>\n<p>Lima Mentor har\u00e1 todo lo posible por ayudarte si deseas modificar tus preparativos en las fases de planificaci\u00f3n de tu viaje y durante el transcurso de tus vacaciones. No obstante, se te repercutir\u00e1n todos los nuevos cargos correspondientes a los nuevos servicios requeridos y no habr\u00e1 reembolsos por los servicios no contratados.<\/p>\n<p>Si durante el viaje decides cancelar parte o todo el viaje o cambiar toda la ruta, no habr\u00e1 reembolsos. A continuaci\u00f3n encontrar\u00e1s una tabla en la que se detalla el % que se reembolsar\u00e1 en caso de cancelaci\u00f3n por tu parte.<\/p>\n<p>FITS<\/p>\n<table>\n<tbody>\n<tr>\n<td width=\"133\">\n  <strong>D\u00edas antes del inicio del viaje<\/strong>\n<\/td>\n<td width=\"299\">\n  <strong>% a reembolsar<\/strong>\n<\/td>\n<\/tr>\n<tr>\n<td width=\"133\">M\u00e1s de 30 d\u00edas<\/td>\n<td width=\"299\">100% menos los gastos administrativos de reembolso de los billetes de tren<\/td>\n<\/tr>\n<tr>\n<td width=\"133\">Entre 30 y 15 d\u00edas<\/td>\n<td width=\"299\">50%<\/td>\n<\/tr>\n<tr>\n<td width=\"133\">Menos de 15 d\u00edas<\/td>\n<td width=\"299\">0%<\/td>\n<\/tr>\n<\/tbody>\n<\/table>\n<p>GRUPOS<\/p>\n<table>\n<tbody>\n<tr>\n<td width=\"133\">\n  <strong>D\u00edas antes del inicio del viaje<\/strong>\n<\/td>\n<td width=\"299\">\n  <strong>% a reembolsar<\/strong>\n<\/td>\n<\/tr>\n<tr>\n<td width=\"133\">M\u00e1s de 60 d\u00edas<\/td>\n<td width=\"299\">100% menos los gastos administrativos de reembolso de los billetes de tren<\/td>\n<\/tr>\n<tr>\n<td width=\"133\">Entre 60 y 30 d\u00edas<\/td>\n<td width=\"299\">50%<\/td>\n<\/tr>\n<tr>\n<td width=\"133\">Entre 30 y 15 d\u00edas<\/td>\n<td width=\"299\">25%<\/td>\n<\/tr>\n<tr>\n<td width=\"133\">Menos de 15 d\u00edas<\/td>\n<td width=\"299\">0%<\/td>\n<\/tr>\n<\/tbody>\n<\/table>\n<p>*Las entradas para acceder al Camino Inca no son reembolsables.<\/p>\n<p>En muy raras circunstancias, Lima Mentor puede tener que modificar unas vacaciones confirmadas antes de tu salida. Si la modificaci\u00f3n es significativa (es decir, si se trata de un cambio del tiempo de vuelo en m\u00e1s de 12 horas, un cambio de aeropuerto  [except between airports serving the same city]En caso de cambio de destino o cambio a un nivel de alojamiento inferior), Lima Mentor te lo notificar\u00e1 lo antes posible y te ofrecer\u00e1 dos opciones: cancelar el viaje o parte del viaje y recibir un reembolso completo y r\u00e1pido de los servicios no utilizados, o aceptar la alternativa, y en caso de cambio a un nivel de alojamiento inferior recibir un reembolso por el importe de la diferencia entre el alojamiento no utilizado y el inferior.<\/p>\n<p><em>Fuerza mayor  <\/em>se refiere a circunstancias inusuales e imprevisibles ajenas al control de la Empresa, cuyas consecuencias ni la Empresa ni sus proveedores podr\u00edan evitar, incluyendo, entre otras, guerra, amenaza de guerra, disturbios, contienda civil, actividad terrorista (real o amenazada), conflicto laboral, problemas t\u00e9cnicos con el transporte, la maquinaria o el equipo, corte de electricidad, desastre natural o nuclear, incendio, inundaci\u00f3n, sequ\u00eda, condiciones meteorol\u00f3gicas adversas y nivel del agua en los r\u00edos. Si, por causa de fuerza mayor, Lima Mentor no pudiera realizar una parte de tus vacaciones despu\u00e9s de que \u00e9stas hayan comenzado y se tuvieran que hacer arreglos alternativos, los pasajeros tendr\u00e1n que asumir el coste de dichos arreglos. En ning\u00fan caso, Lima Mentor ofrecer\u00e1 reembolsos por cancelaciones en caso de &#8220;Fuerza Mayor&#8221;.<\/p>\n\t\t\t\t\t\t\t\t<\/div>\n\t\t\t\t<\/div>\n\t\t\t\t\t<\/div>\n\t\t\t\t<\/div>\n\t\t\t\t<\/div>\n\t\t","protected":false},"excerpt":{"rendered":"<p>POL\u00cdTICAS DE PAGO Y CANCELACI\u00d3N GENERAL Cualquier aumento del precio del tren, los billetes de avi\u00f3n y las entradas entre la fecha de confirmaci\u00f3n y las fechas del viaje se repercutir\u00e1 al cliente. Por favor, comprende que las vacaciones de aventura entra\u00f1an ciertos peligros que debes aceptar bajo tu propia responsabilidad. La Empresa no ser\u00e1 [&hellip;]<\/p>\n","protected":false},"author":1,"featured_media":0,"parent":0,"menu_order":0,"comment_status":"closed","ping_status":"closed","template":"elementor_header_footer","meta":{"nf_dc_page":"","inline_featured_image":false,"footnotes":""},"class_list":["post-12281","page","type-page","status-publish","hentry"],"yoast_head":"<!-- This site is optimized with the Yoast SEO plugin v27.4 - https:\/\/yoast.com\/product\/yoast-seo-wordpress\/ -->\n<title>Condiciones generales | Lima Mentor<\/title>\n<meta name=\"robots\" content=\"index, follow, max-snippet:-1, max-image-preview:large, max-video-preview:-1\" \/>\n<link rel=\"canonical\" href=\"https:\/\/limamentor.com\/terms-conditions\/\" \/>\n<meta property=\"og:locale\" content=\"es_ES\" \/>\n<meta property=\"og:type\" content=\"article\" \/>\n<meta property=\"og:title\" content=\"Condiciones generales | Lima Mentor\" \/>\n<meta property=\"og:description\" content=\"POL\u00cdTICAS DE PAGO Y CANCELACI\u00d3N GENERAL Cualquier aumento del precio del tren, los billetes de avi\u00f3n y las entradas entre la fecha de confirmaci\u00f3n y las fechas del viaje se repercutir\u00e1 al cliente. Por favor, comprende que las vacaciones de aventura entra\u00f1an ciertos peligros que debes aceptar bajo tu propia responsabilidad. La Empresa no ser\u00e1 [&hellip;]\" \/>\n<meta property=\"og:url\" content=\"https:\/\/limamentor.com\/terms-conditions\/\" \/>\n<meta property=\"og:site_name\" content=\"Lima Mentor\" \/>\n<meta property=\"article:publisher\" content=\"https:\/\/www.facebook.com\/limamentor\/?locale=es_LA\" \/>\n<meta property=\"article:modified_time\" content=\"2024-04-22T01:13:26+00:00\" \/>\n<meta property=\"og:image\" content=\"https:\/\/limamentor.com\/wp-content\/uploads\/2024\/03\/cropped-limamentorlogo.png\" \/>\n\t<meta property=\"og:image:width\" content=\"318\" \/>\n\t<meta property=\"og:image:height\" content=\"92\" \/>\n\t<meta property=\"og:image:type\" content=\"image\/png\" \/>\n<meta name=\"twitter:card\" content=\"summary_large_image\" \/>\n<meta name=\"twitter:label1\" content=\"Tiempo de lectura\" \/>\n\t<meta name=\"twitter:data1\" content=\"4 minutos\" \/>\n<script type=\"application\/ld+json\" class=\"yoast-schema-graph\">{\"@context\":\"https:\\\/\\\/schema.org\",\"@graph\":[{\"@type\":\"WebPage\",\"@id\":\"https:\\\/\\\/limamentor.com\\\/terms-conditions\\\/\",\"url\":\"https:\\\/\\\/limamentor.com\\\/terms-conditions\\\/\",\"name\":\"Condiciones generales | Lima Mentor\",\"isPartOf\":{\"@id\":\"https:\\\/\\\/limamentor.com\\\/es\\\/#website\"},\"datePublished\":\"2024-03-07T14:44:42+00:00\",\"dateModified\":\"2024-04-22T01:13:26+00:00\",\"breadcrumb\":{\"@id\":\"https:\\\/\\\/limamentor.com\\\/terms-conditions\\\/#breadcrumb\"},\"inLanguage\":\"es\",\"potentialAction\":[{\"@type\":\"ReadAction\",\"target\":[\"https:\\\/\\\/limamentor.com\\\/terms-conditions\\\/\"]}]},{\"@type\":\"BreadcrumbList\",\"@id\":\"https:\\\/\\\/limamentor.com\\\/terms-conditions\\\/#breadcrumb\",\"itemListElement\":[{\"@type\":\"ListItem\",\"position\":1,\"name\":\"Home\",\"item\":\"https:\\\/\\\/limamentor.com\\\/\"},{\"@type\":\"ListItem\",\"position\":2,\"name\":\"Condiciones generales\"}]},{\"@type\":\"WebSite\",\"@id\":\"https:\\\/\\\/limamentor.com\\\/es\\\/#website\",\"url\":\"https:\\\/\\\/limamentor.com\\\/es\\\/\",\"name\":\"Lima Mentor authentic experiences for you\",\"description\":\"LIMA MENTOR WEB\",\"publisher\":{\"@id\":\"https:\\\/\\\/limamentor.com\\\/es\\\/#organization\"},\"alternateName\":\"Sharing with you the best of the city of Lima, its sights, its culture and its tastes.\",\"potentialAction\":[{\"@type\":\"SearchAction\",\"target\":{\"@type\":\"EntryPoint\",\"urlTemplate\":\"https:\\\/\\\/limamentor.com\\\/es\\\/?s={search_term_string}\"},\"query-input\":{\"@type\":\"PropertyValueSpecification\",\"valueRequired\":true,\"valueName\":\"search_term_string\"}}],\"inLanguage\":\"es\"},{\"@type\":\"Organization\",\"@id\":\"https:\\\/\\\/limamentor.com\\\/es\\\/#organization\",\"name\":\"Lima Mentor\",\"alternateName\":\"Sharing with you the best of the city of Lima, its sights, its culture and its tastes.\",\"url\":\"https:\\\/\\\/limamentor.com\\\/es\\\/\",\"logo\":{\"@type\":\"ImageObject\",\"inLanguage\":\"es\",\"@id\":\"https:\\\/\\\/limamentor.com\\\/es\\\/#\\\/schema\\\/logo\\\/image\\\/\",\"url\":\"https:\\\/\\\/limamentor.com\\\/wp-content\\\/uploads\\\/2024\\\/03\\\/cropped-limamentorlogo.png\",\"contentUrl\":\"https:\\\/\\\/limamentor.com\\\/wp-content\\\/uploads\\\/2024\\\/03\\\/cropped-limamentorlogo.png\",\"width\":318,\"height\":92,\"caption\":\"Lima Mentor\"},\"image\":{\"@id\":\"https:\\\/\\\/limamentor.com\\\/es\\\/#\\\/schema\\\/logo\\\/image\\\/\"},\"sameAs\":[\"https:\\\/\\\/www.facebook.com\\\/limamentor\\\/?locale=es_LA\",\"https:\\\/\\\/www.instagram.com\\\/limamentor\\\/\"]}]}<\/script>\n<!-- \/ Yoast SEO plugin. -->","yoast_head_json":{"title":"Condiciones generales | Lima Mentor","robots":{"index":"index","follow":"follow","max-snippet":"max-snippet:-1","max-image-preview":"max-image-preview:large","max-video-preview":"max-video-preview:-1"},"canonical":"https:\/\/limamentor.com\/terms-conditions\/","og_locale":"es_ES","og_type":"article","og_title":"Condiciones generales | Lima Mentor","og_description":"POL\u00cdTICAS DE PAGO Y CANCELACI\u00d3N GENERAL Cualquier aumento del precio del tren, los billetes de avi\u00f3n y las entradas entre la fecha de confirmaci\u00f3n y las fechas del viaje se repercutir\u00e1 al cliente. Por favor, comprende que las vacaciones de aventura entra\u00f1an ciertos peligros que debes aceptar bajo tu propia responsabilidad. La Empresa no ser\u00e1 [&hellip;]","og_url":"https:\/\/limamentor.com\/terms-conditions\/","og_site_name":"Lima Mentor","article_publisher":"https:\/\/www.facebook.com\/limamentor\/?locale=es_LA","article_modified_time":"2024-04-22T01:13:26+00:00","og_image":[{"width":318,"height":92,"url":"https:\/\/limamentor.com\/wp-content\/uploads\/2024\/03\/cropped-limamentorlogo.png","type":"image\/png"}],"twitter_card":"summary_large_image","twitter_misc":{"Tiempo de lectura":"4 minutos"},"schema":{"@context":"https:\/\/schema.org","@graph":[{"@type":"WebPage","@id":"https:\/\/limamentor.com\/terms-conditions\/","url":"https:\/\/limamentor.com\/terms-conditions\/","name":"Condiciones generales | Lima Mentor","isPartOf":{"@id":"https:\/\/limamentor.com\/es\/#website"},"datePublished":"2024-03-07T14:44:42+00:00","dateModified":"2024-04-22T01:13:26+00:00","breadcrumb":{"@id":"https:\/\/limamentor.com\/terms-conditions\/#breadcrumb"},"inLanguage":"es","potentialAction":[{"@type":"ReadAction","target":["https:\/\/limamentor.com\/terms-conditions\/"]}]},{"@type":"BreadcrumbList","@id":"https:\/\/limamentor.com\/terms-conditions\/#breadcrumb","itemListElement":[{"@type":"ListItem","position":1,"name":"Home","item":"https:\/\/limamentor.com\/"},{"@type":"ListItem","position":2,"name":"Condiciones generales"}]},{"@type":"WebSite","@id":"https:\/\/limamentor.com\/es\/#website","url":"https:\/\/limamentor.com\/es\/","name":"Lima Mentor authentic experiences for you","description":"LIMA MENTOR WEB","publisher":{"@id":"https:\/\/limamentor.com\/es\/#organization"},"alternateName":"Sharing with you the best of the city of Lima, its sights, its culture and its tastes.","potentialAction":[{"@type":"SearchAction","target":{"@type":"EntryPoint","urlTemplate":"https:\/\/limamentor.com\/es\/?s={search_term_string}"},"query-input":{"@type":"PropertyValueSpecification","valueRequired":true,"valueName":"search_term_string"}}],"inLanguage":"es"},{"@type":"Organization","@id":"https:\/\/limamentor.com\/es\/#organization","name":"Lima Mentor","alternateName":"Sharing with you the best of the city of Lima, its sights, its culture and its tastes.","url":"https:\/\/limamentor.com\/es\/","logo":{"@type":"ImageObject","inLanguage":"es","@id":"https:\/\/limamentor.com\/es\/#\/schema\/logo\/image\/","url":"https:\/\/limamentor.com\/wp-content\/uploads\/2024\/03\/cropped-limamentorlogo.png","contentUrl":"https:\/\/limamentor.com\/wp-content\/uploads\/2024\/03\/cropped-limamentorlogo.png","width":318,"height":92,"caption":"Lima Mentor"},"image":{"@id":"https:\/\/limamentor.com\/es\/#\/schema\/logo\/image\/"},"sameAs":["https:\/\/www.facebook.com\/limamentor\/?locale=es_LA","https:\/\/www.instagram.com\/limamentor\/"]}]}},"_links":{"self":[{"href":"https:\/\/limamentor.com\/es\/wp-json\/wp\/v2\/pages\/12281","targetHints":{"allow":["GET"]}}],"collection":[{"href":"https:\/\/limamentor.com\/es\/wp-json\/wp\/v2\/pages"}],"about":[{"href":"https:\/\/limamentor.com\/es\/wp-json\/wp\/v2\/types\/page"}],"author":[{"embeddable":true,"href":"https:\/\/limamentor.com\/es\/wp-json\/wp\/v2\/users\/1"}],"replies":[{"embeddable":true,"href":"https:\/\/limamentor.com\/es\/wp-json\/wp\/v2\/comments?post=12281"}],"version-history":[{"count":1,"href":"https:\/\/limamentor.com\/es\/wp-json\/wp\/v2\/pages\/12281\/revisions"}],"predecessor-version":[{"id":12287,"href":"https:\/\/limamentor.com\/es\/wp-json\/wp\/v2\/pages\/12281\/revisions\/12287"}],"wp:attachment":[{"href":"https:\/\/limamentor.com\/es\/wp-json\/wp\/v2\/media?parent=12281"}],"curies":[{"name":"wp","href":"https:\/\/api.w.org\/{rel}","templated":true}]}}