{"id":12482,"date":"2024-03-21T17:00:19","date_gmt":"2024-03-21T17:00:19","guid":{"rendered":"https:\/\/limamentor.com\/retraite-en-amazonie\/"},"modified":"2025-04-29T16:55:19","modified_gmt":"2025-04-29T16:55:19","slug":"retraite-en-amazonie","status":"publish","type":"page","link":"https:\/\/limamentor.com\/fr\/retraite-en-amazonie\/","title":{"rendered":"Retraite en Amazonie"},"content":{"rendered":"\t\t<div data-elementor-type=\"wp-page\" data-elementor-id=\"12482\" class=\"elementor elementor-12482 elementor-11652\" data-elementor-post-type=\"page\">\n\t\t\t\t\t\t<div class=\"elementor-section elementor-top-section elementor-element elementor-element-1ba3212 elementor-section-height-min-height elementor-section-stretched elementor-section-boxed elementor-section-height-default elementor-section-items-middle\" data-id=\"1ba3212\" data-element_type=\"section\" data-e-type=\"section\" data-settings=\"{&quot;stretch_section&quot;:&quot;section-stretched&quot;,&quot;background_background&quot;:&quot;classic&quot;}\">\n\t\t\t\t\t\t\t<div class=\"elementor-background-overlay\"><\/div>\n\t\t\t\t\t\t\t<div class=\"elementor-container elementor-column-gap-no\">\n\t\t\t\t\t<div class=\"elementor-column elementor-col-100 elementor-top-column elementor-element elementor-element-76e3509 animated-fast elementor-invisible\" data-id=\"76e3509\" data-element_type=\"column\" data-e-type=\"column\" data-settings=\"{&quot;animation&quot;:&quot;opal-move-up&quot;,&quot;animation_delay&quot;:250}\">\n\t\t\t<div class=\"elementor-widget-wrap elementor-element-populated\">\n\t\t\t\t\t\t<div class=\"elementor-element elementor-element-18969a1 elementor-widget elementor-widget-heading\" data-id=\"18969a1\" data-element_type=\"widget\" data-e-type=\"widget\" data-widget_type=\"heading.default\">\n\t\t\t\t<div class=\"elementor-widget-container\">\n\t\t\t\t\t<h2 class=\"elementor-heading-title elementor-size-default\">Retraite en Amazonie<\/h2>\t\t\t\t<\/div>\n\t\t\t\t<\/div>\n\t\t\t\t\t<\/div>\n\t\t<\/div>\n\t\t\t\t\t<\/div>\n\t\t<\/div>\n\t\t\t\t<div class=\"elementor-section elementor-top-section elementor-element elementor-element-0a9a6f3 elementor-section-stretched elementor-section-content-middle elementor-section-boxed elementor-section-height-default elementor-section-height-default\" data-id=\"0a9a6f3\" data-element_type=\"section\" data-e-type=\"section\" data-settings=\"{&quot;stretch_section&quot;:&quot;section-stretched&quot;,&quot;background_background&quot;:&quot;classic&quot;}\">\n\t\t\t\t\t\t<div class=\"elementor-container elementor-column-gap-no\">\n\t\t\t\t\t<div class=\"elementor-column elementor-col-50 elementor-top-column elementor-element elementor-element-8ac8314 elementor-hidden-phone\" data-id=\"8ac8314\" data-element_type=\"column\" data-e-type=\"column\" data-settings=\"{&quot;background_background&quot;:&quot;classic&quot;}\">\n\t\t\t<div class=\"elementor-widget-wrap elementor-element-populated\">\n\t\t\t\t\t\t<div class=\"elementor-element elementor-element-1afe0e9 elementor-widget elementor-widget-image\" data-id=\"1afe0e9\" data-element_type=\"widget\" data-e-type=\"widget\" data-widget_type=\"image.default\">\n\t\t\t\t<div class=\"elementor-widget-container\">\n\t\t\t\t\t\t\t\t\t\t\t\t\t\t\t<img decoding=\"async\" src=\"https:\/\/limamentor.com\/wp-content\/uploads\/2024\/04\/IMG-20240319-WA0050-500x500.jpg\" title=\"IMG-20240319-WA0050\" alt=\"IMG-20240319-WA0050\" loading=\"lazy\" \/>\t\t\t\t\t\t\t\t\t\t\t\t\t\t\t<\/div>\n\t\t\t\t<\/div>\n\t\t\t\t\t<\/div>\n\t\t<\/div>\n\t\t\t\t<div class=\"elementor-column elementor-col-50 elementor-top-column elementor-element elementor-element-208b2bf\" data-id=\"208b2bf\" data-element_type=\"column\" data-e-type=\"column\">\n\t\t\t<div class=\"elementor-widget-wrap elementor-element-populated\">\n\t\t\t\t\t\t<div class=\"elementor-element elementor-element-a123a2f elementor-widget__width-initial animated-fast elementor-invisible elementor-widget elementor-widget-text-editor\" data-id=\"a123a2f\" data-element_type=\"widget\" data-e-type=\"widget\" data-settings=\"{&quot;_animation&quot;:&quot;opal-move-up&quot;}\" data-widget_type=\"text-editor.default\">\n\t\t\t\t<div class=\"elementor-widget-container\">\n\t\t\t\t\t\t\t\t\t<p>Notre projet \u00e0 Iquitos, Amaca Eco Station, est n\u00e9 d&#8217;une merveilleuse id\u00e9e pendant la crise de 2020, afin que les visiteurs du monde entier puissent profiter de la jungle p\u00e9ruvienne. Notre objectif est de prot\u00e9ger notre environnement et, en collaboration avec la communaut\u00e9 locale, de cr\u00e9er des opportunit\u00e9s de travail et de valoriser la richesse de cette flore et de cette faune.<\/p><p>Nous vous proposons deux malocas, ou constructions typiques, pour des s\u00e9jours courts ou longs, construites avec des feuilles s\u00e8ches comme toit et du bois l\u00e9gal local, avec le confort de l&#8217;\u00e9lectricit\u00e9, du wifi, d&#8217;un espace de travail, d&#8217;une cuisine et de tous les \u00e9quipements dont vous avez besoin.<\/p><p>Nous avons le plaisir de vous inviter \u00e0 participer pleinement \u00e0 cette aventure o\u00f9 vous pourrez \u00e9galement faire une balade \u00e0 v\u00e9lo pour explorer les lagunes et d\u00e9couvrir de nouveaux paysages, faire une randonn\u00e9e sur un sentier naturel pour apprendre et observer la flore et la faune, et prendre un moment dans notre maloca sp\u00e9ciale pour les c\u00e9r\u00e9monies, la m\u00e9ditation, l&#8217;exercice et\/ou tout simplement vous d\u00e9tendre dans nos hamacs.<\/p><p>lien : <a style=\"font-family: var( --e-global-typography-text-font-family ), Sans-serif; font-weight: var( --e-global-typography-text-font-weight );\" href=\"http:\/\/www.amacaecostation.com\" target=\"_blank\" rel=\"noopener\">www.amacaecostation.com<\/a><\/p>\t\t\t\t\t\t\t\t<\/div>\n\t\t\t\t<\/div>\n\t\t\t\t<div class=\"elementor-element elementor-element-221219a elementor-mobile-align-center animated-fast elementor-invisible elementor-widget elementor-widget-button\" data-id=\"221219a\" data-element_type=\"widget\" data-e-type=\"widget\" data-settings=\"{&quot;_animation&quot;:&quot;opal-move-up&quot;}\" data-widget_type=\"button.default\">\n\t\t\t\t<div class=\"elementor-widget-container\">\n\t\t\t\t\t\t\t\t\t<div class=\"elementor-button-wrapper\">\n\t\t\t\t\t<a class=\"elementor-button elementor-button-link elementor-size-sm\" href=\"http:\/\/www.amacaecostation.com\">\n\t\t\t\t\t\t<span class=\"elementor-button-content-wrapper\">\n\t\t\t\t\t\t<span class=\"elementor-button-icon\">\n\t\t\t\t<i aria-hidden=\"true\" class=\"triply-icon- triply-icon-long-arrow-right\"><\/i>\t\t\t<\/span>\n\t\t\t\t\t\t\t\t\t<span class=\"elementor-button-text\">Station \u00e9cologique d'Amaca<\/span>\n\t\t\t\t\t<\/span>\n\t\t\t\t\t<\/a>\n\t\t\t\t<\/div>\n\t\t\t\t\t\t\t\t<\/div>\n\t\t\t\t<\/div>\n\t\t\t\t\t<\/div>\n\t\t<\/div>\n\t\t\t\t\t<\/div>\n\t\t<\/div>\n\t\t\t\t<\/div>\n\t\t","protected":false},"excerpt":{"rendered":"<p>Retraite en Amazonie Notre projet \u00e0 Iquitos, Amaca Eco Station, est n\u00e9 d&#8217;une merveilleuse id\u00e9e pendant la crise de 2020, afin que les visiteurs du monde entier puissent profiter de la jungle p\u00e9ruvienne. Notre objectif est de prot\u00e9ger notre environnement et, en collaboration avec la communaut\u00e9 locale, de cr\u00e9er des opportunit\u00e9s de travail et de [&hellip;]<\/p>\n","protected":false},"author":1,"featured_media":0,"parent":0,"menu_order":0,"comment_status":"closed","ping_status":"closed","template":"elementor_header_footer","meta":{"nf_dc_page":"","inline_featured_image":false,"footnotes":""},"class_list":["post-12482","page","type-page","status-publish","hentry"],"yoast_head":"<!-- This site is optimized with the Yoast SEO plugin v27.4 - https:\/\/yoast.com\/product\/yoast-seo-wordpress\/ -->\n<title>Retraite en Amazonie | Lima Mentor<\/title>\n<meta name=\"robots\" content=\"index, follow, max-snippet:-1, max-image-preview:large, max-video-preview:-1\" \/>\n<link rel=\"canonical\" href=\"https:\/\/limamentor.com\/amazon-retreat\/\" \/>\n<meta property=\"og:locale\" content=\"fr_FR\" \/>\n<meta property=\"og:type\" content=\"article\" \/>\n<meta property=\"og:title\" content=\"Retraite en Amazonie | Lima Mentor\" \/>\n<meta property=\"og:description\" content=\"Retraite en Amazonie Notre projet \u00e0 Iquitos, Amaca Eco Station, est n\u00e9 d&#8217;une merveilleuse id\u00e9e pendant la crise de 2020, afin que les visiteurs du monde entier puissent profiter de la jungle p\u00e9ruvienne. Notre objectif est de prot\u00e9ger notre environnement et, en collaboration avec la communaut\u00e9 locale, de cr\u00e9er des opportunit\u00e9s de travail et de [&hellip;]\" \/>\n<meta property=\"og:url\" content=\"https:\/\/limamentor.com\/amazon-retreat\/\" \/>\n<meta property=\"og:site_name\" content=\"Lima Mentor\" \/>\n<meta property=\"article:publisher\" content=\"https:\/\/www.facebook.com\/limamentor\/?locale=es_LA\" \/>\n<meta property=\"article:modified_time\" content=\"2025-04-29T16:55:19+00:00\" \/>\n<meta property=\"og:image\" content=\"https:\/\/limamentor.com\/wp-content\/uploads\/2024\/04\/IMG-20240319-WA0050-500x500.jpg\" \/>\n<meta name=\"twitter:card\" content=\"summary_large_image\" \/>\n<meta name=\"twitter:label1\" content=\"Dur\u00e9e de lecture estim\u00e9e\" \/>\n\t<meta name=\"twitter:data1\" content=\"2 minutes\" \/>\n<script type=\"application\/ld+json\" class=\"yoast-schema-graph\">{\"@context\":\"https:\\\/\\\/schema.org\",\"@graph\":[{\"@type\":\"WebPage\",\"@id\":\"https:\\\/\\\/limamentor.com\\\/amazon-retreat\\\/\",\"url\":\"https:\\\/\\\/limamentor.com\\\/amazon-retreat\\\/\",\"name\":\"Retraite en Amazonie | Lima Mentor\",\"isPartOf\":{\"@id\":\"https:\\\/\\\/limamentor.com\\\/es\\\/#website\"},\"primaryImageOfPage\":{\"@id\":\"https:\\\/\\\/limamentor.com\\\/amazon-retreat\\\/#primaryimage\"},\"image\":{\"@id\":\"https:\\\/\\\/limamentor.com\\\/amazon-retreat\\\/#primaryimage\"},\"thumbnailUrl\":\"https:\\\/\\\/limamentor.com\\\/wp-content\\\/uploads\\\/2024\\\/04\\\/IMG-20240319-WA0050-500x500.jpg\",\"datePublished\":\"2024-03-21T17:00:19+00:00\",\"dateModified\":\"2025-04-29T16:55:19+00:00\",\"breadcrumb\":{\"@id\":\"https:\\\/\\\/limamentor.com\\\/amazon-retreat\\\/#breadcrumb\"},\"inLanguage\":\"fr-FR\",\"potentialAction\":[{\"@type\":\"ReadAction\",\"target\":[\"https:\\\/\\\/limamentor.com\\\/amazon-retreat\\\/\"]}]},{\"@type\":\"ImageObject\",\"inLanguage\":\"fr-FR\",\"@id\":\"https:\\\/\\\/limamentor.com\\\/amazon-retreat\\\/#primaryimage\",\"url\":\"https:\\\/\\\/limamentor.com\\\/wp-content\\\/uploads\\\/2024\\\/04\\\/IMG-20240319-WA0050-500x500.jpg\",\"contentUrl\":\"https:\\\/\\\/limamentor.com\\\/wp-content\\\/uploads\\\/2024\\\/04\\\/IMG-20240319-WA0050-500x500.jpg\"},{\"@type\":\"BreadcrumbList\",\"@id\":\"https:\\\/\\\/limamentor.com\\\/amazon-retreat\\\/#breadcrumb\",\"itemListElement\":[{\"@type\":\"ListItem\",\"position\":1,\"name\":\"Home\",\"item\":\"https:\\\/\\\/limamentor.com\\\/\"},{\"@type\":\"ListItem\",\"position\":2,\"name\":\"Retraite en Amazonie\"}]},{\"@type\":\"WebSite\",\"@id\":\"https:\\\/\\\/limamentor.com\\\/es\\\/#website\",\"url\":\"https:\\\/\\\/limamentor.com\\\/es\\\/\",\"name\":\"Lima Mentor authentic experiences for you\",\"description\":\"LIMA MENTOR WEB\",\"publisher\":{\"@id\":\"https:\\\/\\\/limamentor.com\\\/es\\\/#organization\"},\"alternateName\":\"Sharing with you the best of the city of Lima, its sights, its culture and its tastes.\",\"potentialAction\":[{\"@type\":\"SearchAction\",\"target\":{\"@type\":\"EntryPoint\",\"urlTemplate\":\"https:\\\/\\\/limamentor.com\\\/es\\\/?s={search_term_string}\"},\"query-input\":{\"@type\":\"PropertyValueSpecification\",\"valueRequired\":true,\"valueName\":\"search_term_string\"}}],\"inLanguage\":\"fr-FR\"},{\"@type\":\"Organization\",\"@id\":\"https:\\\/\\\/limamentor.com\\\/es\\\/#organization\",\"name\":\"Lima Mentor\",\"alternateName\":\"Sharing with you the best of the city of Lima, its sights, its culture and its tastes.\",\"url\":\"https:\\\/\\\/limamentor.com\\\/es\\\/\",\"logo\":{\"@type\":\"ImageObject\",\"inLanguage\":\"fr-FR\",\"@id\":\"https:\\\/\\\/limamentor.com\\\/es\\\/#\\\/schema\\\/logo\\\/image\\\/\",\"url\":\"https:\\\/\\\/limamentor.com\\\/wp-content\\\/uploads\\\/2024\\\/03\\\/cropped-limamentorlogo.png\",\"contentUrl\":\"https:\\\/\\\/limamentor.com\\\/wp-content\\\/uploads\\\/2024\\\/03\\\/cropped-limamentorlogo.png\",\"width\":318,\"height\":92,\"caption\":\"Lima Mentor\"},\"image\":{\"@id\":\"https:\\\/\\\/limamentor.com\\\/es\\\/#\\\/schema\\\/logo\\\/image\\\/\"},\"sameAs\":[\"https:\\\/\\\/www.facebook.com\\\/limamentor\\\/?locale=es_LA\",\"https:\\\/\\\/www.instagram.com\\\/limamentor\\\/\"]}]}<\/script>\n<!-- \/ Yoast SEO plugin. -->","yoast_head_json":{"title":"Retraite en Amazonie | Lima Mentor","robots":{"index":"index","follow":"follow","max-snippet":"max-snippet:-1","max-image-preview":"max-image-preview:large","max-video-preview":"max-video-preview:-1"},"canonical":"https:\/\/limamentor.com\/amazon-retreat\/","og_locale":"fr_FR","og_type":"article","og_title":"Retraite en Amazonie | Lima Mentor","og_description":"Retraite en Amazonie Notre projet \u00e0 Iquitos, Amaca Eco Station, est n\u00e9 d&#8217;une merveilleuse id\u00e9e pendant la crise de 2020, afin que les visiteurs du monde entier puissent profiter de la jungle p\u00e9ruvienne. Notre objectif est de prot\u00e9ger notre environnement et, en collaboration avec la communaut\u00e9 locale, de cr\u00e9er des opportunit\u00e9s de travail et de [&hellip;]","og_url":"https:\/\/limamentor.com\/amazon-retreat\/","og_site_name":"Lima Mentor","article_publisher":"https:\/\/www.facebook.com\/limamentor\/?locale=es_LA","article_modified_time":"2025-04-29T16:55:19+00:00","og_image":[{"url":"https:\/\/limamentor.com\/wp-content\/uploads\/2024\/04\/IMG-20240319-WA0050-500x500.jpg","type":"","width":"","height":""}],"twitter_card":"summary_large_image","twitter_misc":{"Dur\u00e9e de lecture estim\u00e9e":"2 minutes"},"schema":{"@context":"https:\/\/schema.org","@graph":[{"@type":"WebPage","@id":"https:\/\/limamentor.com\/amazon-retreat\/","url":"https:\/\/limamentor.com\/amazon-retreat\/","name":"Retraite en Amazonie | Lima Mentor","isPartOf":{"@id":"https:\/\/limamentor.com\/es\/#website"},"primaryImageOfPage":{"@id":"https:\/\/limamentor.com\/amazon-retreat\/#primaryimage"},"image":{"@id":"https:\/\/limamentor.com\/amazon-retreat\/#primaryimage"},"thumbnailUrl":"https:\/\/limamentor.com\/wp-content\/uploads\/2024\/04\/IMG-20240319-WA0050-500x500.jpg","datePublished":"2024-03-21T17:00:19+00:00","dateModified":"2025-04-29T16:55:19+00:00","breadcrumb":{"@id":"https:\/\/limamentor.com\/amazon-retreat\/#breadcrumb"},"inLanguage":"fr-FR","potentialAction":[{"@type":"ReadAction","target":["https:\/\/limamentor.com\/amazon-retreat\/"]}]},{"@type":"ImageObject","inLanguage":"fr-FR","@id":"https:\/\/limamentor.com\/amazon-retreat\/#primaryimage","url":"https:\/\/limamentor.com\/wp-content\/uploads\/2024\/04\/IMG-20240319-WA0050-500x500.jpg","contentUrl":"https:\/\/limamentor.com\/wp-content\/uploads\/2024\/04\/IMG-20240319-WA0050-500x500.jpg"},{"@type":"BreadcrumbList","@id":"https:\/\/limamentor.com\/amazon-retreat\/#breadcrumb","itemListElement":[{"@type":"ListItem","position":1,"name":"Home","item":"https:\/\/limamentor.com\/"},{"@type":"ListItem","position":2,"name":"Retraite en Amazonie"}]},{"@type":"WebSite","@id":"https:\/\/limamentor.com\/es\/#website","url":"https:\/\/limamentor.com\/es\/","name":"Lima Mentor authentic experiences for you","description":"LIMA MENTOR WEB","publisher":{"@id":"https:\/\/limamentor.com\/es\/#organization"},"alternateName":"Sharing with you the best of the city of Lima, its sights, its culture and its tastes.","potentialAction":[{"@type":"SearchAction","target":{"@type":"EntryPoint","urlTemplate":"https:\/\/limamentor.com\/es\/?s={search_term_string}"},"query-input":{"@type":"PropertyValueSpecification","valueRequired":true,"valueName":"search_term_string"}}],"inLanguage":"fr-FR"},{"@type":"Organization","@id":"https:\/\/limamentor.com\/es\/#organization","name":"Lima Mentor","alternateName":"Sharing with you the best of the city of Lima, its sights, its culture and its tastes.","url":"https:\/\/limamentor.com\/es\/","logo":{"@type":"ImageObject","inLanguage":"fr-FR","@id":"https:\/\/limamentor.com\/es\/#\/schema\/logo\/image\/","url":"https:\/\/limamentor.com\/wp-content\/uploads\/2024\/03\/cropped-limamentorlogo.png","contentUrl":"https:\/\/limamentor.com\/wp-content\/uploads\/2024\/03\/cropped-limamentorlogo.png","width":318,"height":92,"caption":"Lima Mentor"},"image":{"@id":"https:\/\/limamentor.com\/es\/#\/schema\/logo\/image\/"},"sameAs":["https:\/\/www.facebook.com\/limamentor\/?locale=es_LA","https:\/\/www.instagram.com\/limamentor\/"]}]}},"_links":{"self":[{"href":"https:\/\/limamentor.com\/fr\/wp-json\/wp\/v2\/pages\/12482","targetHints":{"allow":["GET"]}}],"collection":[{"href":"https:\/\/limamentor.com\/fr\/wp-json\/wp\/v2\/pages"}],"about":[{"href":"https:\/\/limamentor.com\/fr\/wp-json\/wp\/v2\/types\/page"}],"author":[{"embeddable":true,"href":"https:\/\/limamentor.com\/fr\/wp-json\/wp\/v2\/users\/1"}],"replies":[{"embeddable":true,"href":"https:\/\/limamentor.com\/fr\/wp-json\/wp\/v2\/comments?post=12482"}],"version-history":[{"count":6,"href":"https:\/\/limamentor.com\/fr\/wp-json\/wp\/v2\/pages\/12482\/revisions"}],"predecessor-version":[{"id":14656,"href":"https:\/\/limamentor.com\/fr\/wp-json\/wp\/v2\/pages\/12482\/revisions\/14656"}],"wp:attachment":[{"href":"https:\/\/limamentor.com\/fr\/wp-json\/wp\/v2\/media?parent=12482"}],"curies":[{"name":"wp","href":"https:\/\/api.w.org\/{rel}","templated":true}]}}