{"id":12493,"date":"2024-03-21T17:43:22","date_gmt":"2024-03-21T17:43:22","guid":{"rendered":"https:\/\/limamentor.com\/voyage-au-cafe\/"},"modified":"2025-04-29T16:55:04","modified_gmt":"2025-04-29T16:55:04","slug":"voyage-au-cafe","status":"publish","type":"page","link":"https:\/\/limamentor.com\/fr\/voyage-au-cafe\/","title":{"rendered":"Voyage au caf\u00e9"},"content":{"rendered":"\t\t<div data-elementor-type=\"wp-page\" data-elementor-id=\"12493\" class=\"elementor elementor-12493 elementor-11657\" data-elementor-post-type=\"page\">\n\t\t\t\t\t\t<div class=\"elementor-section elementor-top-section elementor-element elementor-element-1ba3212 elementor-section-height-min-height elementor-section-stretched elementor-section-boxed elementor-section-height-default elementor-section-items-middle\" data-id=\"1ba3212\" data-element_type=\"section\" data-e-type=\"section\" data-settings=\"{&quot;stretch_section&quot;:&quot;section-stretched&quot;,&quot;background_background&quot;:&quot;classic&quot;}\">\n\t\t\t\t\t\t\t<div class=\"elementor-background-overlay\"><\/div>\n\t\t\t\t\t\t\t<div class=\"elementor-container elementor-column-gap-no\">\n\t\t\t\t\t<div class=\"elementor-column elementor-col-100 elementor-top-column elementor-element elementor-element-76e3509 animated-fast elementor-invisible\" data-id=\"76e3509\" data-element_type=\"column\" data-e-type=\"column\" data-settings=\"{&quot;animation&quot;:&quot;opal-move-up&quot;,&quot;animation_delay&quot;:250}\">\n\t\t\t<div class=\"elementor-widget-wrap elementor-element-populated\">\n\t\t\t\t\t\t<div class=\"elementor-element elementor-element-18969a1 elementor-widget elementor-widget-heading\" data-id=\"18969a1\" data-element_type=\"widget\" data-e-type=\"widget\" data-widget_type=\"heading.default\">\n\t\t\t\t<div class=\"elementor-widget-container\">\n\t\t\t\t\t<h2 class=\"elementor-heading-title elementor-size-default\">Voyage au caf\u00e9<\/h2>\t\t\t\t<\/div>\n\t\t\t\t<\/div>\n\t\t\t\t\t<\/div>\n\t\t<\/div>\n\t\t\t\t\t<\/div>\n\t\t<\/div>\n\t\t\t\t<div class=\"elementor-section elementor-top-section elementor-element elementor-element-0a9a6f3 elementor-section-stretched elementor-section-content-middle elementor-section-boxed elementor-section-height-default elementor-section-height-default\" data-id=\"0a9a6f3\" data-element_type=\"section\" data-e-type=\"section\" data-settings=\"{&quot;stretch_section&quot;:&quot;section-stretched&quot;,&quot;background_background&quot;:&quot;classic&quot;}\">\n\t\t\t\t\t\t<div class=\"elementor-container elementor-column-gap-no\">\n\t\t\t\t\t<div class=\"elementor-column elementor-col-50 elementor-top-column elementor-element elementor-element-8ac8314 elementor-hidden-phone\" data-id=\"8ac8314\" data-element_type=\"column\" data-e-type=\"column\" data-settings=\"{&quot;background_background&quot;:&quot;classic&quot;}\">\n\t\t\t<div class=\"elementor-widget-wrap elementor-element-populated\">\n\t\t\t\t\t\t<div class=\"elementor-element elementor-element-1afe0e9 elementor-widget elementor-widget-image\" data-id=\"1afe0e9\" data-element_type=\"widget\" data-e-type=\"widget\" data-widget_type=\"image.default\">\n\t\t\t\t<div class=\"elementor-widget-container\">\n\t\t\t\t\t\t\t\t\t\t\t\t\t\t\t<img decoding=\"async\" width=\"768\" height=\"580\" src=\"https:\/\/limamentor.com\/wp-content\/uploads\/2024\/04\/pagina-nueva-005-768x580.jpeg\" class=\"attachment-triply-post-grid size-triply-post-grid wp-image-12500\" alt=\"\" \/>\t\t\t\t\t\t\t\t\t\t\t\t\t\t\t<\/div>\n\t\t\t\t<\/div>\n\t\t\t\t\t<\/div>\n\t\t<\/div>\n\t\t\t\t<div class=\"elementor-column elementor-col-50 elementor-top-column elementor-element elementor-element-208b2bf\" data-id=\"208b2bf\" data-element_type=\"column\" data-e-type=\"column\">\n\t\t\t<div class=\"elementor-widget-wrap elementor-element-populated\">\n\t\t\t\t\t\t<div class=\"elementor-element elementor-element-a123a2f elementor-widget__width-initial animated-fast elementor-invisible elementor-widget elementor-widget-text-editor\" data-id=\"a123a2f\" data-element_type=\"widget\" data-e-type=\"widget\" data-settings=\"{&quot;_animation&quot;:&quot;opal-move-up&quot;}\" data-widget_type=\"text-editor.default\">\n\t\t\t\t<div class=\"elementor-widget-container\">\n\t\t\t\t\t\t\t\t\t<p>Le P\u00e9rou est consid\u00e9r\u00e9 comme l&#8217;un des rares pays \u00e0 offrir les caf\u00e9s biologiques les mieux not\u00e9s au monde. Jaen est situ\u00e9 \u00e0 une altitude moyenne de 800 m\u00e8tres au-dessus du niveau de la mer, presque \u00e0 la fronti\u00e8re de l&#8217;\u00c9quateur, avec un climat et des caract\u00e9ristiques parfaits pour les plantations de caf\u00e9 et de cacao, car c&#8217;est la r\u00e9gion qui regroupe les meilleurs producteurs de caf\u00e9 du P\u00e9rou.<\/p><p>Au cours de ce voyage, vous pourrez apprendre des producteurs certifi\u00e9s, conna\u00eetre leurs techniques et proc\u00e9dures et exp\u00e9rimenter avec eux leur activit\u00e9. Cette r\u00e9gion est \u00e9galement connue pour ses chutes d&#8217;eau, vous visiterez l&#8217;une d&#8217;entre elles avec la possibilit\u00e9 de faire de la tyrolienne. Il existe \u00e9galement une r\u00e9serve nationale qui prot\u00e8ge la flore et la faune end\u00e9miques de la r\u00e9gion. Un voyage qui \u00e9veillera vos sens et votre conscience.<\/p><p><strong>Le prix :<\/strong><\/p><p>777 $US par personne, sur la base d&#8217;un groupe de 4 personnes et d&#8217;une chambre double dans le meilleur h\u00e9bergement de chaque ville.<\/p><p>888 $US par personne, sur la base d&#8217;un groupe de deux personnes et d&#8217;un h\u00e9bergement double dans le meilleur logement de chaque ville.<\/p><p><strong>Dur\u00e9e du s\u00e9jour :<\/strong> 5 jours.<\/p><p><em><strong>Nous pouvons\u00a0<a href=\"https:\/\/www.limamentor.com\/tailor-made-tours\/\">faire du sur mesure<\/a>\u00a0ce circuit et ajuster le prix en fonction du nombre de participants.<\/strong><\/em><\/p><p><em>**Vous pouvez annuler la visite jusqu&#8217;\u00e0 12 heures avant sans frais d&#8217;annulation.<\/em><br \/><em>*Les enfants de moins de 12 ans b\u00e9n\u00e9ficient d&#8217;une r\u00e9duction de 50%.<\/em><br \/><em>*Les principaux jours f\u00e9ri\u00e9s : 1er janvier, jeudi saint, vendredi saint, 1er mai, 28 juillet, 29 juillet, 24 d\u00e9cembre, 25 d\u00e9cembre, 31 d\u00e9cembre ont un co\u00fbt suppl\u00e9mentaire de 50%.<\/em><\/p>\t\t\t\t\t\t\t\t<\/div>\n\t\t\t\t<\/div>\n\t\t\t\t\t<\/div>\n\t\t<\/div>\n\t\t\t\t\t<\/div>\n\t\t<\/div>\n\t\t\t\t<div class=\"elementor-section elementor-top-section elementor-element elementor-element-ba6278f elementor-section-stretched elementor-section-content-middle elementor-section-boxed elementor-section-height-default elementor-section-height-default\" data-id=\"ba6278f\" data-element_type=\"section\" data-e-type=\"section\" data-settings=\"{&quot;stretch_section&quot;:&quot;section-stretched&quot;,&quot;background_background&quot;:&quot;classic&quot;}\">\n\t\t\t\t\t\t<div class=\"elementor-container elementor-column-gap-no\">\n\t\t\t\t\t<div class=\"elementor-column elementor-col-50 elementor-top-column elementor-element elementor-element-749d72c\" data-id=\"749d72c\" data-element_type=\"column\" data-e-type=\"column\">\n\t\t\t<div class=\"elementor-widget-wrap elementor-element-populated\">\n\t\t\t\t\t\t<div class=\"elementor-element elementor-element-fc0b558 elementor-widget__width-initial animated-fast elementor-invisible elementor-widget elementor-widget-heading\" data-id=\"fc0b558\" data-element_type=\"widget\" data-e-type=\"widget\" data-settings=\"{&quot;_animation&quot;:&quot;opal-move-up&quot;}\" data-widget_type=\"heading.default\">\n\t\t\t\t<div class=\"elementor-widget-container\">\n\t\t\t\t\t<h2 class=\"elementor-heading-title elementor-size-default\">Itin\u00e9raire<\/h2>\t\t\t\t<\/div>\n\t\t\t\t<\/div>\n\t\t\t\t<div class=\"elementor-element elementor-element-b485cc7 elementor-widget__width-initial animated-fast elementor-invisible elementor-widget elementor-widget-text-editor\" data-id=\"b485cc7\" data-element_type=\"widget\" data-e-type=\"widget\" data-settings=\"{&quot;_animation&quot;:&quot;opal-move-up&quot;}\" data-widget_type=\"text-editor.default\">\n\t\t\t\t<div class=\"elementor-widget-container\">\n\t\t\t\t\t\t\t\t\t<h3>Jour 1<\/h3>\n<div>\n<div>Vol matinal Lima\/Jaen (dur\u00e9e 1 heure). Transfert \u00e0 votre h\u00f4tel \u00e0 Jaen et d\u00e9tente le reste de la matin\u00e9e. Prise en charge pour le d\u00e9jeuner dans un restaurant local. Dans l&#8217;apr\u00e8s-midi, notre premi\u00e8re visite sera celle d&#8217;un projet familial d&#8217;apiculture qui vous montrera comment ils produisent du miel naturel, non alt\u00e9r\u00e9 et non transform\u00e9. D\u00e9gustation de diff\u00e9rents miels \u00e0 des fins m\u00e9dicales diff\u00e9rentes. Retour \u00e0 l&#8217;h\u00f4tel. Possibilit\u00e9 de visiter l&#8217;un des meilleurs toasters et caf\u00e9s de la r\u00e9gion. Nuit \u00e0 Jaen.<\/div>\n<\/div>\n<div> <\/div>\n<div>\n<h3>Jour 2<\/h3>\n<div>\n<p>D\u00e9part matinal pour la Finca Los Pinos, promenade dans ses plantations de caf\u00e9 guid\u00e9e par l&#8217;un des responsables de ce projet durable d&#8217;offre de caf\u00e9 biologique principalement destin\u00e9 \u00e0 l&#8217;exportation. D\u00e9gustation de son caf\u00e9. Juste \u00e0 c\u00f4t\u00e9 de ce projet, nous visitons la Finca San Antonio, o\u00f9 vous observerez des plantations de diff\u00e9rents fruits end\u00e9miques, de cacao et, bien s\u00fbr, de caf\u00e9. Apprenez \u00e0 griller et \u00e0 moudre de mani\u00e8re artisanale. D\u00e9jeuner \u00e0 Los Pinos et transfert \u00e0 San Ignacio pour un apr\u00e8s-midi libre. Nuit \u00e0 San Ignacio.<\/p>\n<div>\n<h3 style=\"margin-bottom: 0.540791em;\">Troisi\u00e8me jour<\/h3>\n<p><span style=\"color: var( --e-global-color-text ); font-family: var( --e-global-typography-text-font-family ), Sans-serif; font-weight: var( --e-global-typography-text-font-weight );\">Route vers le sanctuaire national des Tabaconas Namballe. Au cours de ce trajet de deux heures, vous pourrez admirer des murs d&#8217;eau, des plantations de caf\u00e9, des vall\u00e9es et des zones de reforestation. Une fois arriv\u00e9, vous marcherez principalement pour observer les orchid\u00e9es et les oiseaux. Ce sanctuaire se concentre principalement sur la protection des fleurs, des oiseaux et des grands mammif\u00e8res tels que les tapirs et les ours \u00e0 lunettes, que vous pourrez peut-\u00eatre observer avec un peu de chance. D\u00e9jeuner et retour. La journ\u00e9e d&#8217;aujourd&#8217;hui est longue puisqu&#8217;il s&#8217;agit d&#8217;une excursion de 11 heures. Nuit \u00e0 San Ignacio.  <\/span><\/p>\n<h3>Jour 4<\/h3>\n<div class=\"timeline__item\">\n<div class=\"timeline__item__content padding-left\">\n<div class=\"timeline__item__description\">D\u00e9part pour visiter la chute d&#8217;eau la plus c\u00e9l\u00e8bre de la r\u00e9gion, situ\u00e9e dans le district de Huarango (pr\u00e8s de 2 heures de route). Marchez dans une magnifique for\u00eat tropicale pour arriver pr\u00e8s de la cascade &#8220;Bella Encantadora&#8221;. Possibilit\u00e9 de faire de la tyrolienne au-dessus de la chute d&#8217;eau. D\u00e9jeuner dans un restaurant local et visite de la &#8220;Laguna Azul&#8221;, une magnifique lagune de la r\u00e9gion. Retour \u00e0 San Ignacio et nuit.<\/div>\n<\/div>\n<\/div>\n<div class=\"timeline__item\"> <\/div>\n<\/div>\n<\/div>\n<div>\n<h3 style=\"margin-bottom: 0.540791em;\">Jour 5<\/h3>\n<p><span style=\"color: var( --e-global-color-text ); font-family: var( --e-global-typography-text-font-family ), Sans-serif; font-weight: var( --e-global-typography-text-font-weight );\">Roulez pendant pr\u00e8s de 2 heures pour arriver \u00e0 l&#8217;a\u00e9roport de Shumba \u00e0 Jaen.<\/span><\/p>\n<\/div>\n<div>\n<div>\n<div>\n<div style=\"color: #333333; font-family: Oxygen; font-size: 15px; background-color: #ffffff;\"> <\/div>\n<\/div>\n<\/div>\n<\/div>\n<\/div>\n\t\t\t\t\t\t\t\t<\/div>\n\t\t\t\t<\/div>\n\t\t\t\t\t<\/div>\n\t\t<\/div>\n\t\t\t\t<div class=\"elementor-column elementor-col-50 elementor-top-column elementor-element elementor-element-5f7b493 elementor-hidden-phone\" data-id=\"5f7b493\" data-element_type=\"column\" data-e-type=\"column\" data-settings=\"{&quot;background_background&quot;:&quot;classic&quot;}\">\n\t\t\t<div class=\"elementor-widget-wrap elementor-element-populated\">\n\t\t\t\t\t\t<div class=\"elementor-element elementor-element-4b94255 elementor-widget elementor-widget-image\" data-id=\"4b94255\" data-element_type=\"widget\" data-e-type=\"widget\" data-widget_type=\"image.default\">\n\t\t\t\t<div class=\"elementor-widget-container\">\n\t\t\t\t\t\t\t\t\t\t\t\t\t\t\t<img decoding=\"async\" width=\"1000\" height=\"580\" src=\"https:\/\/limamentor.com\/wp-content\/uploads\/2024\/04\/pagina-nueva-004.jpeg\" class=\"attachment-full size-full wp-image-12499\" alt=\"\" srcset=\"https:\/\/limamentor.com\/wp-content\/uploads\/2024\/04\/pagina-nueva-004.jpeg 1000w, https:\/\/limamentor.com\/wp-content\/uploads\/2024\/04\/pagina-nueva-004-300x174.jpeg 300w, https:\/\/limamentor.com\/wp-content\/uploads\/2024\/04\/pagina-nueva-004-768x445.jpeg 768w, https:\/\/limamentor.com\/wp-content\/uploads\/2024\/04\/pagina-nueva-004-776x450.jpeg 776w\" sizes=\"(max-width: 1000px) 100vw, 1000px\" \/>\t\t\t\t\t\t\t\t\t\t\t\t\t\t\t<\/div>\n\t\t\t\t<\/div>\n\t\t\t\t\t<\/div>\n\t\t<\/div>\n\t\t\t\t\t<\/div>\n\t\t<\/div>\n\t\t\t\t<\/div>\n\t\t","protected":false},"excerpt":{"rendered":"<p>Voyage au caf\u00e9 Le P\u00e9rou est consid\u00e9r\u00e9 comme l&#8217;un des rares pays \u00e0 offrir les caf\u00e9s biologiques les mieux not\u00e9s au monde. Jaen est situ\u00e9 \u00e0 une altitude moyenne de 800 m\u00e8tres au-dessus du niveau de la mer, presque \u00e0 la fronti\u00e8re de l&#8217;\u00c9quateur, avec un climat et des caract\u00e9ristiques parfaits pour les plantations de [&hellip;]<\/p>\n","protected":false},"author":1,"featured_media":0,"parent":0,"menu_order":0,"comment_status":"closed","ping_status":"closed","template":"elementor_header_footer","meta":{"nf_dc_page":"","inline_featured_image":false,"footnotes":""},"class_list":["post-12493","page","type-page","status-publish","hentry"],"yoast_head":"<!-- This site is optimized with the Yoast SEO plugin v27.4 - https:\/\/yoast.com\/product\/yoast-seo-wordpress\/ -->\n<title>Voyage au caf\u00e9 | Lima Mentor<\/title>\n<meta name=\"robots\" content=\"index, follow, max-snippet:-1, max-image-preview:large, max-video-preview:-1\" \/>\n<link rel=\"canonical\" href=\"https:\/\/limamentor.com\/coffee-trip\/\" \/>\n<meta property=\"og:locale\" content=\"fr_FR\" \/>\n<meta property=\"og:type\" content=\"article\" \/>\n<meta property=\"og:title\" content=\"Voyage au caf\u00e9 | Lima Mentor\" \/>\n<meta property=\"og:description\" content=\"Voyage au caf\u00e9 Le P\u00e9rou est consid\u00e9r\u00e9 comme l&#8217;un des rares pays \u00e0 offrir les caf\u00e9s biologiques les mieux not\u00e9s au monde. Jaen est situ\u00e9 \u00e0 une altitude moyenne de 800 m\u00e8tres au-dessus du niveau de la mer, presque \u00e0 la fronti\u00e8re de l&#8217;\u00c9quateur, avec un climat et des caract\u00e9ristiques parfaits pour les plantations de [&hellip;]\" \/>\n<meta property=\"og:url\" content=\"https:\/\/limamentor.com\/coffee-trip\/\" \/>\n<meta property=\"og:site_name\" content=\"Lima Mentor\" \/>\n<meta property=\"article:publisher\" content=\"https:\/\/www.facebook.com\/limamentor\/?locale=es_LA\" \/>\n<meta property=\"article:modified_time\" content=\"2025-04-29T16:55:04+00:00\" \/>\n<meta property=\"og:image\" content=\"https:\/\/limamentor.com\/wp-content\/uploads\/2024\/04\/pagina-nueva-005.jpeg\" \/>\n\t<meta property=\"og:image:width\" content=\"1000\" \/>\n\t<meta property=\"og:image:height\" content=\"580\" \/>\n\t<meta property=\"og:image:type\" content=\"image\/jpeg\" \/>\n<meta name=\"twitter:card\" content=\"summary_large_image\" \/>\n<meta name=\"twitter:label1\" content=\"Dur\u00e9e de lecture estim\u00e9e\" \/>\n\t<meta name=\"twitter:data1\" content=\"4 minutes\" \/>\n<script type=\"application\/ld+json\" class=\"yoast-schema-graph\">{\"@context\":\"https:\\\/\\\/schema.org\",\"@graph\":[{\"@type\":\"WebPage\",\"@id\":\"https:\\\/\\\/limamentor.com\\\/coffee-trip\\\/\",\"url\":\"https:\\\/\\\/limamentor.com\\\/coffee-trip\\\/\",\"name\":\"Voyage au caf\u00e9 | Lima Mentor\",\"isPartOf\":{\"@id\":\"https:\\\/\\\/limamentor.com\\\/es\\\/#website\"},\"primaryImageOfPage\":{\"@id\":\"https:\\\/\\\/limamentor.com\\\/coffee-trip\\\/#primaryimage\"},\"image\":{\"@id\":\"https:\\\/\\\/limamentor.com\\\/coffee-trip\\\/#primaryimage\"},\"thumbnailUrl\":\"https:\\\/\\\/limamentor.com\\\/wp-content\\\/uploads\\\/2024\\\/04\\\/pagina-nueva-005-768x580.jpeg\",\"datePublished\":\"2024-03-21T17:43:22+00:00\",\"dateModified\":\"2025-04-29T16:55:04+00:00\",\"breadcrumb\":{\"@id\":\"https:\\\/\\\/limamentor.com\\\/coffee-trip\\\/#breadcrumb\"},\"inLanguage\":\"fr-FR\",\"potentialAction\":[{\"@type\":\"ReadAction\",\"target\":[\"https:\\\/\\\/limamentor.com\\\/coffee-trip\\\/\"]}]},{\"@type\":\"ImageObject\",\"inLanguage\":\"fr-FR\",\"@id\":\"https:\\\/\\\/limamentor.com\\\/coffee-trip\\\/#primaryimage\",\"url\":\"https:\\\/\\\/limamentor.com\\\/wp-content\\\/uploads\\\/2024\\\/04\\\/pagina-nueva-005-768x580.jpeg\",\"contentUrl\":\"https:\\\/\\\/limamentor.com\\\/wp-content\\\/uploads\\\/2024\\\/04\\\/pagina-nueva-005-768x580.jpeg\"},{\"@type\":\"BreadcrumbList\",\"@id\":\"https:\\\/\\\/limamentor.com\\\/coffee-trip\\\/#breadcrumb\",\"itemListElement\":[{\"@type\":\"ListItem\",\"position\":1,\"name\":\"Home\",\"item\":\"https:\\\/\\\/limamentor.com\\\/\"},{\"@type\":\"ListItem\",\"position\":2,\"name\":\"Voyage au caf\u00e9\"}]},{\"@type\":\"WebSite\",\"@id\":\"https:\\\/\\\/limamentor.com\\\/es\\\/#website\",\"url\":\"https:\\\/\\\/limamentor.com\\\/es\\\/\",\"name\":\"Lima Mentor authentic experiences for you\",\"description\":\"LIMA MENTOR WEB\",\"publisher\":{\"@id\":\"https:\\\/\\\/limamentor.com\\\/es\\\/#organization\"},\"alternateName\":\"Sharing with you the best of the city of Lima, its sights, its culture and its tastes.\",\"potentialAction\":[{\"@type\":\"SearchAction\",\"target\":{\"@type\":\"EntryPoint\",\"urlTemplate\":\"https:\\\/\\\/limamentor.com\\\/es\\\/?s={search_term_string}\"},\"query-input\":{\"@type\":\"PropertyValueSpecification\",\"valueRequired\":true,\"valueName\":\"search_term_string\"}}],\"inLanguage\":\"fr-FR\"},{\"@type\":\"Organization\",\"@id\":\"https:\\\/\\\/limamentor.com\\\/es\\\/#organization\",\"name\":\"Lima Mentor\",\"alternateName\":\"Sharing with you the best of the city of Lima, its sights, its culture and its tastes.\",\"url\":\"https:\\\/\\\/limamentor.com\\\/es\\\/\",\"logo\":{\"@type\":\"ImageObject\",\"inLanguage\":\"fr-FR\",\"@id\":\"https:\\\/\\\/limamentor.com\\\/es\\\/#\\\/schema\\\/logo\\\/image\\\/\",\"url\":\"https:\\\/\\\/limamentor.com\\\/wp-content\\\/uploads\\\/2024\\\/03\\\/cropped-limamentorlogo.png\",\"contentUrl\":\"https:\\\/\\\/limamentor.com\\\/wp-content\\\/uploads\\\/2024\\\/03\\\/cropped-limamentorlogo.png\",\"width\":318,\"height\":92,\"caption\":\"Lima Mentor\"},\"image\":{\"@id\":\"https:\\\/\\\/limamentor.com\\\/es\\\/#\\\/schema\\\/logo\\\/image\\\/\"},\"sameAs\":[\"https:\\\/\\\/www.facebook.com\\\/limamentor\\\/?locale=es_LA\",\"https:\\\/\\\/www.instagram.com\\\/limamentor\\\/\"]}]}<\/script>\n<!-- \/ Yoast SEO plugin. -->","yoast_head_json":{"title":"Voyage au caf\u00e9 | Lima Mentor","robots":{"index":"index","follow":"follow","max-snippet":"max-snippet:-1","max-image-preview":"max-image-preview:large","max-video-preview":"max-video-preview:-1"},"canonical":"https:\/\/limamentor.com\/coffee-trip\/","og_locale":"fr_FR","og_type":"article","og_title":"Voyage au caf\u00e9 | Lima Mentor","og_description":"Voyage au caf\u00e9 Le P\u00e9rou est consid\u00e9r\u00e9 comme l&#8217;un des rares pays \u00e0 offrir les caf\u00e9s biologiques les mieux not\u00e9s au monde. Jaen est situ\u00e9 \u00e0 une altitude moyenne de 800 m\u00e8tres au-dessus du niveau de la mer, presque \u00e0 la fronti\u00e8re de l&#8217;\u00c9quateur, avec un climat et des caract\u00e9ristiques parfaits pour les plantations de [&hellip;]","og_url":"https:\/\/limamentor.com\/coffee-trip\/","og_site_name":"Lima Mentor","article_publisher":"https:\/\/www.facebook.com\/limamentor\/?locale=es_LA","article_modified_time":"2025-04-29T16:55:04+00:00","og_image":[{"width":1000,"height":580,"url":"https:\/\/limamentor.com\/wp-content\/uploads\/2024\/04\/pagina-nueva-005.jpeg","type":"image\/jpeg"}],"twitter_card":"summary_large_image","twitter_misc":{"Dur\u00e9e de lecture estim\u00e9e":"4 minutes"},"schema":{"@context":"https:\/\/schema.org","@graph":[{"@type":"WebPage","@id":"https:\/\/limamentor.com\/coffee-trip\/","url":"https:\/\/limamentor.com\/coffee-trip\/","name":"Voyage au caf\u00e9 | Lima Mentor","isPartOf":{"@id":"https:\/\/limamentor.com\/es\/#website"},"primaryImageOfPage":{"@id":"https:\/\/limamentor.com\/coffee-trip\/#primaryimage"},"image":{"@id":"https:\/\/limamentor.com\/coffee-trip\/#primaryimage"},"thumbnailUrl":"https:\/\/limamentor.com\/wp-content\/uploads\/2024\/04\/pagina-nueva-005-768x580.jpeg","datePublished":"2024-03-21T17:43:22+00:00","dateModified":"2025-04-29T16:55:04+00:00","breadcrumb":{"@id":"https:\/\/limamentor.com\/coffee-trip\/#breadcrumb"},"inLanguage":"fr-FR","potentialAction":[{"@type":"ReadAction","target":["https:\/\/limamentor.com\/coffee-trip\/"]}]},{"@type":"ImageObject","inLanguage":"fr-FR","@id":"https:\/\/limamentor.com\/coffee-trip\/#primaryimage","url":"https:\/\/limamentor.com\/wp-content\/uploads\/2024\/04\/pagina-nueva-005-768x580.jpeg","contentUrl":"https:\/\/limamentor.com\/wp-content\/uploads\/2024\/04\/pagina-nueva-005-768x580.jpeg"},{"@type":"BreadcrumbList","@id":"https:\/\/limamentor.com\/coffee-trip\/#breadcrumb","itemListElement":[{"@type":"ListItem","position":1,"name":"Home","item":"https:\/\/limamentor.com\/"},{"@type":"ListItem","position":2,"name":"Voyage au caf\u00e9"}]},{"@type":"WebSite","@id":"https:\/\/limamentor.com\/es\/#website","url":"https:\/\/limamentor.com\/es\/","name":"Lima Mentor authentic experiences for you","description":"LIMA MENTOR WEB","publisher":{"@id":"https:\/\/limamentor.com\/es\/#organization"},"alternateName":"Sharing with you the best of the city of Lima, its sights, its culture and its tastes.","potentialAction":[{"@type":"SearchAction","target":{"@type":"EntryPoint","urlTemplate":"https:\/\/limamentor.com\/es\/?s={search_term_string}"},"query-input":{"@type":"PropertyValueSpecification","valueRequired":true,"valueName":"search_term_string"}}],"inLanguage":"fr-FR"},{"@type":"Organization","@id":"https:\/\/limamentor.com\/es\/#organization","name":"Lima Mentor","alternateName":"Sharing with you the best of the city of Lima, its sights, its culture and its tastes.","url":"https:\/\/limamentor.com\/es\/","logo":{"@type":"ImageObject","inLanguage":"fr-FR","@id":"https:\/\/limamentor.com\/es\/#\/schema\/logo\/image\/","url":"https:\/\/limamentor.com\/wp-content\/uploads\/2024\/03\/cropped-limamentorlogo.png","contentUrl":"https:\/\/limamentor.com\/wp-content\/uploads\/2024\/03\/cropped-limamentorlogo.png","width":318,"height":92,"caption":"Lima Mentor"},"image":{"@id":"https:\/\/limamentor.com\/es\/#\/schema\/logo\/image\/"},"sameAs":["https:\/\/www.facebook.com\/limamentor\/?locale=es_LA","https:\/\/www.instagram.com\/limamentor\/"]}]}},"_links":{"self":[{"href":"https:\/\/limamentor.com\/fr\/wp-json\/wp\/v2\/pages\/12493","targetHints":{"allow":["GET"]}}],"collection":[{"href":"https:\/\/limamentor.com\/fr\/wp-json\/wp\/v2\/pages"}],"about":[{"href":"https:\/\/limamentor.com\/fr\/wp-json\/wp\/v2\/types\/page"}],"author":[{"embeddable":true,"href":"https:\/\/limamentor.com\/fr\/wp-json\/wp\/v2\/users\/1"}],"replies":[{"embeddable":true,"href":"https:\/\/limamentor.com\/fr\/wp-json\/wp\/v2\/comments?post=12493"}],"version-history":[{"count":4,"href":"https:\/\/limamentor.com\/fr\/wp-json\/wp\/v2\/pages\/12493\/revisions"}],"predecessor-version":[{"id":14653,"href":"https:\/\/limamentor.com\/fr\/wp-json\/wp\/v2\/pages\/12493\/revisions\/14653"}],"wp:attachment":[{"href":"https:\/\/limamentor.com\/fr\/wp-json\/wp\/v2\/media?parent=12493"}],"curies":[{"name":"wp","href":"https:\/\/api.w.org\/{rel}","templated":true}]}}