{"id":14778,"date":"2025-05-08T16:13:32","date_gmt":"2025-05-08T16:13:32","guid":{"rendered":"https:\/\/limamentor.com\/?page_id=14778"},"modified":"2025-05-08T16:13:33","modified_gmt":"2025-05-08T16:13:33","slug":"conditions-generales-dutilisation-2","status":"publish","type":"page","link":"https:\/\/limamentor.com\/fr\/conditions-generales-dutilisation-2\/","title":{"rendered":"Conditions g\u00e9n\u00e9rales d&#8217;utilisation"},"content":{"rendered":"\t\t<div data-elementor-type=\"wp-page\" data-elementor-id=\"14778\" class=\"elementor elementor-14778 elementor-14775\" data-elementor-post-type=\"page\">\n\t\t\t\t<div class=\"elementor-element elementor-element-4879ca7f e-flex e-con-boxed e-con e-parent\" data-id=\"4879ca7f\" data-element_type=\"container\" data-e-type=\"container\">\n\t\t\t\t\t<div class=\"e-con-inner\">\n\t\t\t\t<div class=\"elementor-element elementor-element-75125104 elementor-widget elementor-widget-text-editor\" data-id=\"75125104\" data-element_type=\"widget\" data-e-type=\"widget\" data-widget_type=\"text-editor.default\">\n\t\t\t\t<div class=\"elementor-widget-container\">\n\t\t\t\t\t\t\t\t\t<h1><strong>POLITIQUES DE PAIEMENT ET D&#8217;ANNULATION<\/strong><\/h1><h2><strong>G\u00c9N\u00c9RALIT\u00c9S<\/strong><\/h2><p>Toute augmentation du prix du train, des billets d&#8217;avion, des droits d&#8217;entr\u00e9e entre la date de confirmation et les dates du voyage sera r\u00e9percut\u00e9e sur le client. Veuillez comprendre que les vacances aventureuses comportent certains risques, que vous devez accepter \u00e0 vos propres risques. La soci\u00e9t\u00e9 n&#8217;est pas responsable des maladies, blessures ou d\u00e9c\u00e8s survenus au cours d&#8217;une randonn\u00e9e ou d&#8217;une partie des vacances, ni des pertes non assur\u00e9es de vos biens. Pour cela, nous vous recommandons vivement de prendre une assurance annulation de voyage.<\/p><ol><li><h3><strong>PAIEMENTS<\/strong><\/h3><\/li><\/ol><p>CONVENTIONS : Un d\u00e9p\u00f4t de 300 $ par passager est payable \u00e0 la confirmation de votre voyage afin de r\u00e9server et de payer \u00e0 l&#8217;avance les places dans le train et les droits d&#8217;entr\u00e9e pour le Chemin Inca et le Machu Picchu. Si vous r\u00e9servez \u00e9galement des billets d&#8217;avion avec nous, nous vous demandons \u00e9galement le montant total des billets d&#8217;avion. Si vous r\u00e9servez une croisi\u00e8re en Amazonie, nous demandons \u00e9galement une autre caution de 500 $ par passager. Le paiement final doit \u00eatre re\u00e7u  <strong>au plus tard 30 jours avant le d\u00e9but du voyage. Le paiement final de la croisi\u00e8re en Amazonie doit \u00eatre re\u00e7u 90 jours avant le d\u00e9but de la croisi\u00e8re.<\/strong>. Les r\u00e9servations effectu\u00e9es dans les 30 jours pr\u00e9c\u00e9dant le voyage doivent \u00eatre pay\u00e9es int\u00e9gralement lors de la confirmation.<\/p><p>GROUPES : Un acompte de 150 dollars par passager doit \u00eatre vers\u00e9 lors de la confirmation de votre voyage afin de r\u00e9server et de payer \u00e0 l&#8217;avance les places dans le train et les permis pour le sentier Inca. Si vous r\u00e9servez \u00e9galement des billets d&#8217;avion avec nous, nous vous demandons \u00e9galement le montant total des billets d&#8217;avion. Le paiement final doit \u00eatre re\u00e7u au <strong>plus tard 60 jours avant le d\u00e9but du voyage<\/strong>. Les r\u00e9servations effectu\u00e9es dans les 60 jours pr\u00e9c\u00e9dant le voyage doivent \u00eatre pay\u00e9es int\u00e9gralement lors de la confirmation.<\/p><ol start=\"2\"><li><h3><strong>ANNULATIONS ET MODIFICATIONS<\/strong><\/h3><\/li><\/ol><p>Lima Mentor fera tout son possible pour vous aider si vous souhaitez modifier vos arrangements lors de la planification de votre voyage et pendant votre s\u00e9jour. Cependant, tous les nouveaux frais correspondant aux nouveaux services requis vous seront r\u00e9percut\u00e9s et il n&#8217;y aura pas de remboursement pour les services non pris.<\/p><p>Si, au cours du voyage, vous d\u00e9cidez d&#8217;annuler une partie ou la totalit\u00e9 du voyage ou de modifier l&#8217;ensemble de l&#8217;itin\u00e9raire, aucun remboursement ne sera effectu\u00e9. Vous trouverez ci-dessous un tableau d\u00e9taillant le % \u00e0 rembourser en cas d&#8217;annulation de votre part.<\/p><p>FITS<\/p><table><tbody><tr><td width=\"133\">\n  <strong>Jours avant le d\u00e9but du voyage<\/strong>\n<\/td><td width=\"299\">\n  <strong>% de remboursement<\/strong>\n<\/td><\/tr><tr><td width=\"133\">Plus de 30 jours<\/td><td width=\"299\">100% moins les frais administratifs de remboursement des billets de train<\/td><\/tr><tr><td width=\"133\">Entre 30 et 15 jours<\/td><td width=\"299\">50%<\/td><\/tr><tr><td width=\"133\">Moins de 15 jours<\/td><td width=\"299\">0%<\/td><\/tr><\/tbody><\/table><p>GROUPES<\/p><table><tbody><tr><td width=\"133\">\n  <strong>Jours avant le d\u00e9but du voyage<\/strong>\n<\/td><td width=\"299\">\n  <strong>% de remboursement<\/strong>\n<\/td><\/tr><tr><td width=\"133\">Plus de 60 jours<\/td><td width=\"299\">100 % moins les frais administratifs de remboursement des billets de train<\/td><\/tr><tr><td width=\"133\">Entre 60 et 30 jours<\/td><td width=\"299\">50%<\/td><\/tr><tr><td width=\"133\">Entre 30 et 15 jours<\/td><td width=\"299\">25%<\/td><\/tr><tr><td width=\"133\">Moins de 15 jours<\/td><td width=\"299\">0%<\/td><\/tr><\/tbody><\/table><p>*Les droits d&#8217;entr\u00e9e sur le Chemin de l&#8217;Inca ne sont pas remboursables.<\/p><p>Dans de tr\u00e8s rares circonstances, Lima Mentor peut \u00eatre amen\u00e9 \u00e0 modifier un s\u00e9jour confirm\u00e9 avant votre d\u00e9part. Si la modification est importante (c&#8217;est-\u00e0-dire s&#8217;il s&#8217;agit d&#8217;un changement de temps de vol de plus de 12 heures, d&#8217;un changement d&#8217;a\u00e9roport, etc.  [except between airports serving the same city]Lima Mentor vous informera d\u00e8s que possible et vous offrira deux choix : annuler le voyage ou une partie du voyage et recevoir un remboursement complet et rapide des services non utilis\u00e9s, ou accepter l&#8217;alternative, et dans le cas d&#8217;un changement pour un h\u00e9bergement de qualit\u00e9 inf\u00e9rieure, recevoir un remboursement pour la diff\u00e9rence entre l&#8217;h\u00e9bergement non utilis\u00e9 et l&#8217;h\u00e9bergement de qualit\u00e9 inf\u00e9rieure.<\/p><p><em>Force majeure  <\/em>signifie des circonstances inhabituelles et impr\u00e9visibles ind\u00e9pendantes de la volont\u00e9 de la soci\u00e9t\u00e9, dont les cons\u00e9quences ne peuvent \u00eatre \u00e9vit\u00e9es ni par la soci\u00e9t\u00e9 ni par ses fournisseurs, y compris, mais sans s&#8217;y limiter, la guerre, la menace de guerre, les \u00e9meutes, les troubles civils, les activit\u00e9s terroristes (r\u00e9elles ou imminentes), les conflits du travail, les probl\u00e8mes techniques li\u00e9s au transport, aux machines ou \u00e0 l&#8217;\u00e9quipement, les pannes d&#8217;\u00e9lectricit\u00e9, les catastrophes naturelles ou nucl\u00e9aires, les incendies, les inondations, les s\u00e9cheresses, les conditions m\u00e9t\u00e9orologiques d\u00e9favorables et le niveau d&#8217;eau dans les rivi\u00e8res. Si, en raison d&#8217;un cas de force majeure, Lima Mentor se trouve dans l&#8217;incapacit\u00e9 de fournir une partie de vos vacances apr\u00e8s leur commencement et que des dispositions alternatives doivent \u00eatre prises, les passagers devront supporter le co\u00fbt de ces dispositions. Lima Mentor n&#8217;offre en aucun cas de remboursement pour les annulations en cas de &#8220;Force Majeure&#8221;.<\/p>\t\t\t\t\t\t\t\t<\/div>\n\t\t\t\t<\/div>\n\t\t\t\t\t<\/div>\n\t\t\t\t<\/div>\n\t\t\t\t<\/div>\n\t\t","protected":false},"excerpt":{"rendered":"<p>POLITIQUES DE PAIEMENT ET D&#8217;ANNULATION G\u00c9N\u00c9RALIT\u00c9S Toute augmentation du prix du train, des billets d&#8217;avion, des droits d&#8217;entr\u00e9e entre la date de confirmation et les dates du voyage sera r\u00e9percut\u00e9e sur le client. Veuillez comprendre que les vacances aventureuses comportent certains risques, que vous devez accepter \u00e0 vos propres risques. La soci\u00e9t\u00e9 n&#8217;est pas responsable [&hellip;]<\/p>\n","protected":false},"author":5,"featured_media":0,"parent":0,"menu_order":0,"comment_status":"closed","ping_status":"closed","template":"elementor_header_footer","meta":{"nf_dc_page":"","inline_featured_image":false,"footnotes":""},"class_list":["post-14778","page","type-page","status-publish","hentry"],"yoast_head":"<!-- This site is optimized with the Yoast SEO plugin v27.4 - https:\/\/yoast.com\/product\/yoast-seo-wordpress\/ -->\n<title>Conditions g\u00e9n\u00e9rales d&#039;utilisation | Lima Mentor<\/title>\n<meta name=\"robots\" content=\"index, follow, max-snippet:-1, max-image-preview:large, max-video-preview:-1\" \/>\n<link rel=\"canonical\" href=\"https:\/\/limamentor.com\/fr\/conditions-generales-dutilisation-2\/\" \/>\n<meta property=\"og:locale\" content=\"fr_FR\" \/>\n<meta property=\"og:type\" content=\"article\" \/>\n<meta property=\"og:title\" content=\"Conditions g\u00e9n\u00e9rales d&#039;utilisation | Lima Mentor\" \/>\n<meta property=\"og:description\" content=\"POLITIQUES DE PAIEMENT ET D&#8217;ANNULATION G\u00c9N\u00c9RALIT\u00c9S Toute augmentation du prix du train, des billets d&#8217;avion, des droits d&#8217;entr\u00e9e entre la date de confirmation et les dates du voyage sera r\u00e9percut\u00e9e sur le client. Veuillez comprendre que les vacances aventureuses comportent certains risques, que vous devez accepter \u00e0 vos propres risques. La soci\u00e9t\u00e9 n&#8217;est pas responsable [&hellip;]\" \/>\n<meta property=\"og:url\" content=\"https:\/\/limamentor.com\/fr\/conditions-generales-dutilisation-2\/\" \/>\n<meta property=\"og:site_name\" content=\"Lima Mentor\" \/>\n<meta property=\"article:publisher\" content=\"https:\/\/www.facebook.com\/limamentor\/?locale=es_LA\" \/>\n<meta property=\"article:modified_time\" content=\"2025-05-08T16:13:33+00:00\" \/>\n<meta property=\"og:image\" content=\"https:\/\/limamentor.com\/wp-content\/uploads\/2024\/03\/cropped-limamentorlogo.png\" \/>\n\t<meta property=\"og:image:width\" content=\"318\" \/>\n\t<meta property=\"og:image:height\" content=\"92\" \/>\n\t<meta property=\"og:image:type\" content=\"image\/png\" \/>\n<meta name=\"twitter:card\" content=\"summary_large_image\" \/>\n<meta name=\"twitter:label1\" content=\"Dur\u00e9e de lecture estim\u00e9e\" \/>\n\t<meta name=\"twitter:data1\" content=\"4 minutes\" \/>\n<script type=\"application\/ld+json\" class=\"yoast-schema-graph\">{\"@context\":\"https:\\\/\\\/schema.org\",\"@graph\":[{\"@type\":\"WebPage\",\"@id\":\"https:\\\/\\\/limamentor.com\\\/fr\\\/conditions-generales-dutilisation-2\\\/\",\"url\":\"https:\\\/\\\/limamentor.com\\\/fr\\\/conditions-generales-dutilisation-2\\\/\",\"name\":\"Conditions g\u00e9n\u00e9rales d'utilisation | Lima Mentor\",\"isPartOf\":{\"@id\":\"https:\\\/\\\/limamentor.com\\\/es\\\/#website\"},\"datePublished\":\"2025-05-08T16:13:32+00:00\",\"dateModified\":\"2025-05-08T16:13:33+00:00\",\"breadcrumb\":{\"@id\":\"https:\\\/\\\/limamentor.com\\\/fr\\\/conditions-generales-dutilisation-2\\\/#breadcrumb\"},\"inLanguage\":\"fr-FR\",\"potentialAction\":[{\"@type\":\"ReadAction\",\"target\":[\"https:\\\/\\\/limamentor.com\\\/fr\\\/conditions-generales-dutilisation-2\\\/\"]}]},{\"@type\":\"BreadcrumbList\",\"@id\":\"https:\\\/\\\/limamentor.com\\\/fr\\\/conditions-generales-dutilisation-2\\\/#breadcrumb\",\"itemListElement\":[{\"@type\":\"ListItem\",\"position\":1,\"name\":\"Home\",\"item\":\"https:\\\/\\\/limamentor.com\\\/\"},{\"@type\":\"ListItem\",\"position\":2,\"name\":\"Conditions g\u00e9n\u00e9rales d&#8217;utilisation\"}]},{\"@type\":\"WebSite\",\"@id\":\"https:\\\/\\\/limamentor.com\\\/es\\\/#website\",\"url\":\"https:\\\/\\\/limamentor.com\\\/es\\\/\",\"name\":\"Lima Mentor authentic experiences for you\",\"description\":\"LIMA MENTOR WEB\",\"publisher\":{\"@id\":\"https:\\\/\\\/limamentor.com\\\/es\\\/#organization\"},\"alternateName\":\"Sharing with you the best of the city of Lima, its sights, its culture and its tastes.\",\"potentialAction\":[{\"@type\":\"SearchAction\",\"target\":{\"@type\":\"EntryPoint\",\"urlTemplate\":\"https:\\\/\\\/limamentor.com\\\/es\\\/?s={search_term_string}\"},\"query-input\":{\"@type\":\"PropertyValueSpecification\",\"valueRequired\":true,\"valueName\":\"search_term_string\"}}],\"inLanguage\":\"fr-FR\"},{\"@type\":\"Organization\",\"@id\":\"https:\\\/\\\/limamentor.com\\\/es\\\/#organization\",\"name\":\"Lima Mentor\",\"alternateName\":\"Sharing with you the best of the city of Lima, its sights, its culture and its tastes.\",\"url\":\"https:\\\/\\\/limamentor.com\\\/es\\\/\",\"logo\":{\"@type\":\"ImageObject\",\"inLanguage\":\"fr-FR\",\"@id\":\"https:\\\/\\\/limamentor.com\\\/es\\\/#\\\/schema\\\/logo\\\/image\\\/\",\"url\":\"https:\\\/\\\/limamentor.com\\\/wp-content\\\/uploads\\\/2024\\\/03\\\/cropped-limamentorlogo.png\",\"contentUrl\":\"https:\\\/\\\/limamentor.com\\\/wp-content\\\/uploads\\\/2024\\\/03\\\/cropped-limamentorlogo.png\",\"width\":318,\"height\":92,\"caption\":\"Lima Mentor\"},\"image\":{\"@id\":\"https:\\\/\\\/limamentor.com\\\/es\\\/#\\\/schema\\\/logo\\\/image\\\/\"},\"sameAs\":[\"https:\\\/\\\/www.facebook.com\\\/limamentor\\\/?locale=es_LA\",\"https:\\\/\\\/www.instagram.com\\\/limamentor\\\/\"]}]}<\/script>\n<!-- \/ Yoast SEO plugin. -->","yoast_head_json":{"title":"Conditions g\u00e9n\u00e9rales d'utilisation | Lima Mentor","robots":{"index":"index","follow":"follow","max-snippet":"max-snippet:-1","max-image-preview":"max-image-preview:large","max-video-preview":"max-video-preview:-1"},"canonical":"https:\/\/limamentor.com\/fr\/conditions-generales-dutilisation-2\/","og_locale":"fr_FR","og_type":"article","og_title":"Conditions g\u00e9n\u00e9rales d'utilisation | Lima Mentor","og_description":"POLITIQUES DE PAIEMENT ET D&#8217;ANNULATION G\u00c9N\u00c9RALIT\u00c9S Toute augmentation du prix du train, des billets d&#8217;avion, des droits d&#8217;entr\u00e9e entre la date de confirmation et les dates du voyage sera r\u00e9percut\u00e9e sur le client. Veuillez comprendre que les vacances aventureuses comportent certains risques, que vous devez accepter \u00e0 vos propres risques. La soci\u00e9t\u00e9 n&#8217;est pas responsable [&hellip;]","og_url":"https:\/\/limamentor.com\/fr\/conditions-generales-dutilisation-2\/","og_site_name":"Lima Mentor","article_publisher":"https:\/\/www.facebook.com\/limamentor\/?locale=es_LA","article_modified_time":"2025-05-08T16:13:33+00:00","og_image":[{"width":318,"height":92,"url":"https:\/\/limamentor.com\/wp-content\/uploads\/2024\/03\/cropped-limamentorlogo.png","type":"image\/png"}],"twitter_card":"summary_large_image","twitter_misc":{"Dur\u00e9e de lecture estim\u00e9e":"4 minutes"},"schema":{"@context":"https:\/\/schema.org","@graph":[{"@type":"WebPage","@id":"https:\/\/limamentor.com\/fr\/conditions-generales-dutilisation-2\/","url":"https:\/\/limamentor.com\/fr\/conditions-generales-dutilisation-2\/","name":"Conditions g\u00e9n\u00e9rales d'utilisation | Lima Mentor","isPartOf":{"@id":"https:\/\/limamentor.com\/es\/#website"},"datePublished":"2025-05-08T16:13:32+00:00","dateModified":"2025-05-08T16:13:33+00:00","breadcrumb":{"@id":"https:\/\/limamentor.com\/fr\/conditions-generales-dutilisation-2\/#breadcrumb"},"inLanguage":"fr-FR","potentialAction":[{"@type":"ReadAction","target":["https:\/\/limamentor.com\/fr\/conditions-generales-dutilisation-2\/"]}]},{"@type":"BreadcrumbList","@id":"https:\/\/limamentor.com\/fr\/conditions-generales-dutilisation-2\/#breadcrumb","itemListElement":[{"@type":"ListItem","position":1,"name":"Home","item":"https:\/\/limamentor.com\/"},{"@type":"ListItem","position":2,"name":"Conditions g\u00e9n\u00e9rales d&#8217;utilisation"}]},{"@type":"WebSite","@id":"https:\/\/limamentor.com\/es\/#website","url":"https:\/\/limamentor.com\/es\/","name":"Lima Mentor authentic experiences for you","description":"LIMA MENTOR WEB","publisher":{"@id":"https:\/\/limamentor.com\/es\/#organization"},"alternateName":"Sharing with you the best of the city of Lima, its sights, its culture and its tastes.","potentialAction":[{"@type":"SearchAction","target":{"@type":"EntryPoint","urlTemplate":"https:\/\/limamentor.com\/es\/?s={search_term_string}"},"query-input":{"@type":"PropertyValueSpecification","valueRequired":true,"valueName":"search_term_string"}}],"inLanguage":"fr-FR"},{"@type":"Organization","@id":"https:\/\/limamentor.com\/es\/#organization","name":"Lima Mentor","alternateName":"Sharing with you the best of the city of Lima, its sights, its culture and its tastes.","url":"https:\/\/limamentor.com\/es\/","logo":{"@type":"ImageObject","inLanguage":"fr-FR","@id":"https:\/\/limamentor.com\/es\/#\/schema\/logo\/image\/","url":"https:\/\/limamentor.com\/wp-content\/uploads\/2024\/03\/cropped-limamentorlogo.png","contentUrl":"https:\/\/limamentor.com\/wp-content\/uploads\/2024\/03\/cropped-limamentorlogo.png","width":318,"height":92,"caption":"Lima Mentor"},"image":{"@id":"https:\/\/limamentor.com\/es\/#\/schema\/logo\/image\/"},"sameAs":["https:\/\/www.facebook.com\/limamentor\/?locale=es_LA","https:\/\/www.instagram.com\/limamentor\/"]}]}},"_links":{"self":[{"href":"https:\/\/limamentor.com\/fr\/wp-json\/wp\/v2\/pages\/14778","targetHints":{"allow":["GET"]}}],"collection":[{"href":"https:\/\/limamentor.com\/fr\/wp-json\/wp\/v2\/pages"}],"about":[{"href":"https:\/\/limamentor.com\/fr\/wp-json\/wp\/v2\/types\/page"}],"author":[{"embeddable":true,"href":"https:\/\/limamentor.com\/fr\/wp-json\/wp\/v2\/users\/5"}],"replies":[{"embeddable":true,"href":"https:\/\/limamentor.com\/fr\/wp-json\/wp\/v2\/comments?post=14778"}],"version-history":[{"count":1,"href":"https:\/\/limamentor.com\/fr\/wp-json\/wp\/v2\/pages\/14778\/revisions"}],"predecessor-version":[{"id":14782,"href":"https:\/\/limamentor.com\/fr\/wp-json\/wp\/v2\/pages\/14778\/revisions\/14782"}],"wp:attachment":[{"href":"https:\/\/limamentor.com\/fr\/wp-json\/wp\/v2\/media?parent=14778"}],"curies":[{"name":"wp","href":"https:\/\/api.w.org\/{rel}","templated":true}]}}