{"id":13776,"date":"2024-03-21T17:43:22","date_gmt":"2024-03-21T17:43:22","guid":{"rendered":"https:\/\/limamentor.com\/viagem-de-cafe\/"},"modified":"2025-04-29T17:15:52","modified_gmt":"2025-04-29T17:15:52","slug":"viagem-de-cafe","status":"publish","type":"page","link":"https:\/\/limamentor.com\/pt-br\/viagem-de-cafe\/","title":{"rendered":"Viagem de caf\u00e9"},"content":{"rendered":"\t\t<div data-elementor-type=\"wp-page\" data-elementor-id=\"13776\" class=\"elementor elementor-13776 elementor-11657\" data-elementor-post-type=\"page\">\n\t\t\t\t\t\t<div class=\"elementor-section elementor-top-section elementor-element elementor-element-1ba3212 elementor-section-height-min-height elementor-section-stretched elementor-section-boxed elementor-section-height-default elementor-section-items-middle\" data-id=\"1ba3212\" data-element_type=\"section\" data-e-type=\"section\" data-settings=\"{&quot;stretch_section&quot;:&quot;section-stretched&quot;,&quot;background_background&quot;:&quot;classic&quot;}\">\n\t\t\t\t\t\t\t<div class=\"elementor-background-overlay\"><\/div>\n\t\t\t\t\t\t\t<div class=\"elementor-container elementor-column-gap-no\">\n\t\t\t\t\t<div class=\"elementor-column elementor-col-100 elementor-top-column elementor-element elementor-element-76e3509 animated-fast elementor-invisible\" data-id=\"76e3509\" data-element_type=\"column\" data-e-type=\"column\" data-settings=\"{&quot;animation&quot;:&quot;opal-move-up&quot;,&quot;animation_delay&quot;:250}\">\n\t\t\t<div class=\"elementor-widget-wrap elementor-element-populated\">\n\t\t\t\t\t\t<div class=\"elementor-element elementor-element-18969a1 elementor-widget elementor-widget-heading\" data-id=\"18969a1\" data-element_type=\"widget\" data-e-type=\"widget\" data-widget_type=\"heading.default\">\n\t\t\t\t<div class=\"elementor-widget-container\">\n\t\t\t\t\t<h2 class=\"elementor-heading-title elementor-size-default\">Viagem de caf\u00e9<\/h2>\t\t\t\t<\/div>\n\t\t\t\t<\/div>\n\t\t\t\t\t<\/div>\n\t\t<\/div>\n\t\t\t\t\t<\/div>\n\t\t<\/div>\n\t\t\t\t<div class=\"elementor-section elementor-top-section elementor-element elementor-element-0a9a6f3 elementor-section-stretched elementor-section-content-middle elementor-section-boxed elementor-section-height-default elementor-section-height-default\" data-id=\"0a9a6f3\" data-element_type=\"section\" data-e-type=\"section\" data-settings=\"{&quot;stretch_section&quot;:&quot;section-stretched&quot;,&quot;background_background&quot;:&quot;classic&quot;}\">\n\t\t\t\t\t\t<div class=\"elementor-container elementor-column-gap-no\">\n\t\t\t\t\t<div class=\"elementor-column elementor-col-50 elementor-top-column elementor-element elementor-element-8ac8314 elementor-hidden-phone\" data-id=\"8ac8314\" data-element_type=\"column\" data-e-type=\"column\" data-settings=\"{&quot;background_background&quot;:&quot;classic&quot;}\">\n\t\t\t<div class=\"elementor-widget-wrap elementor-element-populated\">\n\t\t\t\t\t\t<div class=\"elementor-element elementor-element-1afe0e9 elementor-widget elementor-widget-image\" data-id=\"1afe0e9\" data-element_type=\"widget\" data-e-type=\"widget\" data-widget_type=\"image.default\">\n\t\t\t\t<div class=\"elementor-widget-container\">\n\t\t\t\t\t\t\t\t\t\t\t\t\t\t\t<img decoding=\"async\" width=\"768\" height=\"580\" src=\"https:\/\/limamentor.com\/wp-content\/uploads\/2024\/04\/pagina-nueva-005-768x580.jpeg\" class=\"attachment-triply-post-grid size-triply-post-grid wp-image-13783\" alt=\"\" \/>\t\t\t\t\t\t\t\t\t\t\t\t\t\t\t<\/div>\n\t\t\t\t<\/div>\n\t\t\t\t\t<\/div>\n\t\t<\/div>\n\t\t\t\t<div class=\"elementor-column elementor-col-50 elementor-top-column elementor-element elementor-element-208b2bf\" data-id=\"208b2bf\" data-element_type=\"column\" data-e-type=\"column\">\n\t\t\t<div class=\"elementor-widget-wrap elementor-element-populated\">\n\t\t\t\t\t\t<div class=\"elementor-element elementor-element-a123a2f elementor-widget__width-initial animated-fast elementor-invisible elementor-widget elementor-widget-text-editor\" data-id=\"a123a2f\" data-element_type=\"widget\" data-e-type=\"widget\" data-settings=\"{&quot;_animation&quot;:&quot;opal-move-up&quot;}\" data-widget_type=\"text-editor.default\">\n\t\t\t\t<div class=\"elementor-widget-container\">\n\t\t\t\t\t\t\t\t\t<p>O Peru \u00e9 considerado um dos poucos pa\u00edses que oferecem os caf\u00e9s org\u00e2nicos mais bem avaliados do mundo. Ja\u00e9n est\u00e1 localizada a uma m\u00e9dia de 800 m acima do n\u00edvel do mar (2.600 p\u00e9s), quase na fronteira com o Equador, com clima e caracter\u00edsticas perfeitos para planta\u00e7\u00f5es de caf\u00e9 e cacau, sendo a \u00e1rea que re\u00fane os melhores produtores de caf\u00e9 do Peru.<\/p><p>Nessa viagem, voc\u00ea poder\u00e1 aprender com os produtores certificados, conhecer suas t\u00e9cnicas e procedimentos e experimentar com eles sua atividade. Al\u00e9m disso, essa \u00e1rea \u00e9 famosa por suas cachoeiras, e voc\u00ea visitar\u00e1 uma delas com a possibilidade de fazer zipline. Al\u00e9m disso, h\u00e1 uma Reserva Nacional que protege a flora e a fauna end\u00eamicas da \u00e1rea. Uma viagem que despertar\u00e1 seus sentidos e sua consci\u00eancia.<\/p><p><strong>Pre\u00e7o:<\/strong><\/p><p>US$ 777 por pessoa, com base em um grupo de 4 pessoas e acomoda\u00e7\u00e3o dupla na melhor acomoda\u00e7\u00e3o em cada cidade.<\/p><p>US$ 888 por pessoa, com base em um grupo de 2 pessoas e acomoda\u00e7\u00e3o dupla na melhor acomoda\u00e7\u00e3o em cada cidade.<\/p><p><strong>Dura\u00e7\u00e3o:<\/strong> 5 dias.<\/p><p><em><strong>Podemos\u00a0<a href=\"https:\/\/www.limamentor.com\/tailor-made-tours\/\">personal<\/a>izar\u00a0esse passeio e ajustar o pre\u00e7o de acordo com o n\u00famero de participantes.<\/strong><\/em><\/p><p><em>**Voc\u00ea pode cancelar o passeio at\u00e9 12 horas antes sem taxas de cancelamento.<\/em><br \/><em>*Crian\u00e7as menores de 12 anos t\u00eam 50% de desconto<\/em><br \/><em>*Nos principais feriados: 1\u00ba de janeiro, Quinta-feira Santa, Sexta-feira Santa, 1\u00ba de maio, 28 de julho, 29 de julho, 24 de dezembro, 25 de dezembro, 31 de dezembro t\u00eam um custo adicional de 50%.<\/em><\/p>\t\t\t\t\t\t\t\t<\/div>\n\t\t\t\t<\/div>\n\t\t\t\t\t<\/div>\n\t\t<\/div>\n\t\t\t\t\t<\/div>\n\t\t<\/div>\n\t\t\t\t<div class=\"elementor-section elementor-top-section elementor-element elementor-element-ba6278f elementor-section-stretched elementor-section-content-middle elementor-section-boxed elementor-section-height-default elementor-section-height-default\" data-id=\"ba6278f\" data-element_type=\"section\" data-e-type=\"section\" data-settings=\"{&quot;stretch_section&quot;:&quot;section-stretched&quot;,&quot;background_background&quot;:&quot;classic&quot;}\">\n\t\t\t\t\t\t<div class=\"elementor-container elementor-column-gap-no\">\n\t\t\t\t\t<div class=\"elementor-column elementor-col-50 elementor-top-column elementor-element elementor-element-749d72c\" data-id=\"749d72c\" data-element_type=\"column\" data-e-type=\"column\">\n\t\t\t<div class=\"elementor-widget-wrap elementor-element-populated\">\n\t\t\t\t\t\t<div class=\"elementor-element elementor-element-fc0b558 elementor-widget__width-initial animated-fast elementor-invisible elementor-widget elementor-widget-heading\" data-id=\"fc0b558\" data-element_type=\"widget\" data-e-type=\"widget\" data-settings=\"{&quot;_animation&quot;:&quot;opal-move-up&quot;}\" data-widget_type=\"heading.default\">\n\t\t\t\t<div class=\"elementor-widget-container\">\n\t\t\t\t\t<h2 class=\"elementor-heading-title elementor-size-default\">Itiner\u00e1rio<\/h2>\t\t\t\t<\/div>\n\t\t\t\t<\/div>\n\t\t\t\t<div class=\"elementor-element elementor-element-b485cc7 elementor-widget__width-initial animated-fast elementor-invisible elementor-widget elementor-widget-text-editor\" data-id=\"b485cc7\" data-element_type=\"widget\" data-e-type=\"widget\" data-settings=\"{&quot;_animation&quot;:&quot;opal-move-up&quot;}\" data-widget_type=\"text-editor.default\">\n\t\t\t\t<div class=\"elementor-widget-container\">\n\t\t\t\t\t\t\t\t\t<h3>Dia 1<\/h3><div><div>Voo matinal Lima\/Jaen (1 hora de dura\u00e7\u00e3o). Fa\u00e7a o traslado para seu hotel em Ja\u00e9n e relaxe pelo resto da manh\u00e3. Voc\u00ea ser\u00e1 buscado para almo\u00e7ar em um restaurante local. \u00c0 tarde, nossa primeira visita ser\u00e1 a um projeto familiar que \u00e9 apicultor e mostrar\u00e1 a voc\u00ea como eles produzem mel natural, n\u00e3o adulterado e n\u00e3o processado. Degusta\u00e7\u00e3o de diferentes m\u00e9is com diferentes finalidades m\u00e9dicas. Retorno ao hotel. Voc\u00ea ter\u00e1 a oportunidade de visitar uma das melhores torradeiras e cafeterias da regi\u00e3o. Pernoite em Ja\u00e9n.<\/div><\/div><div>\u00a0<\/div><div><h3>Dia 2<\/h3><div><p>Sa\u00edda pela manh\u00e3 para ir \u00e0 Finca Los Pinos, caminhar por suas planta\u00e7\u00f5es de caf\u00e9 guiado por um dos respons\u00e1veis por esse projeto sustent\u00e1vel de oferecer caf\u00e9 org\u00e2nico principalmente para exporta\u00e7\u00e3o. Degusta\u00e7\u00e3o de seu caf\u00e9. Logo ao lado desse projeto, visitaremos a Finca San Antonio, onde voc\u00ea observar\u00e1 planta\u00e7\u00f5es de diferentes frutas end\u00eamicas, cacau e, \u00e9 claro, caf\u00e9. Aprenda a maneira artesanal de torrar e moer. Almo\u00e7o em Los Pinos e traslado para San Ignacio para uma tarde livre. Pernoite em San Ignacio.<\/p><div><h3 style=\"margin-bottom: 0.540791em;\">Dia 3<\/h3><p><span style=\"color: var( --e-global-color-text ); font-family: var( --e-global-typography-text-font-family ), Sans-serif; font-weight: var( --e-global-typography-text-font-weight );\">Dirija at\u00e9 o Santu\u00e1rio Nacional Tabaconas Namballe. Nesse trajeto de 2 horas, voc\u00ea desfrutar\u00e1 de vistas de pared\u00f5es de \u00e1gua, planta\u00e7\u00f5es de caf\u00e9, vales e \u00e1reas de reflorestamento. Ao chegar, voc\u00ea caminhar\u00e1 principalmente para observar orqu\u00eddeas e p\u00e1ssaros. Esse santu\u00e1rio tem como foco principal a prote\u00e7\u00e3o de flores, p\u00e1ssaros e grandes mam\u00edferos, como as antas e os ursos-de-\u00f3culos, que, com sorte, voc\u00ea poder\u00e1 observar. Almo\u00e7o e retorno. Hoje \u00e9 um dia longo, pois \u00e9 uma excurs\u00e3o de 11 horas. Pernoite em San Ignacio. <\/span><\/p><h3>Dia 4<\/h3><div class=\"timeline__item\"><div class=\"timeline__item__content padding-left\"><div class=\"timeline__item__description\">Partida para visitar a cachoeira mais famosa da regi\u00e3o, localizada no distrito de Huarango (quase 2 horas de carro). Caminhe em uma bela floresta nublada para chegar perto da cachoeira &#8220;Bella Encantadora&#8221;. Op\u00e7\u00e3o de fazer uma incr\u00edvel tirolesa sobre a cachoeira. Almoce em um restaurante local e visite a &#8220;Laguna Azul&#8221;, uma bela lagoa da regi\u00e3o. Retorno a San Ignacio e pernoite.<\/div><\/div><\/div><div class=\"timeline__item\">\u00a0<\/div><\/div><\/div><div><h3 style=\"margin-bottom: 0.540791em;\">Dia 5<\/h3><p><span style=\"color: var( --e-global-color-text ); font-family: var( --e-global-typography-text-font-family ), Sans-serif; font-weight: var( --e-global-typography-text-font-weight );\">Dirija por quase duas horas para chegar ao aeroporto de Shumba, em Ja\u00e9n.<\/span><\/p><\/div><div><div><div><div style=\"color: #333333; font-family: Oxygen; font-size: 15px; background-color: #ffffff;\">\u00a0<\/div><\/div><\/div><\/div><\/div>\t\t\t\t\t\t\t\t<\/div>\n\t\t\t\t<\/div>\n\t\t\t\t\t<\/div>\n\t\t<\/div>\n\t\t\t\t<div class=\"elementor-column elementor-col-50 elementor-top-column elementor-element elementor-element-5f7b493 elementor-hidden-phone\" data-id=\"5f7b493\" data-element_type=\"column\" data-e-type=\"column\" data-settings=\"{&quot;background_background&quot;:&quot;classic&quot;}\">\n\t\t\t<div class=\"elementor-widget-wrap elementor-element-populated\">\n\t\t\t\t\t\t<div class=\"elementor-element elementor-element-4b94255 elementor-widget elementor-widget-image\" data-id=\"4b94255\" data-element_type=\"widget\" data-e-type=\"widget\" data-widget_type=\"image.default\">\n\t\t\t\t<div class=\"elementor-widget-container\">\n\t\t\t\t\t\t\t\t\t\t\t\t\t\t\t<img decoding=\"async\" width=\"1000\" height=\"580\" src=\"https:\/\/limamentor.com\/wp-content\/uploads\/2024\/04\/pagina-nueva-004.jpeg\" class=\"attachment-full size-full wp-image-13782\" alt=\"\" srcset=\"https:\/\/limamentor.com\/wp-content\/uploads\/2024\/04\/pagina-nueva-004.jpeg 1000w, https:\/\/limamentor.com\/wp-content\/uploads\/2024\/04\/pagina-nueva-004-300x174.jpeg 300w, https:\/\/limamentor.com\/wp-content\/uploads\/2024\/04\/pagina-nueva-004-768x445.jpeg 768w, https:\/\/limamentor.com\/wp-content\/uploads\/2024\/04\/pagina-nueva-004-776x450.jpeg 776w\" sizes=\"(max-width: 1000px) 100vw, 1000px\" \/>\t\t\t\t\t\t\t\t\t\t\t\t\t\t\t<\/div>\n\t\t\t\t<\/div>\n\t\t\t\t\t<\/div>\n\t\t<\/div>\n\t\t\t\t\t<\/div>\n\t\t<\/div>\n\t\t\t\t<\/div>\n\t\t","protected":false},"excerpt":{"rendered":"<p>Viagem de caf\u00e9 O Peru \u00e9 considerado um dos poucos pa\u00edses que oferecem os caf\u00e9s org\u00e2nicos mais bem avaliados do mundo. Ja\u00e9n est\u00e1 localizada a uma m\u00e9dia de 800 m acima do n\u00edvel do mar (2.600 p\u00e9s), quase na fronteira com o Equador, com clima e caracter\u00edsticas perfeitos para planta\u00e7\u00f5es de caf\u00e9 e cacau, sendo [&hellip;]<\/p>\n","protected":false},"author":1,"featured_media":0,"parent":0,"menu_order":0,"comment_status":"closed","ping_status":"closed","template":"elementor_header_footer","meta":{"nf_dc_page":"","inline_featured_image":false,"footnotes":""},"class_list":["post-13776","page","type-page","status-publish","hentry"],"yoast_head":"<!-- This site is optimized with the Yoast SEO plugin v27.4 - https:\/\/yoast.com\/product\/yoast-seo-wordpress\/ -->\n<title>Viagem de caf\u00e9 | Lima Mentor<\/title>\n<meta name=\"robots\" content=\"index, follow, max-snippet:-1, max-image-preview:large, max-video-preview:-1\" \/>\n<link rel=\"canonical\" href=\"https:\/\/limamentor.com\/coffee-trip\/\" \/>\n<meta property=\"og:locale\" content=\"pt_BR\" \/>\n<meta property=\"og:type\" content=\"article\" \/>\n<meta property=\"og:title\" content=\"Viagem de caf\u00e9 | Lima Mentor\" \/>\n<meta property=\"og:description\" content=\"Viagem de caf\u00e9 O Peru \u00e9 considerado um dos poucos pa\u00edses que oferecem os caf\u00e9s org\u00e2nicos mais bem avaliados do mundo. Ja\u00e9n est\u00e1 localizada a uma m\u00e9dia de 800 m acima do n\u00edvel do mar (2.600 p\u00e9s), quase na fronteira com o Equador, com clima e caracter\u00edsticas perfeitos para planta\u00e7\u00f5es de caf\u00e9 e cacau, sendo [&hellip;]\" \/>\n<meta property=\"og:url\" content=\"https:\/\/limamentor.com\/coffee-trip\/\" \/>\n<meta property=\"og:site_name\" content=\"Lima Mentor\" \/>\n<meta property=\"article:publisher\" content=\"https:\/\/www.facebook.com\/limamentor\/?locale=es_LA\" \/>\n<meta property=\"article:modified_time\" content=\"2025-04-29T17:15:52+00:00\" \/>\n<meta property=\"og:image\" content=\"https:\/\/limamentor.com\/wp-content\/uploads\/2024\/04\/pagina-nueva-005.jpeg\" \/>\n\t<meta property=\"og:image:width\" content=\"1000\" \/>\n\t<meta property=\"og:image:height\" content=\"580\" \/>\n\t<meta property=\"og:image:type\" content=\"image\/jpeg\" \/>\n<meta name=\"twitter:card\" content=\"summary_large_image\" \/>\n<meta name=\"twitter:label1\" content=\"Est. tempo de leitura\" \/>\n\t<meta name=\"twitter:data1\" content=\"4 minutos\" \/>\n<script type=\"application\/ld+json\" class=\"yoast-schema-graph\">{\"@context\":\"https:\\\/\\\/schema.org\",\"@graph\":[{\"@type\":\"WebPage\",\"@id\":\"https:\\\/\\\/limamentor.com\\\/coffee-trip\\\/\",\"url\":\"https:\\\/\\\/limamentor.com\\\/coffee-trip\\\/\",\"name\":\"Viagem de caf\u00e9 | Lima Mentor\",\"isPartOf\":{\"@id\":\"https:\\\/\\\/limamentor.com\\\/es\\\/#website\"},\"primaryImageOfPage\":{\"@id\":\"https:\\\/\\\/limamentor.com\\\/coffee-trip\\\/#primaryimage\"},\"image\":{\"@id\":\"https:\\\/\\\/limamentor.com\\\/coffee-trip\\\/#primaryimage\"},\"thumbnailUrl\":\"https:\\\/\\\/limamentor.com\\\/wp-content\\\/uploads\\\/2024\\\/04\\\/pagina-nueva-005-768x580.jpeg\",\"datePublished\":\"2024-03-21T17:43:22+00:00\",\"dateModified\":\"2025-04-29T17:15:52+00:00\",\"breadcrumb\":{\"@id\":\"https:\\\/\\\/limamentor.com\\\/coffee-trip\\\/#breadcrumb\"},\"inLanguage\":\"pt-BR\",\"potentialAction\":[{\"@type\":\"ReadAction\",\"target\":[\"https:\\\/\\\/limamentor.com\\\/coffee-trip\\\/\"]}]},{\"@type\":\"ImageObject\",\"inLanguage\":\"pt-BR\",\"@id\":\"https:\\\/\\\/limamentor.com\\\/coffee-trip\\\/#primaryimage\",\"url\":\"https:\\\/\\\/limamentor.com\\\/wp-content\\\/uploads\\\/2024\\\/04\\\/pagina-nueva-005-768x580.jpeg\",\"contentUrl\":\"https:\\\/\\\/limamentor.com\\\/wp-content\\\/uploads\\\/2024\\\/04\\\/pagina-nueva-005-768x580.jpeg\"},{\"@type\":\"BreadcrumbList\",\"@id\":\"https:\\\/\\\/limamentor.com\\\/coffee-trip\\\/#breadcrumb\",\"itemListElement\":[{\"@type\":\"ListItem\",\"position\":1,\"name\":\"Home\",\"item\":\"https:\\\/\\\/limamentor.com\\\/\"},{\"@type\":\"ListItem\",\"position\":2,\"name\":\"Viagem de caf\u00e9\"}]},{\"@type\":\"WebSite\",\"@id\":\"https:\\\/\\\/limamentor.com\\\/es\\\/#website\",\"url\":\"https:\\\/\\\/limamentor.com\\\/es\\\/\",\"name\":\"Lima Mentor authentic experiences for you\",\"description\":\"LIMA MENTOR WEB\",\"publisher\":{\"@id\":\"https:\\\/\\\/limamentor.com\\\/es\\\/#organization\"},\"alternateName\":\"Sharing with you the best of the city of Lima, its sights, its culture and its tastes.\",\"potentialAction\":[{\"@type\":\"SearchAction\",\"target\":{\"@type\":\"EntryPoint\",\"urlTemplate\":\"https:\\\/\\\/limamentor.com\\\/es\\\/?s={search_term_string}\"},\"query-input\":{\"@type\":\"PropertyValueSpecification\",\"valueRequired\":true,\"valueName\":\"search_term_string\"}}],\"inLanguage\":\"pt-BR\"},{\"@type\":\"Organization\",\"@id\":\"https:\\\/\\\/limamentor.com\\\/es\\\/#organization\",\"name\":\"Lima Mentor\",\"alternateName\":\"Sharing with you the best of the city of Lima, its sights, its culture and its tastes.\",\"url\":\"https:\\\/\\\/limamentor.com\\\/es\\\/\",\"logo\":{\"@type\":\"ImageObject\",\"inLanguage\":\"pt-BR\",\"@id\":\"https:\\\/\\\/limamentor.com\\\/es\\\/#\\\/schema\\\/logo\\\/image\\\/\",\"url\":\"https:\\\/\\\/limamentor.com\\\/wp-content\\\/uploads\\\/2024\\\/03\\\/cropped-limamentorlogo.png\",\"contentUrl\":\"https:\\\/\\\/limamentor.com\\\/wp-content\\\/uploads\\\/2024\\\/03\\\/cropped-limamentorlogo.png\",\"width\":318,\"height\":92,\"caption\":\"Lima Mentor\"},\"image\":{\"@id\":\"https:\\\/\\\/limamentor.com\\\/es\\\/#\\\/schema\\\/logo\\\/image\\\/\"},\"sameAs\":[\"https:\\\/\\\/www.facebook.com\\\/limamentor\\\/?locale=es_LA\",\"https:\\\/\\\/www.instagram.com\\\/limamentor\\\/\"]}]}<\/script>\n<!-- \/ Yoast SEO plugin. -->","yoast_head_json":{"title":"Viagem de caf\u00e9 | Lima Mentor","robots":{"index":"index","follow":"follow","max-snippet":"max-snippet:-1","max-image-preview":"max-image-preview:large","max-video-preview":"max-video-preview:-1"},"canonical":"https:\/\/limamentor.com\/coffee-trip\/","og_locale":"pt_BR","og_type":"article","og_title":"Viagem de caf\u00e9 | Lima Mentor","og_description":"Viagem de caf\u00e9 O Peru \u00e9 considerado um dos poucos pa\u00edses que oferecem os caf\u00e9s org\u00e2nicos mais bem avaliados do mundo. Ja\u00e9n est\u00e1 localizada a uma m\u00e9dia de 800 m acima do n\u00edvel do mar (2.600 p\u00e9s), quase na fronteira com o Equador, com clima e caracter\u00edsticas perfeitos para planta\u00e7\u00f5es de caf\u00e9 e cacau, sendo [&hellip;]","og_url":"https:\/\/limamentor.com\/coffee-trip\/","og_site_name":"Lima Mentor","article_publisher":"https:\/\/www.facebook.com\/limamentor\/?locale=es_LA","article_modified_time":"2025-04-29T17:15:52+00:00","og_image":[{"width":1000,"height":580,"url":"https:\/\/limamentor.com\/wp-content\/uploads\/2024\/04\/pagina-nueva-005.jpeg","type":"image\/jpeg"}],"twitter_card":"summary_large_image","twitter_misc":{"Est. tempo de leitura":"4 minutos"},"schema":{"@context":"https:\/\/schema.org","@graph":[{"@type":"WebPage","@id":"https:\/\/limamentor.com\/coffee-trip\/","url":"https:\/\/limamentor.com\/coffee-trip\/","name":"Viagem de caf\u00e9 | Lima Mentor","isPartOf":{"@id":"https:\/\/limamentor.com\/es\/#website"},"primaryImageOfPage":{"@id":"https:\/\/limamentor.com\/coffee-trip\/#primaryimage"},"image":{"@id":"https:\/\/limamentor.com\/coffee-trip\/#primaryimage"},"thumbnailUrl":"https:\/\/limamentor.com\/wp-content\/uploads\/2024\/04\/pagina-nueva-005-768x580.jpeg","datePublished":"2024-03-21T17:43:22+00:00","dateModified":"2025-04-29T17:15:52+00:00","breadcrumb":{"@id":"https:\/\/limamentor.com\/coffee-trip\/#breadcrumb"},"inLanguage":"pt-BR","potentialAction":[{"@type":"ReadAction","target":["https:\/\/limamentor.com\/coffee-trip\/"]}]},{"@type":"ImageObject","inLanguage":"pt-BR","@id":"https:\/\/limamentor.com\/coffee-trip\/#primaryimage","url":"https:\/\/limamentor.com\/wp-content\/uploads\/2024\/04\/pagina-nueva-005-768x580.jpeg","contentUrl":"https:\/\/limamentor.com\/wp-content\/uploads\/2024\/04\/pagina-nueva-005-768x580.jpeg"},{"@type":"BreadcrumbList","@id":"https:\/\/limamentor.com\/coffee-trip\/#breadcrumb","itemListElement":[{"@type":"ListItem","position":1,"name":"Home","item":"https:\/\/limamentor.com\/"},{"@type":"ListItem","position":2,"name":"Viagem de caf\u00e9"}]},{"@type":"WebSite","@id":"https:\/\/limamentor.com\/es\/#website","url":"https:\/\/limamentor.com\/es\/","name":"Lima Mentor authentic experiences for you","description":"LIMA MENTOR WEB","publisher":{"@id":"https:\/\/limamentor.com\/es\/#organization"},"alternateName":"Sharing with you the best of the city of Lima, its sights, its culture and its tastes.","potentialAction":[{"@type":"SearchAction","target":{"@type":"EntryPoint","urlTemplate":"https:\/\/limamentor.com\/es\/?s={search_term_string}"},"query-input":{"@type":"PropertyValueSpecification","valueRequired":true,"valueName":"search_term_string"}}],"inLanguage":"pt-BR"},{"@type":"Organization","@id":"https:\/\/limamentor.com\/es\/#organization","name":"Lima Mentor","alternateName":"Sharing with you the best of the city of Lima, its sights, its culture and its tastes.","url":"https:\/\/limamentor.com\/es\/","logo":{"@type":"ImageObject","inLanguage":"pt-BR","@id":"https:\/\/limamentor.com\/es\/#\/schema\/logo\/image\/","url":"https:\/\/limamentor.com\/wp-content\/uploads\/2024\/03\/cropped-limamentorlogo.png","contentUrl":"https:\/\/limamentor.com\/wp-content\/uploads\/2024\/03\/cropped-limamentorlogo.png","width":318,"height":92,"caption":"Lima Mentor"},"image":{"@id":"https:\/\/limamentor.com\/es\/#\/schema\/logo\/image\/"},"sameAs":["https:\/\/www.facebook.com\/limamentor\/?locale=es_LA","https:\/\/www.instagram.com\/limamentor\/"]}]}},"_links":{"self":[{"href":"https:\/\/limamentor.com\/pt-br\/wp-json\/wp\/v2\/pages\/13776","targetHints":{"allow":["GET"]}}],"collection":[{"href":"https:\/\/limamentor.com\/pt-br\/wp-json\/wp\/v2\/pages"}],"about":[{"href":"https:\/\/limamentor.com\/pt-br\/wp-json\/wp\/v2\/types\/page"}],"author":[{"embeddable":true,"href":"https:\/\/limamentor.com\/pt-br\/wp-json\/wp\/v2\/users\/1"}],"replies":[{"embeddable":true,"href":"https:\/\/limamentor.com\/pt-br\/wp-json\/wp\/v2\/comments?post=13776"}],"version-history":[{"count":4,"href":"https:\/\/limamentor.com\/pt-br\/wp-json\/wp\/v2\/pages\/13776\/revisions"}],"predecessor-version":[{"id":14668,"href":"https:\/\/limamentor.com\/pt-br\/wp-json\/wp\/v2\/pages\/13776\/revisions\/14668"}],"wp:attachment":[{"href":"https:\/\/limamentor.com\/pt-br\/wp-json\/wp\/v2\/media?parent=13776"}],"curies":[{"name":"wp","href":"https:\/\/api.w.org\/{rel}","templated":true}]}}