{"id":14779,"date":"2025-05-08T16:13:32","date_gmt":"2025-05-08T16:13:32","guid":{"rendered":"https:\/\/limamentor.com\/?page_id=14779"},"modified":"2025-05-08T16:13:33","modified_gmt":"2025-05-08T16:13:33","slug":"termos-e-condicoes-2","status":"publish","type":"page","link":"https:\/\/limamentor.com\/pt-br\/termos-e-condicoes-2\/","title":{"rendered":"Termos e condi\u00e7\u00f5es"},"content":{"rendered":"\t\t<div data-elementor-type=\"wp-page\" data-elementor-id=\"14779\" class=\"elementor elementor-14779 elementor-14775\" data-elementor-post-type=\"page\">\n\t\t\t\t<div class=\"elementor-element elementor-element-4879ca7f e-flex e-con-boxed e-con e-parent\" data-id=\"4879ca7f\" data-element_type=\"container\" data-e-type=\"container\">\n\t\t\t\t\t<div class=\"e-con-inner\">\n\t\t\t\t<div class=\"elementor-element elementor-element-75125104 elementor-widget elementor-widget-text-editor\" data-id=\"75125104\" data-element_type=\"widget\" data-e-type=\"widget\" data-widget_type=\"text-editor.default\">\n\t\t\t\t<div class=\"elementor-widget-container\">\n\t\t\t\t\t\t\t\t\t<h1><strong>POL\u00cdTICAS DE PAGAMENTO E CANCELAMENTO<\/strong><\/h1><h2><strong>GERAL<\/strong><\/h2><p>Qualquer aumento no pre\u00e7o do trem, passagens a\u00e9reas e taxas de entrada entre a data de confirma\u00e7\u00e3o e as datas da viagem ser\u00e1 repassado ao cliente.\nEntenda que h\u00e1 certos riscos envolvidos em f\u00e9rias de aventura, que voc\u00ea deve aceitar por sua pr\u00f3pria conta e risco.\nA Empresa n\u00e3o ser\u00e1 respons\u00e1vel por qualquer doen\u00e7a, les\u00e3o ou morte ocorrida durante uma caminhada ou qualquer parte das f\u00e9rias, nem ser\u00e1 respons\u00e1vel por qualquer perda n\u00e3o segurada de sua propriedade.\nPara isso, recomendamos que voc\u00ea contrate um seguro de viagem de cancelamento.   <\/p><ol><li><h3><strong>PAGAMENTOS<\/strong><\/h3><\/li><\/ol><p>AJUSTES: Um dep\u00f3sito de US$ 300 por passageiro dever\u00e1 ser pago ap\u00f3s a confirma\u00e7\u00e3o da sua viagem para que voc\u00ea possa reservar e pagar antecipadamente os assentos do trem\/trilha Inca\/taxas de entrada para Machu Picchu.\nSe voc\u00ea tamb\u00e9m estiver reservando passagens a\u00e9reas conosco, tamb\u00e9m exigimos o valor total dos pre\u00e7os das passagens a\u00e9reas.\nSe voc\u00ea estiver reservando um cruzeiro na Amaz\u00f4nia, tamb\u00e9m exigimos outro dep\u00f3sito de US$ 500 por passageiro.\nO pagamento final deve ser recebido     <strong>voc\u00ea deve receber o pagamento final do cruzeiro amaz\u00f4nico at\u00e9 30 dias antes do in\u00edcio da viagem.\nO pagamento final do cruzeiro pela Amaz\u00f4nia deve ser recebido 90 dias antes do in\u00edcio do cruzeiro <\/strong>.\nBookings made within 30 days of travel require full payment on confirmation. <\/p><p>GRUPOS: Um dep\u00f3sito de US$ 150 por passageiro dever\u00e1 ser pago ap\u00f3s a confirma\u00e7\u00e3o da sua viagem para que voc\u00ea possa reservar e pagar antecipadamente os assentos do trem\/permiss\u00f5es da Trilha Inca.\nSe voc\u00ea tamb\u00e9m estiver reservando passagens a\u00e9reas conosco, tamb\u00e9m exigimos o valor total dos pre\u00e7os das passagens a\u00e9reas.\nO pagamento final deve ser recebido no m\u00e1ximo <strong>60 dias antes do in\u00edcio da viagem<\/strong>.\nAs reservas feitas at\u00e9 60 dias antes da viagem exigem o pagamento integral na confirma\u00e7\u00e3o.   <\/p><ol start=\"2\"><li><h3><strong>CANCELAMENTOS E ALTERA\u00c7\u00d5ES<\/strong><\/h3><\/li><\/ol><p>A Lima Mentor far\u00e1 todo o poss\u00edvel para ajud\u00e1-lo caso voc\u00ea deseje alterar suas provid\u00eancias nos est\u00e1gios de planejamento da viagem e durante as f\u00e9rias.\nNo entanto, todas as novas cobran\u00e7as correspondentes aos novos servi\u00e7os necess\u00e1rios ser\u00e3o repassadas a voc\u00ea e n\u00e3o haver\u00e1 reembolso pelos servi\u00e7os n\u00e3o utilizados. <\/p><p>Se, durante a viagem, voc\u00ea decidir cancelar parte ou toda a viagem ou alterar toda a rota, n\u00e3o haver\u00e1 reembolso.\nAbaixo voc\u00ea encontrar\u00e1 uma tabela que detalha a porcentagem a ser reembolsada em caso de cancelamento por voc\u00ea. <\/p><p>FITS<\/p><table><tbody><tr><td width=\"133\"><strong>Dias antes do in\u00edcio da viagem<\/strong><\/td><td width=\"299\"><strong>% para reembolso<\/strong><\/td><\/tr><tr><td width=\"133\">Mais de 30 dias<\/td><td width=\"299\">100% menos os custos administrativos de reembolso das passagens de trem<\/td><\/tr><tr><td width=\"133\">Entre 30 e 15 dias<\/td><td width=\"299\">50%<\/td><\/tr><tr><td width=\"133\">Menos de 15 dias<\/td><td width=\"299\">0%<\/td><\/tr><\/tbody><\/table><p>GRUPOS<\/p><table><tbody><tr><td width=\"133\"><strong>Dias antes do in\u00edcio da viagem<\/strong><\/td><td width=\"299\"><strong>% para reembolso<\/strong><\/td><\/tr><tr><td width=\"133\">Mais de 60 dias<\/td><td width=\"299\">100% menos os custos administrativos de reembolso das passagens de trem<\/td><\/tr><tr><td width=\"133\">Entre 60 e 30 dias<\/td><td width=\"299\">50%<\/td><\/tr><tr><td width=\"133\">Entre 30 e 15 dias<\/td><td width=\"299\">25%<\/td><\/tr><tr><td width=\"133\">Menos de 15 dias<\/td><td width=\"299\">0%<\/td><\/tr><\/tbody><\/table><p>*As taxas de entrada para a Trilha Inca n\u00e3o s\u00e3o reembols\u00e1veis.<\/p><p>Em circunst\u00e2ncias muito raras, a Lima Mentor pode ter que modificar um feriado confirmado antes de voc\u00ea partir. Se a modifica\u00e7\u00e3o for significativa (ou seja, se for uma altera\u00e7\u00e3o do tempo de voo em mais de 12 horas, uma mudan\u00e7a de aeroporto, etc.), voc\u00ea poder\u00e1 ter que pagar uma taxa de servi\u00e7o.  [except between airports serving the same city], a change of destination or a change to a lower standard of accommodation), Lima Mentor will notify you as soon as practicably possible and offer you two choices: to cancel the trip or part of the trip and receive a full and prompt refund of the unused services, or to accept the alternative, and in case of a change to a lower standard of accommodation to receive a refund for the difference amount between unused and lower accommodation.<\/p><p><em>For\u00e7a maior <\/em>significa circunst\u00e2ncias incomuns e imprevis\u00edveis fora do controle da Empresa, cujas consequ\u00eancias nem a Empresa nem seus fornecedores poderiam evitar, incluindo, entre outros, guerra, amea\u00e7a de guerra, tumulto, conflito civil, atividade terrorista (real ou amea\u00e7ada), disputa industrial, problemas t\u00e9cnicos com transporte, maquin\u00e1rio ou equipamento, falta de energia, desastre natural ou nuclear, inc\u00eandio, inunda\u00e7\u00e3o, seca, condi\u00e7\u00f5es clim\u00e1ticas adversas e n\u00edvel de \u00e1gua nos rios. Se, como resultado de for\u00e7a maior, a Lima Mentor n\u00e3o puder fornecer uma parte de suas f\u00e9rias ap\u00f3s o in\u00edcio e for necess\u00e1rio tomar provid\u00eancias alternativas, os passageiros ter\u00e3o que arcar com o custo dessas provid\u00eancias. Em nenhuma circunst\u00e2ncia, a Lima Mentor oferecer\u00e1 reembolsos para cancelamentos em caso de &#8220;For\u00e7a Maior&#8221;.<\/p>\t\t\t\t\t\t\t\t<\/div>\n\t\t\t\t<\/div>\n\t\t\t\t\t<\/div>\n\t\t\t\t<\/div>\n\t\t\t\t<\/div>\n\t\t","protected":false},"excerpt":{"rendered":"<p>POL\u00cdTICAS DE PAGAMENTO E CANCELAMENTO GERAL Qualquer aumento no pre\u00e7o do trem, passagens a\u00e9reas e taxas de entrada entre a data de confirma\u00e7\u00e3o e as datas da viagem ser\u00e1 repassado ao cliente. Entenda que h\u00e1 certos riscos envolvidos em f\u00e9rias de aventura, que voc\u00ea deve aceitar por sua pr\u00f3pria conta e risco. A Empresa n\u00e3o [&hellip;]<\/p>\n","protected":false},"author":5,"featured_media":0,"parent":0,"menu_order":0,"comment_status":"closed","ping_status":"closed","template":"elementor_header_footer","meta":{"nf_dc_page":"","inline_featured_image":false,"footnotes":""},"class_list":["post-14779","page","type-page","status-publish","hentry"],"yoast_head":"<!-- This site is optimized with the Yoast SEO plugin v27.4 - https:\/\/yoast.com\/product\/yoast-seo-wordpress\/ -->\n<title>Termos e condi\u00e7\u00f5es | Lima Mentor<\/title>\n<meta name=\"robots\" content=\"index, follow, max-snippet:-1, max-image-preview:large, max-video-preview:-1\" \/>\n<link rel=\"canonical\" href=\"https:\/\/limamentor.com\/pt-br\/termos-e-condicoes-2\/\" \/>\n<meta property=\"og:locale\" content=\"pt_BR\" \/>\n<meta property=\"og:type\" content=\"article\" \/>\n<meta property=\"og:title\" content=\"Termos e condi\u00e7\u00f5es | Lima Mentor\" \/>\n<meta property=\"og:description\" content=\"POL\u00cdTICAS DE PAGAMENTO E CANCELAMENTO GERAL Qualquer aumento no pre\u00e7o do trem, passagens a\u00e9reas e taxas de entrada entre a data de confirma\u00e7\u00e3o e as datas da viagem ser\u00e1 repassado ao cliente. Entenda que h\u00e1 certos riscos envolvidos em f\u00e9rias de aventura, que voc\u00ea deve aceitar por sua pr\u00f3pria conta e risco. A Empresa n\u00e3o [&hellip;]\" \/>\n<meta property=\"og:url\" content=\"https:\/\/limamentor.com\/pt-br\/termos-e-condicoes-2\/\" \/>\n<meta property=\"og:site_name\" content=\"Lima Mentor\" \/>\n<meta property=\"article:publisher\" content=\"https:\/\/www.facebook.com\/limamentor\/?locale=es_LA\" \/>\n<meta property=\"article:modified_time\" content=\"2025-05-08T16:13:33+00:00\" \/>\n<meta property=\"og:image\" content=\"https:\/\/limamentor.com\/wp-content\/uploads\/2024\/03\/cropped-limamentorlogo.png\" \/>\n\t<meta property=\"og:image:width\" content=\"318\" \/>\n\t<meta property=\"og:image:height\" content=\"92\" \/>\n\t<meta property=\"og:image:type\" content=\"image\/png\" \/>\n<meta name=\"twitter:card\" content=\"summary_large_image\" \/>\n<meta name=\"twitter:label1\" content=\"Est. tempo de leitura\" \/>\n\t<meta name=\"twitter:data1\" content=\"4 minutos\" \/>\n<script type=\"application\/ld+json\" class=\"yoast-schema-graph\">{\"@context\":\"https:\\\/\\\/schema.org\",\"@graph\":[{\"@type\":\"WebPage\",\"@id\":\"https:\\\/\\\/limamentor.com\\\/pt-br\\\/termos-e-condicoes-2\\\/\",\"url\":\"https:\\\/\\\/limamentor.com\\\/pt-br\\\/termos-e-condicoes-2\\\/\",\"name\":\"Termos e condi\u00e7\u00f5es | Lima Mentor\",\"isPartOf\":{\"@id\":\"https:\\\/\\\/limamentor.com\\\/es\\\/#website\"},\"datePublished\":\"2025-05-08T16:13:32+00:00\",\"dateModified\":\"2025-05-08T16:13:33+00:00\",\"breadcrumb\":{\"@id\":\"https:\\\/\\\/limamentor.com\\\/pt-br\\\/termos-e-condicoes-2\\\/#breadcrumb\"},\"inLanguage\":\"pt-BR\",\"potentialAction\":[{\"@type\":\"ReadAction\",\"target\":[\"https:\\\/\\\/limamentor.com\\\/pt-br\\\/termos-e-condicoes-2\\\/\"]}]},{\"@type\":\"BreadcrumbList\",\"@id\":\"https:\\\/\\\/limamentor.com\\\/pt-br\\\/termos-e-condicoes-2\\\/#breadcrumb\",\"itemListElement\":[{\"@type\":\"ListItem\",\"position\":1,\"name\":\"Home\",\"item\":\"https:\\\/\\\/limamentor.com\\\/\"},{\"@type\":\"ListItem\",\"position\":2,\"name\":\"Termos e condi\u00e7\u00f5es\"}]},{\"@type\":\"WebSite\",\"@id\":\"https:\\\/\\\/limamentor.com\\\/es\\\/#website\",\"url\":\"https:\\\/\\\/limamentor.com\\\/es\\\/\",\"name\":\"Lima Mentor authentic experiences for you\",\"description\":\"LIMA MENTOR WEB\",\"publisher\":{\"@id\":\"https:\\\/\\\/limamentor.com\\\/es\\\/#organization\"},\"alternateName\":\"Sharing with you the best of the city of Lima, its sights, its culture and its tastes.\",\"potentialAction\":[{\"@type\":\"SearchAction\",\"target\":{\"@type\":\"EntryPoint\",\"urlTemplate\":\"https:\\\/\\\/limamentor.com\\\/es\\\/?s={search_term_string}\"},\"query-input\":{\"@type\":\"PropertyValueSpecification\",\"valueRequired\":true,\"valueName\":\"search_term_string\"}}],\"inLanguage\":\"pt-BR\"},{\"@type\":\"Organization\",\"@id\":\"https:\\\/\\\/limamentor.com\\\/es\\\/#organization\",\"name\":\"Lima Mentor\",\"alternateName\":\"Sharing with you the best of the city of Lima, its sights, its culture and its tastes.\",\"url\":\"https:\\\/\\\/limamentor.com\\\/es\\\/\",\"logo\":{\"@type\":\"ImageObject\",\"inLanguage\":\"pt-BR\",\"@id\":\"https:\\\/\\\/limamentor.com\\\/es\\\/#\\\/schema\\\/logo\\\/image\\\/\",\"url\":\"https:\\\/\\\/limamentor.com\\\/wp-content\\\/uploads\\\/2024\\\/03\\\/cropped-limamentorlogo.png\",\"contentUrl\":\"https:\\\/\\\/limamentor.com\\\/wp-content\\\/uploads\\\/2024\\\/03\\\/cropped-limamentorlogo.png\",\"width\":318,\"height\":92,\"caption\":\"Lima Mentor\"},\"image\":{\"@id\":\"https:\\\/\\\/limamentor.com\\\/es\\\/#\\\/schema\\\/logo\\\/image\\\/\"},\"sameAs\":[\"https:\\\/\\\/www.facebook.com\\\/limamentor\\\/?locale=es_LA\",\"https:\\\/\\\/www.instagram.com\\\/limamentor\\\/\"]}]}<\/script>\n<!-- \/ Yoast SEO plugin. -->","yoast_head_json":{"title":"Termos e condi\u00e7\u00f5es | Lima Mentor","robots":{"index":"index","follow":"follow","max-snippet":"max-snippet:-1","max-image-preview":"max-image-preview:large","max-video-preview":"max-video-preview:-1"},"canonical":"https:\/\/limamentor.com\/pt-br\/termos-e-condicoes-2\/","og_locale":"pt_BR","og_type":"article","og_title":"Termos e condi\u00e7\u00f5es | Lima Mentor","og_description":"POL\u00cdTICAS DE PAGAMENTO E CANCELAMENTO GERAL Qualquer aumento no pre\u00e7o do trem, passagens a\u00e9reas e taxas de entrada entre a data de confirma\u00e7\u00e3o e as datas da viagem ser\u00e1 repassado ao cliente. Entenda que h\u00e1 certos riscos envolvidos em f\u00e9rias de aventura, que voc\u00ea deve aceitar por sua pr\u00f3pria conta e risco. A Empresa n\u00e3o [&hellip;]","og_url":"https:\/\/limamentor.com\/pt-br\/termos-e-condicoes-2\/","og_site_name":"Lima Mentor","article_publisher":"https:\/\/www.facebook.com\/limamentor\/?locale=es_LA","article_modified_time":"2025-05-08T16:13:33+00:00","og_image":[{"width":318,"height":92,"url":"https:\/\/limamentor.com\/wp-content\/uploads\/2024\/03\/cropped-limamentorlogo.png","type":"image\/png"}],"twitter_card":"summary_large_image","twitter_misc":{"Est. tempo de leitura":"4 minutos"},"schema":{"@context":"https:\/\/schema.org","@graph":[{"@type":"WebPage","@id":"https:\/\/limamentor.com\/pt-br\/termos-e-condicoes-2\/","url":"https:\/\/limamentor.com\/pt-br\/termos-e-condicoes-2\/","name":"Termos e condi\u00e7\u00f5es | Lima Mentor","isPartOf":{"@id":"https:\/\/limamentor.com\/es\/#website"},"datePublished":"2025-05-08T16:13:32+00:00","dateModified":"2025-05-08T16:13:33+00:00","breadcrumb":{"@id":"https:\/\/limamentor.com\/pt-br\/termos-e-condicoes-2\/#breadcrumb"},"inLanguage":"pt-BR","potentialAction":[{"@type":"ReadAction","target":["https:\/\/limamentor.com\/pt-br\/termos-e-condicoes-2\/"]}]},{"@type":"BreadcrumbList","@id":"https:\/\/limamentor.com\/pt-br\/termos-e-condicoes-2\/#breadcrumb","itemListElement":[{"@type":"ListItem","position":1,"name":"Home","item":"https:\/\/limamentor.com\/"},{"@type":"ListItem","position":2,"name":"Termos e condi\u00e7\u00f5es"}]},{"@type":"WebSite","@id":"https:\/\/limamentor.com\/es\/#website","url":"https:\/\/limamentor.com\/es\/","name":"Lima Mentor authentic experiences for you","description":"LIMA MENTOR WEB","publisher":{"@id":"https:\/\/limamentor.com\/es\/#organization"},"alternateName":"Sharing with you the best of the city of Lima, its sights, its culture and its tastes.","potentialAction":[{"@type":"SearchAction","target":{"@type":"EntryPoint","urlTemplate":"https:\/\/limamentor.com\/es\/?s={search_term_string}"},"query-input":{"@type":"PropertyValueSpecification","valueRequired":true,"valueName":"search_term_string"}}],"inLanguage":"pt-BR"},{"@type":"Organization","@id":"https:\/\/limamentor.com\/es\/#organization","name":"Lima Mentor","alternateName":"Sharing with you the best of the city of Lima, its sights, its culture and its tastes.","url":"https:\/\/limamentor.com\/es\/","logo":{"@type":"ImageObject","inLanguage":"pt-BR","@id":"https:\/\/limamentor.com\/es\/#\/schema\/logo\/image\/","url":"https:\/\/limamentor.com\/wp-content\/uploads\/2024\/03\/cropped-limamentorlogo.png","contentUrl":"https:\/\/limamentor.com\/wp-content\/uploads\/2024\/03\/cropped-limamentorlogo.png","width":318,"height":92,"caption":"Lima Mentor"},"image":{"@id":"https:\/\/limamentor.com\/es\/#\/schema\/logo\/image\/"},"sameAs":["https:\/\/www.facebook.com\/limamentor\/?locale=es_LA","https:\/\/www.instagram.com\/limamentor\/"]}]}},"_links":{"self":[{"href":"https:\/\/limamentor.com\/pt-br\/wp-json\/wp\/v2\/pages\/14779","targetHints":{"allow":["GET"]}}],"collection":[{"href":"https:\/\/limamentor.com\/pt-br\/wp-json\/wp\/v2\/pages"}],"about":[{"href":"https:\/\/limamentor.com\/pt-br\/wp-json\/wp\/v2\/types\/page"}],"author":[{"embeddable":true,"href":"https:\/\/limamentor.com\/pt-br\/wp-json\/wp\/v2\/users\/5"}],"replies":[{"embeddable":true,"href":"https:\/\/limamentor.com\/pt-br\/wp-json\/wp\/v2\/comments?post=14779"}],"version-history":[{"count":1,"href":"https:\/\/limamentor.com\/pt-br\/wp-json\/wp\/v2\/pages\/14779\/revisions"}],"predecessor-version":[{"id":14783,"href":"https:\/\/limamentor.com\/pt-br\/wp-json\/wp\/v2\/pages\/14779\/revisions\/14783"}],"wp:attachment":[{"href":"https:\/\/limamentor.com\/pt-br\/wp-json\/wp\/v2\/media?parent=14779"}],"curies":[{"name":"wp","href":"https:\/\/api.w.org\/{rel}","templated":true}]}}